{"id":17264,"date":"2024-09-15T07:17:34","date_gmt":"2024-09-15T07:17:34","guid":{"rendered":"https:\/\/www.nogometnionline.com\/?post_type=product&#038;p=17264"},"modified":"2024-09-15T07:17:39","modified_gmt":"2024-09-15T07:17:39","slug":"moski-nogometni-dresi-reprezentance-kolumbija-domaci-copa-america-2024-james-rodriguez-10","status":"publish","type":"product","link":"https:\/\/www.nogometnizaotroke.com\/ro\/product\/moski-nogometni-dresi-reprezentance-kolumbija-domaci-copa-america-2024-james-rodriguez-10\/","title":{"rendered":"Mo\u0161ki Nogometni dresi reprezentance Kolumbija Doma\u010di Copa America 2024 James Rodriguez 10"},"content":{"rendered":"<p>Doma\u010da majica Kolumbija 2024 je poklon feniksovim krilom. Svetlo rumeno podno\u017eje gosti podrobne oran\u017ene obloge \u2013 zadevna krila \u2013 ki potujejo do hrbtne strani. Logotip je temno modre barve, ki se lepo ujema z modrimi kratkimi hla\u010dami za popoln komplet. Nov doma\u010di dres bodo nosili na prihajajo\u010dem Copa America 2024.<\/p>\n<p>Sfaturi pentru \u0219osete: tricoul nu include \u0219osete \u00een mod implicit. Dac\u0103 dori\u021bi \u0219osete, selecta\u021bi op\u021biunile pentru \u0219osete pentru a pl\u0103ti pentru ele.<\/p>\n<p>Sfat de imprimare: Dac\u0103 numele \u0219i num\u0103rul din imagine sunt exact ceea ce dori\u021bi, nu trebuie s\u0103 le introduce\u021bi din nou. Dac\u0103 nu este a\u0219a, introduce\u021bi numele \u0219i num\u0103rul dorite.<\/p>\n<p>Sfat de sp\u0103lare: Se recomand\u0103 sp\u0103larea manual\u0103 a tricourilor de fotbal. Dac\u0103 dori\u021bi s\u0103 utiliza\u021bi o ma\u0219in\u0103 de sp\u0103lat, nu uita\u021bi s\u0103 \u00eentoarce\u021bi tricoul \u0219i apoi s\u0103-l sp\u0103la\u021bi. \u0218i umple\u021bi ma\u0219ina cu ap\u0103 rece \u0219i folosi\u021bi un ciclu de sp\u0103lare delicat pentru a proteja mai mult culorile.<\/p>","protected":false},"excerpt":{"rendered":"<p>Doma\u010da majica Kolumbija 2024 je poklon feniksovim krilom. Svetlo rumeno podno\u017eje gosti podrobne oran\u017ene obloge \u2013 zadevna krila \u2013 ki potujejo do hrbtne strani. Logotip je temno modre barve, ki se lepo ujema z modrimi kratkimi hla\u010dami za popoln komplet. Nov doma\u010di dres bodo nosili na prihajajo\u010dem Copa America 2024. Nasveti za nogavice: Majica ne [&hellip;]<\/p>","protected":false},"featured_media":17266,"comment_status":"open","ping_status":"closed","template":"","meta":[],"product_brand":[],"product_cat":[140,83],"product_tag":[847,1342,848,150,153,1338,1343,148,1344,1337,147],"class_list":{"0":"post-17264","1":"product","2":"type-product","3":"status-publish","4":"has-post-thumbnail","6":"product_cat-moski","7":"product_cat-dresi-kolumbija-reprezentance","8":"product_tag-copa-america-2024","9":"product_tag-james-rodriguez-dresi","10":"product_tag-kolumbija-copa-america-2024-dresi","11":"product_tag-moski-nogometni-dresi","12":"product_tag-nogometni-dresi","13":"product_tag-nogometni-dresi-kolumbija-z-lastnim-imenom","14":"product_tag-otroske-nogometni-dresi-james-rodriguez","15":"product_tag-poceni-nogometni-dresi","16":"product_tag-poceni-nogometni-dresi-james-rodriguez","17":"product_tag-poceni-nogometni-dresi-kolumbija","18":"product_tag-slovenski-nogometni-dresi","20":"first","21":"instock","22":"shipping-taxable","23":"purchasable","24":"product-type-variable"},"_links":{"self":[{"href":"https:\/\/www.nogometnizaotroke.com\/ro\/wp-json\/wp\/v2\/product\/17264","targetHints":{"allow":["GET"]}}],"collection":[{"href":"https:\/\/www.nogometnizaotroke.com\/ro\/wp-json\/wp\/v2\/product"}],"about":[{"href":"https:\/\/www.nogometnizaotroke.com\/ro\/wp-json\/wp\/v2\/types\/product"}],"replies":[{"embeddable":true,"href":"https:\/\/www.nogometnizaotroke.com\/ro\/wp-json\/wp\/v2\/comments?post=17264"}],"wp:featuredmedia":[{"embeddable":true,"href":"https:\/\/www.nogometnizaotroke.com\/ro\/wp-json\/wp\/v2\/media\/17266"}],"wp:attachment":[{"href":"https:\/\/www.nogometnizaotroke.com\/ro\/wp-json\/wp\/v2\/media?parent=17264"}],"wp:term":[{"taxonomy":"product_brand","embeddable":true,"href":"https:\/\/www.nogometnizaotroke.com\/ro\/wp-json\/wp\/v2\/product_brand?post=17264"},{"taxonomy":"product_cat","embeddable":true,"href":"https:\/\/www.nogometnizaotroke.com\/ro\/wp-json\/wp\/v2\/product_cat?post=17264"},{"taxonomy":"product_tag","embeddable":true,"href":"https:\/\/www.nogometnizaotroke.com\/ro\/wp-json\/wp\/v2\/product_tag?post=17264"}],"curies":[{"name":"wp","href":"https:\/\/api.w.org\/{rel}","templated":true}]}}