{"id":17051,"date":"2024-09-10T03:18:50","date_gmt":"2024-09-10T03:18:50","guid":{"rendered":"https:\/\/www.nogometnionline.com\/?post_type=product&#038;p=17051"},"modified":"2024-09-10T03:18:55","modified_gmt":"2024-09-10T03:18:55","slug":"moski-nogometni-dresi-kompleti-reprezentance-anglija-gostujoci-euro-2024-jordan-pickford-1","status":"publish","type":"product","link":"https:\/\/www.nogometnizaotroke.com\/ro\/product\/moski-nogometni-dresi-kompleti-reprezentance-anglija-gostujoci-euro-2024-jordan-pickford-1\/","title":{"rendered":"Echipa nationala de barbati Anglia Jerseuri departe kituri Euro 2024 Jordan Pickford 1"},"content":{"rendered":"<p>Tricoul de deplasare Anglia 2024\/25 are o abordare \u00eendr\u0103znea\u021b\u0103 prin reimaginarea tricourilor emblematice ale echipei na\u021bionale cu o \u00eentors\u0103tur\u0103 r\u0103coritoare. Spre deosebire de normele tradi\u021bionale, tricoul de deplasare este decorat \u00eentr-o nuan\u021b\u0103 atr\u0103g\u0103toare de violet, simboliz\u00e2nd spiritul t\u00e2n\u0103r \u0219i energic care p\u0103trunde at\u00e2t pe teren, c\u00e2t \u0219i \u00een afara lui.<\/p>\n<p>Sfaturi pentru \u0219osete: tricoul nu include \u0219osete \u00een mod implicit. Dac\u0103 dori\u021bi \u0219osete, selecta\u021bi op\u021biunile pentru \u0219osete pentru a pl\u0103ti pentru ele.<\/p>\n<p>Sfat de imprimare: Dac\u0103 numele \u0219i num\u0103rul din imagine sunt exact ceea ce dori\u021bi, nu trebuie s\u0103 le introduce\u021bi din nou. Dac\u0103 nu este a\u0219a, introduce\u021bi numele \u0219i num\u0103rul dorite.<\/p>\n<p>Sfat de sp\u0103lare: Se recomand\u0103 sp\u0103larea manual\u0103 a tricourilor de fotbal. Dac\u0103 dori\u021bi s\u0103 utiliza\u021bi o ma\u0219in\u0103 de sp\u0103lat, nu uita\u021bi s\u0103 \u00eentoarce\u021bi tricoul \u0219i apoi s\u0103-l sp\u0103la\u021bi. \u0218i umple\u021bi ma\u0219ina cu ap\u0103 rece \u0219i folosi\u021bi un ciclu de sp\u0103lare delicat pentru a proteja mai mult culorile.<\/p>","protected":false},"excerpt":{"rendered":"<p>Gostujo\u010di dres Anglije 2024\/25 ima drzen pristop s preoblikovanjem ikoni\u010dnih reprezentan\u010dnih kompletov z osve\u017eujo\u010dim pridihom. Za razliko od tradicionalnih norm je majica za goste okra\u0161ena v privla\u010dnem vijoli\u010dnem odtenku, ki simbolizira mladosten in energi\u010den duh, ki pre\u017eema tako na igri\u0161\u010du kot izven njega. Nasveti za nogavice: Majica ne vsebuje nogavic privzeto. \u010ce \u017eelite nogavice, izberite [&hellip;]<\/p>","protected":false},"featured_media":17053,"comment_status":"open","ping_status":"closed","template":"","meta":[],"product_brand":[],"product_cat":[778,140,79],"product_tag":[785,1317,150,153,1318,148,147],"class_list":{"0":"post-17051","1":"product","2":"type-product","3":"status-publish","4":"has-post-thumbnail","6":"product_cat-euro-2024","7":"product_cat-moski","8":"product_cat-dresi-anglija-reprezentance","9":"product_tag-anglija-euro-2024-dresi","10":"product_tag-jordan-pickford-dresi","11":"product_tag-moski-nogometni-dresi","12":"product_tag-nogometni-dresi","13":"product_tag-nogometni-dresi-za-nogomet","14":"product_tag-poceni-nogometni-dresi","15":"product_tag-slovenski-nogometni-dresi","17":"first","18":"instock","19":"shipping-taxable","20":"purchasable","21":"product-type-variable"},"_links":{"self":[{"href":"https:\/\/www.nogometnizaotroke.com\/ro\/wp-json\/wp\/v2\/product\/17051","targetHints":{"allow":["GET"]}}],"collection":[{"href":"https:\/\/www.nogometnizaotroke.com\/ro\/wp-json\/wp\/v2\/product"}],"about":[{"href":"https:\/\/www.nogometnizaotroke.com\/ro\/wp-json\/wp\/v2\/types\/product"}],"replies":[{"embeddable":true,"href":"https:\/\/www.nogometnizaotroke.com\/ro\/wp-json\/wp\/v2\/comments?post=17051"}],"wp:featuredmedia":[{"embeddable":true,"href":"https:\/\/www.nogometnizaotroke.com\/ro\/wp-json\/wp\/v2\/media\/17053"}],"wp:attachment":[{"href":"https:\/\/www.nogometnizaotroke.com\/ro\/wp-json\/wp\/v2\/media?parent=17051"}],"wp:term":[{"taxonomy":"product_brand","embeddable":true,"href":"https:\/\/www.nogometnizaotroke.com\/ro\/wp-json\/wp\/v2\/product_brand?post=17051"},{"taxonomy":"product_cat","embeddable":true,"href":"https:\/\/www.nogometnizaotroke.com\/ro\/wp-json\/wp\/v2\/product_cat?post=17051"},{"taxonomy":"product_tag","embeddable":true,"href":"https:\/\/www.nogometnizaotroke.com\/ro\/wp-json\/wp\/v2\/product_tag?post=17051"}],"curies":[{"name":"wp","href":"https:\/\/api.w.org\/{rel}","templated":true}]}}