{"id":16867,"date":"2024-09-06T03:19:44","date_gmt":"2024-09-06T03:19:44","guid":{"rendered":"https:\/\/www.nogometnionline.com\/?post_type=product&#038;p=16867"},"modified":"2024-09-06T03:19:48","modified_gmt":"2024-09-06T03:19:48","slug":"moski-nogometni-dresi-kompleti-euro-2024-italija-gostujoci-bela-z-lastnim-tiskom","status":"publish","type":"product","link":"https:\/\/www.nogometnizaotroke.com\/ro\/product\/moski-nogometni-dresi-kompleti-euro-2024-italija-gostujoci-bela-z-lastnim-tiskom\/","title":{"rendered":"Tricouri de fotbal pentru b\u0103rba\u021bi Kituri Euro 2024 Italia Away alb cu imprimare personalizat\u0103"},"content":{"rendered":"<p>Tricourile de deplasare Italia Euro 2024 combin\u0103 o baz\u0103 alb\u0103 cu logo-uri albastre. Inspirat de tricoul Teamgeist de la Cupa Mondial\u0103 2006, tricoul de deplasare Italia 2024 are un panou tricolor care formeaz\u0103 steagul italian - verde, alb \u0219i ro\u0219u.<\/p>\n<p>Sfaturi pentru \u0219osete: tricoul nu include \u0219osete \u00een mod implicit. Dac\u0103 dori\u021bi \u0219osete, selecta\u021bi op\u021biunile pentru \u0219osete pentru a pl\u0103ti pentru ele.<\/p>\n<p>Sfat de imprimare: Dac\u0103 numele \u0219i num\u0103rul din imagine sunt exact ceea ce dori\u021bi, nu trebuie s\u0103 le introduce\u021bi din nou. Dac\u0103 nu este a\u0219a, introduce\u021bi numele \u0219i num\u0103rul dorite.<\/p>\n<p>Sfat de sp\u0103lare: Se recomand\u0103 sp\u0103larea manual\u0103 a tricourilor de fotbal. Dac\u0103 dori\u021bi s\u0103 utiliza\u021bi o ma\u0219in\u0103 de sp\u0103lat, nu uita\u021bi s\u0103 \u00eentoarce\u021bi tricoul \u0219i apoi s\u0103-l sp\u0103la\u021bi. \u0218i umple\u021bi ma\u0219ina cu ap\u0103 rece \u0219i folosi\u021bi un ciclu de sp\u0103lare delicat pentru a proteja mai mult culorile.<\/p>","protected":false},"excerpt":{"rendered":"<p>Italija dresi Euro 2024 Gostujo\u010di zdru\u017euje belo osnovo z modrimi logotipi. Gostujo\u010di dres Italije 2024 izstopa po plo\u0161\u010dah na obeh straneh.Navdahnjen z dresom svetovnega pokala Teamgeist 2006 ima majica za goste Italija 2024 tribarvno plo\u0161\u010do, ki tvori italijansko zastavo \u2013 zelena, bela in rde\u010da. Nasveti za nogavice: Majica ne vsebuje nogavic privzeto. \u010ce \u017eelite nogavice, [&hellip;]<\/p>","protected":false},"featured_media":16869,"comment_status":"open","ping_status":"closed","template":"","meta":[],"product_brand":[],"product_cat":[140,87],"product_tag":[802,150,153,148,147],"class_list":{"0":"post-16867","1":"product","2":"type-product","3":"status-publish","4":"has-post-thumbnail","6":"product_cat-moski","7":"product_cat-dresi-italija-reprezentance","8":"product_tag-italija-euro-2024-dresi","9":"product_tag-moski-nogometni-dresi","10":"product_tag-nogometni-dresi","11":"product_tag-poceni-nogometni-dresi","12":"product_tag-slovenski-nogometni-dresi","14":"first","15":"instock","16":"shipping-taxable","17":"purchasable","18":"product-type-variable"},"_links":{"self":[{"href":"https:\/\/www.nogometnizaotroke.com\/ro\/wp-json\/wp\/v2\/product\/16867","targetHints":{"allow":["GET"]}}],"collection":[{"href":"https:\/\/www.nogometnizaotroke.com\/ro\/wp-json\/wp\/v2\/product"}],"about":[{"href":"https:\/\/www.nogometnizaotroke.com\/ro\/wp-json\/wp\/v2\/types\/product"}],"replies":[{"embeddable":true,"href":"https:\/\/www.nogometnizaotroke.com\/ro\/wp-json\/wp\/v2\/comments?post=16867"}],"wp:featuredmedia":[{"embeddable":true,"href":"https:\/\/www.nogometnizaotroke.com\/ro\/wp-json\/wp\/v2\/media\/16869"}],"wp:attachment":[{"href":"https:\/\/www.nogometnizaotroke.com\/ro\/wp-json\/wp\/v2\/media?parent=16867"}],"wp:term":[{"taxonomy":"product_brand","embeddable":true,"href":"https:\/\/www.nogometnizaotroke.com\/ro\/wp-json\/wp\/v2\/product_brand?post=16867"},{"taxonomy":"product_cat","embeddable":true,"href":"https:\/\/www.nogometnizaotroke.com\/ro\/wp-json\/wp\/v2\/product_cat?post=16867"},{"taxonomy":"product_tag","embeddable":true,"href":"https:\/\/www.nogometnizaotroke.com\/ro\/wp-json\/wp\/v2\/product_tag?post=16867"}],"curies":[{"name":"wp","href":"https:\/\/api.w.org\/{rel}","templated":true}]}}