{"id":16518,"date":"2024-08-28T04:13:57","date_gmt":"2024-08-28T04:13:57","guid":{"rendered":"https:\/\/www.nogometnionline.com\/?post_type=product&#038;p=16518"},"modified":"2024-08-28T04:14:01","modified_gmt":"2024-08-28T04:14:01","slug":"poceni-moski-nogometni-dresi-inter-milan-domaci-2024-25-nicolo-barella-23","status":"publish","type":"product","link":"https:\/\/www.nogometnizaotroke.com\/ro\/product\/poceni-moski-nogometni-dresi-inter-milan-domaci-2024-25-nicolo-barella-23\/","title":{"rendered":"Tricouri de fotbal ieftine pentru b\u0103rba\u021bi Inter Milano Home 2024-25 Nicolo Barella 23"},"content":{"rendered":"<p>Nova zasnova dresov Inter Milan se poklanja Inter bogati dedi\u0161\u010dini, hkrati pa pogumno sprejema prihodnost, vklju\u010duje pa ironi\u010dno troboj no zna\u010dko in prvi\u010d doslej za\u017eeleno drugo zvezdico. Ta zvezda simbolizira izjemen dose\u017eek kluba, ko je v prej\u0161nji sezoni osvojil svoj dvajseti naslov v Serie A, podvig, ki je navdihnil celotno kampanjo za blan\u0161iranje.Razkritje doma\u010de opreme Inter Milan 24\/25 je osredoto\u010deno na temo ustvarjalnega procesa, ki vle\u010de vzporednice med zvezdami, ki krasijo majico, in razli\u010dnimi umetni\u0161kimi interpretacijami zvezd, ki so jih o\u017eiveli izku\u0161eni rokodelci. Od zapletenih skulptur do osupljivih Tatijev, glavni videoposnetek, ki spremlja blan\u0161iranje, prikazuje razli\u010dne na\u010dine, na katere je bil motiv zvezde prenovljen, s poudarkom na povezanosti kluba z \u017eivahno ustvarjalno skupnostjo Milana.<\/p>\n<p>V skladu s tradicijo ima novi Inter doma\u010di dres klasi\u010dne \u010drne in modre \u010drte, ki so \u017ee dolgo povezane z milanskim Inter. Vendar so te \u010drte dobile sodoben pridih z dinami\u010dno interpretacijo, ki sega od srajce do kratkih hla\u010d. Ta spoj klasi\u010dnih elementov s sodobnim dizajnom odra\u017ea etos Inter Milan in samega mesta \u2013 subjektov, ki spo\u0161tujejo svojo zgodovino in hkrati nenehno premikajo meje inovacij. Komplet je izdelan z vrhunsko tehnologijo Dri-FIT ADV, ki zagotavlja, da igralci med intenzivnimi tekmami ostanejo hladni, udobni in suhi.<\/p>\n<p>Sfaturi pentru \u0219osete: tricoul nu include \u0219osete \u00een mod implicit. Dac\u0103 dori\u021bi \u0219osete, selecta\u021bi op\u021biunile pentru \u0219osete pentru a pl\u0103ti pentru ele.<\/p>\n<p>Sfat de imprimare: Dac\u0103 numele \u0219i num\u0103rul din imagine sunt exact ceea ce dori\u021bi, nu trebuie s\u0103 le introduce\u021bi din nou. Dac\u0103 nu este a\u0219a, introduce\u021bi numele \u0219i num\u0103rul dorite.<\/p>\n<p>Sfat de sp\u0103lare: Se recomand\u0103 sp\u0103larea manual\u0103 a tricourilor de fotbal. Dac\u0103 dori\u021bi s\u0103 utiliza\u021bi o ma\u0219in\u0103 de sp\u0103lat, nu uita\u021bi s\u0103 \u00eentoarce\u021bi tricoul \u0219i apoi s\u0103-l sp\u0103la\u021bi. \u0218i umple\u021bi ma\u0219ina cu ap\u0103 rece \u0219i folosi\u021bi un ciclu de sp\u0103lare delicat pentru a proteja mai mult culorile.<\/p>","protected":false},"excerpt":{"rendered":"<p>Nova zasnova dresov Inter Milan se poklanja Inter bogati dedi\u0161\u010dini, hkrati pa pogumno sprejema prihodnost, vklju\u010duje pa ironi\u010dno troboj no zna\u010dko in prvi\u010d doslej za\u017eeleno drugo zvezdico. Ta zvezda simbolizira izjemen dose\u017eek kluba, ko je v prej\u0161nji sezoni osvojil svoj dvajseti naslov v Serie A, podvig, ki je navdihnil celotno kampanjo za blan\u0161iranje.Razkritje doma\u010de opreme [&hellip;]<\/p>","protected":false},"featured_media":16520,"comment_status":"open","ping_status":"closed","template":"","meta":[],"product_brand":[],"product_cat":[140,47],"product_tag":[150,1225,153,480,479,148,197,147],"class_list":{"0":"post-16518","1":"product","2":"type-product","3":"status-publish","4":"has-post-thumbnail","6":"product_cat-moski","7":"product_cat-nogometni-dresi-inter-milan","8":"product_tag-moski-nogometni-dresi","9":"product_tag-nicolo-barella-dresi","10":"product_tag-nogometni-dresi","11":"product_tag-nogometni-dresi-inter-milan-prodaja","12":"product_tag-nogometni-dresi-inter-milan-z-lastnim-tiskom","13":"product_tag-poceni-nogometni-dresi","14":"product_tag-poceni-nogometni-dresi-inter-milan-z-lastnim-imenom-online","15":"product_tag-slovenski-nogometni-dresi","17":"first","18":"instock","19":"shipping-taxable","20":"purchasable","21":"product-type-variable"},"_links":{"self":[{"href":"https:\/\/www.nogometnizaotroke.com\/ro\/wp-json\/wp\/v2\/product\/16518","targetHints":{"allow":["GET"]}}],"collection":[{"href":"https:\/\/www.nogometnizaotroke.com\/ro\/wp-json\/wp\/v2\/product"}],"about":[{"href":"https:\/\/www.nogometnizaotroke.com\/ro\/wp-json\/wp\/v2\/types\/product"}],"replies":[{"embeddable":true,"href":"https:\/\/www.nogometnizaotroke.com\/ro\/wp-json\/wp\/v2\/comments?post=16518"}],"wp:featuredmedia":[{"embeddable":true,"href":"https:\/\/www.nogometnizaotroke.com\/ro\/wp-json\/wp\/v2\/media\/16520"}],"wp:attachment":[{"href":"https:\/\/www.nogometnizaotroke.com\/ro\/wp-json\/wp\/v2\/media?parent=16518"}],"wp:term":[{"taxonomy":"product_brand","embeddable":true,"href":"https:\/\/www.nogometnizaotroke.com\/ro\/wp-json\/wp\/v2\/product_brand?post=16518"},{"taxonomy":"product_cat","embeddable":true,"href":"https:\/\/www.nogometnizaotroke.com\/ro\/wp-json\/wp\/v2\/product_cat?post=16518"},{"taxonomy":"product_tag","embeddable":true,"href":"https:\/\/www.nogometnizaotroke.com\/ro\/wp-json\/wp\/v2\/product_tag?post=16518"}],"curies":[{"name":"wp","href":"https:\/\/api.w.org\/{rel}","templated":true}]}}