{"id":16410,"date":"2024-08-25T13:15:32","date_gmt":"2024-08-25T13:15:32","guid":{"rendered":"https:\/\/www.nogometnionline.com\/?post_type=product&#038;p=16410"},"modified":"2024-08-25T13:15:36","modified_gmt":"2024-08-25T13:15:36","slug":"najcenejsi-moski-nogometni-dresi-ac-milan-gostujoci-2024-25-rafael-leao-10","status":"publish","type":"product","link":"https:\/\/www.nogometnizaotroke.com\/ro\/product\/najcenejsi-moski-nogometni-dresi-ac-milan-gostujoci-2024-25-rafael-leao-10\/","title":{"rendered":"Cele mai ieftine tricouri de fotbal pentru b\u0103rba\u021bi AC Milan Away 2024-25 Rafael Leao 10"},"content":{"rendered":"<p>Tricoul alb de deplasare este conceput \u00een culorile clasice AC Milan, cu un aspect nou pentru sezonul 24\/25. Tricoul alb prezint\u0103 grafic\u0103 subtil\u0103 cu dungi verticale. Ornamente ro\u0219ii \u0219i negre se afl\u0103 \u00een jurul gulerului \u0219i man\u0219etelor, \u00een timp ce logo-urile negre completeaz\u0103 designul. Exist\u0103 o insign\u0103 AC Milan imprimat\u0103 cu silicon \u0219i dou\u0103 logo-uri ale sponsorilor aplicate la cald.<\/p>\n<p>Acesta este un tricou de deplasare cu m\u00e2neci scurte \u0219i un guler polo cu nervuri, perfect pentru zilele de meci ale AC Milan \u0219i \u00een fiecare zi. Disponibil \u00een m\u0103rimile pentru adul\u021bi S-2XL, acest tricou vine cu un design standard pentru confort optim pe \u0219i \u00een afara terenului. Fabricat din poliester u\u0219or, acest tricou este respirabil \u0219i include tehnologia distinctiv\u0103 Duracell de scurgere a transpira\u021biei pentru a v\u0103 men\u021bine r\u0103coros \u0219i uscat.<\/p>\n<p>Sfaturi pentru \u0219osete: tricoul nu include \u0219osete \u00een mod implicit. Dac\u0103 dori\u021bi \u0219osete, selecta\u021bi op\u021biunile pentru \u0219osete pentru a pl\u0103ti pentru ele.<\/p>\n<p>Sfat de imprimare: Dac\u0103 numele \u0219i num\u0103rul din imagine sunt exact ceea ce dori\u021bi, nu trebuie s\u0103 le introduce\u021bi din nou. Dac\u0103 nu este a\u0219a, introduce\u021bi numele \u0219i num\u0103rul dorite.<\/p>\n<p>Sfat de sp\u0103lare: Se recomand\u0103 sp\u0103larea manual\u0103 a tricourilor de fotbal. Dac\u0103 dori\u021bi s\u0103 utiliza\u021bi o ma\u0219in\u0103 de sp\u0103lat, nu uita\u021bi s\u0103 \u00eentoarce\u021bi tricoul \u0219i apoi s\u0103-l sp\u0103la\u021bi. \u0218i umple\u021bi ma\u0219ina cu ap\u0103 rece \u0219i folosi\u021bi un ciclu de sp\u0103lare delicat pentru a proteja mai mult culorile.<\/p>","protected":false},"excerpt":{"rendered":"<p>Bela majica za goste je oblikovana v klasi\u010dni barvi za AC Milan s popolnoma novim videzom za sezono 24\/25. Beli dres ima subtilno grafiko z navpi\u010dnimi \u010drtami. Rde\u010da in \u010drna obroba sedi okoli ovratnika in man\u0161et rokavov, \u010drni logotipi pa dopolnjujejo dizajn. Na voljo sta silikonsko natisnjena zna\u010dka AC Milan in dva toplotno nanesena sponzorska [&hellip;]<\/p>","protected":false},"featured_media":16412,"comment_status":"open","ping_status":"closed","template":"","meta":[],"product_brand":[],"product_cat":[140,46],"product_tag":[1205,220,1003,159,1001,148,1204,1210,147],"class_list":{"0":"post-16410","1":"product","2":"type-product","3":"status-publish","4":"has-post-thumbnail","6":"product_cat-moski","7":"product_cat-nogometni-dresi-ac-milan","8":"product_tag-nogometni-dresi-ac-milan-z-lastnim-imenom","9":"product_tag-nogometni-dresi-za-otroke","10":"product_tag-otroski-dresi-ac-milan-z-lastnim-imenom","11":"product_tag-otroski-nogometni-dresi","12":"product_tag-otroski-nogometni-dresi-ac-milan","13":"product_tag-poceni-nogometni-dresi","14":"product_tag-poceni-nogometni-dresi-ac-milan","15":"product_tag-rafael-leao-dresi","16":"product_tag-slovenski-nogometni-dresi","18":"first","19":"instock","20":"shipping-taxable","21":"purchasable","22":"product-type-variable"},"_links":{"self":[{"href":"https:\/\/www.nogometnizaotroke.com\/ro\/wp-json\/wp\/v2\/product\/16410","targetHints":{"allow":["GET"]}}],"collection":[{"href":"https:\/\/www.nogometnizaotroke.com\/ro\/wp-json\/wp\/v2\/product"}],"about":[{"href":"https:\/\/www.nogometnizaotroke.com\/ro\/wp-json\/wp\/v2\/types\/product"}],"replies":[{"embeddable":true,"href":"https:\/\/www.nogometnizaotroke.com\/ro\/wp-json\/wp\/v2\/comments?post=16410"}],"wp:featuredmedia":[{"embeddable":true,"href":"https:\/\/www.nogometnizaotroke.com\/ro\/wp-json\/wp\/v2\/media\/16412"}],"wp:attachment":[{"href":"https:\/\/www.nogometnizaotroke.com\/ro\/wp-json\/wp\/v2\/media?parent=16410"}],"wp:term":[{"taxonomy":"product_brand","embeddable":true,"href":"https:\/\/www.nogometnizaotroke.com\/ro\/wp-json\/wp\/v2\/product_brand?post=16410"},{"taxonomy":"product_cat","embeddable":true,"href":"https:\/\/www.nogometnizaotroke.com\/ro\/wp-json\/wp\/v2\/product_cat?post=16410"},{"taxonomy":"product_tag","embeddable":true,"href":"https:\/\/www.nogometnizaotroke.com\/ro\/wp-json\/wp\/v2\/product_tag?post=16410"}],"curies":[{"name":"wp","href":"https:\/\/api.w.org\/{rel}","templated":true}]}}