{"id":16381,"date":"2024-08-25T10:30:04","date_gmt":"2024-08-25T10:30:04","guid":{"rendered":"https:\/\/www.nogometnionline.com\/?post_type=product&#038;p=16381"},"modified":"2024-08-25T10:30:09","modified_gmt":"2024-08-25T10:30:09","slug":"poceni-moski-nogometni-dresi-chelsea-gostujoci-2024-2025","status":"publish","type":"product","link":"https:\/\/www.nogometnizaotroke.com\/ro\/product\/poceni-moski-nogometni-dresi-chelsea-gostujoci-2024-2025\/","title":{"rendered":"Tricouri de fotbal ieftine pentru b\u0103rba\u021bi Chelsea Away 2024 2025"},"content":{"rendered":"<p>Tema \"Blue Blame\" a acestui tricou de cas\u0103 Chelsea FC 24\/25 se extinde la tricoul de deplasare, subliniind ambi\u021bia comun\u0103 a clubului, pasiunea arz\u0103toare \u0219i determinarea de a reu\u0219i. Culoarea de accent portocalie izbitoare simbolizeaz\u0103 focul care reprezint\u0103 impulsul colectiv al tuturor celor asocia\u021bi cu Chelsea, at\u00e2t pe teren, c\u00e2t \u0219i \u00een afara lui. Sloganul \"Together, We Burn Blue\" rezum\u0103 acest etos, reflect\u00e2nd unitatea \u0219i intensitatea pe care clubul dore\u0219te s\u0103 le aduc\u0103 \u00een noul sezon. tricoul de schimb Chelsea 2024\/25 are o \u021bes\u0103tur\u0103 \u00een \"guava ice\", o nuan\u021b\u0103 mai deschis\u0103 de portocaliu care introduce o estetic\u0103 curat\u0103, tinereasc\u0103 \u0219i modern\u0103. Aceast\u0103 alegere de culoare nu numai c\u0103 aduce un aspect proasp\u0103t, dar completeaz\u0103 \u0219i culorile mai tradi\u021bionale asociate cu Chelsea. Designul \u00ee\u0219i propune s\u0103 atrag\u0103 juc\u0103torii \u0219i fanii deopotriv\u0103, oferind un aspect modern, dar atemporal, care este \u00een conformitate cu tendin\u021bele actuale ale modei.<\/p>\n<p>Sfaturi pentru \u0219osete: tricoul nu include \u0219osete \u00een mod implicit. Dac\u0103 dori\u021bi \u0219osete, selecta\u021bi op\u021biunile pentru \u0219osete pentru a pl\u0103ti pentru ele.<\/p>\n<p>Sfat de imprimare: Dac\u0103 numele \u0219i num\u0103rul din imagine sunt exact ceea ce dori\u021bi, nu trebuie s\u0103 le introduce\u021bi din nou. Dac\u0103 nu este a\u0219a, introduce\u021bi numele \u0219i num\u0103rul dorite.<\/p>\n<p>Sfat de sp\u0103lare: Se recomand\u0103 sp\u0103larea manual\u0103 a tricourilor de fotbal. Dac\u0103 dori\u021bi s\u0103 utiliza\u021bi o ma\u0219in\u0103 de sp\u0103lat, nu uita\u021bi s\u0103 \u00eentoarce\u021bi tricoul \u0219i apoi s\u0103-l sp\u0103la\u021bi. \u0218i umple\u021bi ma\u0219ina cu ap\u0103 rece \u0219i folosi\u021bi un ciclu de sp\u0103lare delicat pentru a proteja mai mult culorile.<\/p>","protected":false},"excerpt":{"rendered":"<p>Tema \u2018Blue Blame\u2019 iz tega doma\u010dega dresa FC Chelsea 24\/25 se raz\u0161iri na gostujo\u010do majico in poudarja skupno ambicioznost kluba, gore\u010do strast in odlo\u010denost za uspeh. Osupljiva oran\u017ena poudarjena barva simbolizira ogenj, ki predstavlja kolektivni zagon vseh, ki so povezani s Chelseajem, tako na igri\u0161\u010du kot izven njega. Slogan \u00bbTogether, We Burn Blue\u00ab povzema ta [&hellip;]<\/p>","protected":false},"featured_media":16366,"comment_status":"open","ping_status":"closed","template":"","meta":[],"product_brand":[],"product_cat":[140,43],"product_tag":[150,153,1044,148,1043,147],"class_list":{"0":"post-16381","1":"product","2":"type-product","3":"status-publish","4":"has-post-thumbnail","6":"product_cat-moski","7":"product_cat-nogometni-dresi-chelsea","8":"product_tag-moski-nogometni-dresi","9":"product_tag-nogometni-dresi","10":"product_tag-nogometni-dresi-chelsea-z-lastnim-imenom","11":"product_tag-poceni-nogometni-dresi","12":"product_tag-poceni-nogometni-dresi-chelsea","13":"product_tag-slovenski-nogometni-dresi","15":"first","16":"instock","17":"shipping-taxable","18":"purchasable","19":"product-type-variable"},"_links":{"self":[{"href":"https:\/\/www.nogometnizaotroke.com\/ro\/wp-json\/wp\/v2\/product\/16381","targetHints":{"allow":["GET"]}}],"collection":[{"href":"https:\/\/www.nogometnizaotroke.com\/ro\/wp-json\/wp\/v2\/product"}],"about":[{"href":"https:\/\/www.nogometnizaotroke.com\/ro\/wp-json\/wp\/v2\/types\/product"}],"replies":[{"embeddable":true,"href":"https:\/\/www.nogometnizaotroke.com\/ro\/wp-json\/wp\/v2\/comments?post=16381"}],"wp:featuredmedia":[{"embeddable":true,"href":"https:\/\/www.nogometnizaotroke.com\/ro\/wp-json\/wp\/v2\/media\/16366"}],"wp:attachment":[{"href":"https:\/\/www.nogometnizaotroke.com\/ro\/wp-json\/wp\/v2\/media?parent=16381"}],"wp:term":[{"taxonomy":"product_brand","embeddable":true,"href":"https:\/\/www.nogometnizaotroke.com\/ro\/wp-json\/wp\/v2\/product_brand?post=16381"},{"taxonomy":"product_cat","embeddable":true,"href":"https:\/\/www.nogometnizaotroke.com\/ro\/wp-json\/wp\/v2\/product_cat?post=16381"},{"taxonomy":"product_tag","embeddable":true,"href":"https:\/\/www.nogometnizaotroke.com\/ro\/wp-json\/wp\/v2\/product_tag?post=16381"}],"curies":[{"name":"wp","href":"https:\/\/api.w.org\/{rel}","templated":true}]}}