{"id":16345,"date":"2024-08-24T14:22:08","date_gmt":"2024-08-24T14:22:08","guid":{"rendered":"https:\/\/www.nogometnionline.com\/?post_type=product&#038;p=16345"},"modified":"2024-08-24T14:22:13","modified_gmt":"2024-08-24T14:22:13","slug":"poceni-nogometni-dresi-atletico-madrid-domaci-2024-25-alvaro-morata-19","status":"publish","type":"product","link":"https:\/\/www.nogometnizaotroke.com\/ro\/product\/poceni-nogometni-dresi-atletico-madrid-domaci-2024-25-alvaro-morata-19\/","title":{"rendered":"Tricouri ieftine acas\u0103 Atletico Madrid 2024-25 Alvaro Morata 19"},"content":{"rendered":"<p>Noul tricou de fotbal Atl\u00e9tico de Madrid 2024-25 prezint\u0103 o abordare unic\u0103 a dungilor clasice ro\u0219ii \u0219i albe ale clubului. Tricoul Atl\u00e9tico Madrid 24-25 este \u00een mare parte ro\u0219u, cu dungi albe unice \u0219i o margine albastr\u0103 pe exterior. \u00cen interiorul dungilor, alternan\u021ba de dungi albastre \u0219i ro\u0219ii cu un efect de decolorare creeaz\u0103 un aspect unic.<\/p>\n<p>Tricoul de fotbal de acas\u0103 Atleti 24-2025 are un logo albastru regal cu o margine alb\u0103. Logo-ul iconic Atl\u00e9tico revine pe tricoul de cas\u0103 Atl\u00e9tico Madrid 24-25 dup\u0103 ce membrii au votat \u00een favoarea revenirii sale. De asemenea, tricoul prezint\u0103 marginea galben\u0103 a vechii steme.<\/p>\n<p>Sfaturi pentru \u0219osete: tricoul nu include \u0219osete \u00een mod implicit. Dac\u0103 dori\u021bi \u0219osete, selecta\u021bi op\u021biunile pentru \u0219osete pentru a pl\u0103ti pentru ele.<\/p>\n<p>Sfat de imprimare: Dac\u0103 numele \u0219i num\u0103rul din imagine sunt exact ceea ce dori\u021bi, nu trebuie s\u0103 le introduce\u021bi din nou. Dac\u0103 nu este a\u0219a, introduce\u021bi numele \u0219i num\u0103rul dorite.<\/p>\n<p>Sfat de sp\u0103lare: Se recomand\u0103 sp\u0103larea manual\u0103 a tricourilor de fotbal. Dac\u0103 dori\u021bi s\u0103 utiliza\u021bi o ma\u0219in\u0103 de sp\u0103lat, nu uita\u021bi s\u0103 \u00eentoarce\u021bi tricoul \u0219i apoi s\u0103-l sp\u0103la\u021bi. \u0218i umple\u021bi ma\u0219ina cu ap\u0103 rece \u0219i folosi\u021bi un ciclu de sp\u0103lare delicat pentru a proteja mai mult culorile.<\/p>","protected":false},"excerpt":{"rendered":"<p>Novi nogometni dres Atl\u00e9tico de Madrid 2024-25 ima edinstven pogled na klasi\u010dne rde\u010de-bele \u010drte kluba. Dres Atl\u00e9tico Madrid 24-25 je ve\u010dinoma rde\u010d z edinstvenimi belimi \u010drtami in modro obrobo na zunanji strani. Znotraj \u010drt se izmenjujejo modre in rde\u010de \u010drte z u\u010dinkom bledenja, ki ustvarjajo edinstven videz. Majica za doma\u010di nogomet Atleti 24-2025 ima kraljevsko [&hellip;]<\/p>","protected":false},"featured_media":16347,"comment_status":"open","ping_status":"closed","template":"","meta":[],"product_brand":[],"product_cat":[140,41],"product_tag":[935,150,514,1201,513,148,1200,193,147],"class_list":{"0":"post-16345","1":"product","2":"type-product","3":"status-publish","4":"has-post-thumbnail","6":"product_cat-moski","7":"product_cat-nogometni-dresi-atletico-madrid","8":"product_tag-alvaro-morata-dresi","9":"product_tag-moski-nogometni-dresi","10":"product_tag-nogometni-dresi-atletico-madrid-prodaja","11":"product_tag-nogometni-dresi-atletico-madrid-z-lastnim-imenom","12":"product_tag-nogometni-dresi-atletico-madrid-z-lastnim-tiskom","13":"product_tag-poceni-nogometni-dresi","14":"product_tag-poceni-nogometni-dresi-atletico-madrid","15":"product_tag-poceni-nogometni-dresi-atletico-madrid-z-lastnim-imenom-online","16":"product_tag-slovenski-nogometni-dresi","18":"first","19":"instock","20":"shipping-taxable","21":"purchasable","22":"product-type-variable"},"_links":{"self":[{"href":"https:\/\/www.nogometnizaotroke.com\/ro\/wp-json\/wp\/v2\/product\/16345","targetHints":{"allow":["GET"]}}],"collection":[{"href":"https:\/\/www.nogometnizaotroke.com\/ro\/wp-json\/wp\/v2\/product"}],"about":[{"href":"https:\/\/www.nogometnizaotroke.com\/ro\/wp-json\/wp\/v2\/types\/product"}],"replies":[{"embeddable":true,"href":"https:\/\/www.nogometnizaotroke.com\/ro\/wp-json\/wp\/v2\/comments?post=16345"}],"wp:featuredmedia":[{"embeddable":true,"href":"https:\/\/www.nogometnizaotroke.com\/ro\/wp-json\/wp\/v2\/media\/16347"}],"wp:attachment":[{"href":"https:\/\/www.nogometnizaotroke.com\/ro\/wp-json\/wp\/v2\/media?parent=16345"}],"wp:term":[{"taxonomy":"product_brand","embeddable":true,"href":"https:\/\/www.nogometnizaotroke.com\/ro\/wp-json\/wp\/v2\/product_brand?post=16345"},{"taxonomy":"product_cat","embeddable":true,"href":"https:\/\/www.nogometnizaotroke.com\/ro\/wp-json\/wp\/v2\/product_cat?post=16345"},{"taxonomy":"product_tag","embeddable":true,"href":"https:\/\/www.nogometnizaotroke.com\/ro\/wp-json\/wp\/v2\/product_tag?post=16345"}],"curies":[{"name":"wp","href":"https:\/\/api.w.org\/{rel}","templated":true}]}}