{"id":16283,"date":"2024-08-23T09:10:10","date_gmt":"2024-08-23T09:10:10","guid":{"rendered":"https:\/\/www.nogometnionline.com\/?post_type=product&#038;p=16283"},"modified":"2024-10-29T14:36:15","modified_gmt":"2024-10-29T14:36:15","slug":"moski-nogometni-dresi-rb-leipzig-domaci-2024-25-bela-rdeca-kurzarm-benjamin-sesko-30","status":"publish","type":"product","link":"https:\/\/www.nogometnizaotroke.com\/ro\/product\/moski-nogometni-dresi-rb-leipzig-domaci-2024-25-bela-rdeca-kurzarm-benjamin-sesko-30\/","title":{"rendered":"Tricouri de fotbal pentru b\u0103rba\u021bi RB Leipzig Home 2024-25 alb ro\u0219u Kurzarm Benjamin Sesko 30"},"content":{"rendered":"<p>Tricou RB Leipzig 2024-2025 are un design modern \u00een culorile clubului alb \u0219i ro\u0219u. Ceea ce face ca tricoul RB Leipzig 2024-2025 s\u0103 fie deosebit de distinctiv este designul de pe partea din fa\u021b\u0103. 44.Tricoul RB Leipzig 24-25 prezint\u0103 o grafic\u0103 ro\u0219ie unic\u0103. Modelul este inspirat de Universitatea din Leipzig. 44.At\u00e2t gulerul, c\u00e2t \u0219i man\u0219etele tricoului de cas\u0103 RasenBallsport Leipzig 24-25 sunt ro\u0219ii.<\/p>\n<p>Sfaturi pentru \u0219osete: tricoul nu include \u0219osete \u00een mod implicit. Dac\u0103 dori\u021bi \u0219osete, selecta\u021bi op\u021biunile pentru \u0219osete pentru a pl\u0103ti pentru ele.<\/p>\n<p>Sfat de imprimare: Dac\u0103 numele \u0219i num\u0103rul din imagine sunt exact ceea ce dori\u021bi, nu trebuie s\u0103 le introduce\u021bi din nou. Dac\u0103 nu este a\u0219a, introduce\u021bi numele \u0219i num\u0103rul dorite.<\/p>\n<p>Sfat de sp\u0103lare: Se recomand\u0103 sp\u0103larea manual\u0103 a tricourilor de fotbal. Dac\u0103 dori\u021bi s\u0103 utiliza\u021bi o ma\u0219in\u0103 de sp\u0103lat, nu uita\u021bi s\u0103 \u00eentoarce\u021bi tricoul \u0219i apoi s\u0103-l sp\u0103la\u021bi. \u0218i umple\u021bi ma\u0219ina cu ap\u0103 rece \u0219i folosi\u021bi un ciclu de sp\u0103lare delicat pentru a proteja mai mult culorile.<\/p>","protected":false},"excerpt":{"rendered":"<p>Dres RB Leipzig 2024-2025 ima sodoben dizajn v beli in rde\u010di klubski barvi. Kar \u0161e posebej odlikuje dres RB Leipzig 2024-2025, je dizajn na sprednji strani.44.Dres RB Leipzig 24-25 ima edinstveno rde\u010do grafi\u010dno podobo. Vzorec se zgleduje po Univerzi v Leipzigu.Tako ovratnik kot man\u0161ete doma\u010dega dresa RasenBallsport Leipzig 24-25 so rde\u010de barve. Nasveti za nogavice: [&hellip;]<\/p>","protected":false},"featured_media":16285,"comment_status":"open","ping_status":"closed","template":"","meta":[],"product_brand":[],"product_cat":[140,62],"product_tag":[1195,153,555,1193,554,545,159,148,1192,199],"class_list":{"0":"post-16283","1":"product","2":"type-product","3":"status-publish","4":"has-post-thumbnail","6":"product_cat-moski","7":"product_cat-nogometni-dresi-rb-leipzig","8":"product_tag-benjamin-sesko-dresi","9":"product_tag-nogometni-dresi","10":"product_tag-nogometni-dresi-rb-leipzig-prodaja","11":"product_tag-nogometni-dresi-rb-leipzig-z-lastnim-imenom","12":"product_tag-nogometni-dresi-rb-leipzig-z-lastnim-tiskom","13":"product_tag-nogometni-dresi-slovenija","14":"product_tag-otroski-nogometni-dresi","15":"product_tag-poceni-nogometni-dresi","16":"product_tag-poceni-nogometni-dresi-rb-leipzig","17":"product_tag-poceni-nogometni-dresi-rb-leipzig-z-lastnim-imenom-online","19":"first","20":"instock","21":"featured","22":"shipping-taxable","23":"purchasable","24":"product-type-variable"},"_links":{"self":[{"href":"https:\/\/www.nogometnizaotroke.com\/ro\/wp-json\/wp\/v2\/product\/16283","targetHints":{"allow":["GET"]}}],"collection":[{"href":"https:\/\/www.nogometnizaotroke.com\/ro\/wp-json\/wp\/v2\/product"}],"about":[{"href":"https:\/\/www.nogometnizaotroke.com\/ro\/wp-json\/wp\/v2\/types\/product"}],"replies":[{"embeddable":true,"href":"https:\/\/www.nogometnizaotroke.com\/ro\/wp-json\/wp\/v2\/comments?post=16283"}],"wp:featuredmedia":[{"embeddable":true,"href":"https:\/\/www.nogometnizaotroke.com\/ro\/wp-json\/wp\/v2\/media\/16285"}],"wp:attachment":[{"href":"https:\/\/www.nogometnizaotroke.com\/ro\/wp-json\/wp\/v2\/media?parent=16283"}],"wp:term":[{"taxonomy":"product_brand","embeddable":true,"href":"https:\/\/www.nogometnizaotroke.com\/ro\/wp-json\/wp\/v2\/product_brand?post=16283"},{"taxonomy":"product_cat","embeddable":true,"href":"https:\/\/www.nogometnizaotroke.com\/ro\/wp-json\/wp\/v2\/product_cat?post=16283"},{"taxonomy":"product_tag","embeddable":true,"href":"https:\/\/www.nogometnizaotroke.com\/ro\/wp-json\/wp\/v2\/product_tag?post=16283"}],"curies":[{"name":"wp","href":"https:\/\/api.w.org\/{rel}","templated":true}]}}