{"id":16247,"date":"2024-08-22T14:00:25","date_gmt":"2024-08-22T14:00:25","guid":{"rendered":"https:\/\/www.nogometnionline.com\/?post_type=product&#038;p=16247"},"modified":"2024-08-22T14:00:30","modified_gmt":"2024-08-22T14:00:30","slug":"otroski-nogometni-dresi-za-otroke-paris-saint-germain-psg-gostujoci-2024-25","status":"publish","type":"product","link":"https:\/\/www.nogometnizaotroke.com\/ro\/product\/otroski-nogometni-dresi-za-otroke-paris-saint-germain-psg-gostujoci-2024-25\/","title":{"rendered":"Otro\u0161ki Nogometni dresi za otroke Paris Saint-Germain PSG Gostujo\u010di 2024-25"},"content":{"rendered":"<p>Dizajn gostujo\u010dega dresa PSG 2024\/25 \u010drpa navdih iz priljubljenega dresa iz devetdesetih let prej\u0161njega stoletja, ki vsebuje dve drzni rde\u010di in modri \u010drti na ostrem belem ozadju.Ta barvna shema spretno spominja na ikoni\u010dno silhueto Eifflovega stolpa in brezhibno zdru\u017euje pari\u0161ke znamenitosti z nogometno modo. \u010cas te objave je \u0161e posebej pomemben, saj sovpada s pripravami Pariza na gostiteljstvo olimpijskih iger leta 2024.<\/p>\n<p>Sfaturi pentru \u0219osete: tricoul nu include \u0219osete \u00een mod implicit. Dac\u0103 dori\u021bi \u0219osete, selecta\u021bi op\u021biunile pentru \u0219osete pentru a pl\u0103ti pentru ele.<\/p>\n<p>Sfat de imprimare: Dac\u0103 numele \u0219i num\u0103rul din imagine sunt exact ceea ce dori\u021bi, nu trebuie s\u0103 le introduce\u021bi din nou. Dac\u0103 nu este a\u0219a, introduce\u021bi numele \u0219i num\u0103rul dorite.<\/p>\n<p>Sfat de sp\u0103lare: Se recomand\u0103 sp\u0103larea manual\u0103 a tricourilor de fotbal. Dac\u0103 dori\u021bi s\u0103 utiliza\u021bi o ma\u0219in\u0103 de sp\u0103lat, nu uita\u021bi s\u0103 \u00eentoarce\u021bi tricoul \u0219i apoi s\u0103-l sp\u0103la\u021bi. \u0218i umple\u021bi ma\u0219ina cu ap\u0103 rece \u0219i folosi\u021bi un ciclu de sp\u0103lare delicat pentru a proteja mai mult culorile.<\/p>","protected":false},"excerpt":{"rendered":"<p>Dizajn gostujo\u010dega dresa PSG 2024\/25 \u010drpa navdih iz priljubljenega dresa iz devetdesetih let prej\u0161njega stoletja, ki vsebuje dve drzni rde\u010di in modri \u010drti na ostrem belem ozadju.Ta barvna shema spretno spominja na ikoni\u010dno silhueto Eifflovega stolpa in brezhibno zdru\u017euje pari\u0161ke znamenitosti z nogometno modo. \u010cas te objave je \u0161e posebej pomemben, saj sovpada s pripravami [&hellip;]<\/p>","protected":false},"featured_media":16249,"comment_status":"open","ping_status":"closed","template":"","meta":[],"product_brand":[],"product_cat":[73,37],"product_tag":[1184,153,1185,159,1183,155,148,149,273,753],"class_list":{"0":"post-16247","1":"product","2":"type-product","3":"status-publish","4":"has-post-thumbnail","6":"product_cat-otroski","7":"product_cat-nogometni-dresi-psg","8":"product_tag-dresi-paris-saint-germain-za-otroke","9":"product_tag-nogometni-dresi","10":"product_tag-otroski-dresi-paris-saint-germain-z-lastnim-imenom","11":"product_tag-otroski-nogometni-dresi","12":"product_tag-otroski-nogometni-dresi-paris-saint-germain","13":"product_tag-paris-saint-germain-psg-dres","14":"product_tag-poceni-nogometni-dresi","15":"product_tag-poceni-nogometni-dresi-psg-z-lastnim-imenom-online","16":"product_tag-poceni-otroski-nogometni-dresi-psg-z-lastnim-imenom","17":"product_tag-psg-dresi-2024","19":"first","20":"instock","21":"shipping-taxable","22":"purchasable","23":"product-type-variable"},"_links":{"self":[{"href":"https:\/\/www.nogometnizaotroke.com\/ro\/wp-json\/wp\/v2\/product\/16247","targetHints":{"allow":["GET"]}}],"collection":[{"href":"https:\/\/www.nogometnizaotroke.com\/ro\/wp-json\/wp\/v2\/product"}],"about":[{"href":"https:\/\/www.nogometnizaotroke.com\/ro\/wp-json\/wp\/v2\/types\/product"}],"replies":[{"embeddable":true,"href":"https:\/\/www.nogometnizaotroke.com\/ro\/wp-json\/wp\/v2\/comments?post=16247"}],"wp:featuredmedia":[{"embeddable":true,"href":"https:\/\/www.nogometnizaotroke.com\/ro\/wp-json\/wp\/v2\/media\/16249"}],"wp:attachment":[{"href":"https:\/\/www.nogometnizaotroke.com\/ro\/wp-json\/wp\/v2\/media?parent=16247"}],"wp:term":[{"taxonomy":"product_brand","embeddable":true,"href":"https:\/\/www.nogometnizaotroke.com\/ro\/wp-json\/wp\/v2\/product_brand?post=16247"},{"taxonomy":"product_cat","embeddable":true,"href":"https:\/\/www.nogometnizaotroke.com\/ro\/wp-json\/wp\/v2\/product_cat?post=16247"},{"taxonomy":"product_tag","embeddable":true,"href":"https:\/\/www.nogometnizaotroke.com\/ro\/wp-json\/wp\/v2\/product_tag?post=16247"}],"curies":[{"name":"wp","href":"https:\/\/api.w.org\/{rel}","templated":true}]}}