{"id":16203,"date":"2024-08-21T03:53:24","date_gmt":"2024-08-21T03:53:24","guid":{"rendered":"https:\/\/www.nogometnionline.com\/?post_type=product&#038;p=16203"},"modified":"2024-08-21T03:53:28","modified_gmt":"2024-08-21T03:53:28","slug":"otroski-nogometni-dresi-kompleti-za-otroke-liverpool-gostujoci-2024-25-mohamed-salah-11","status":"publish","type":"product","link":"https:\/\/www.nogometnizaotroke.com\/ro\/product\/otroski-nogometni-dresi-kompleti-za-otroke-liverpool-gostujoci-2024-25-mohamed-salah-11\/","title":{"rendered":"Otro\u0161ki Nogometni dresi kompleti za otroke Liverpool Gostujo\u010di 2024-25 Mohamed Salah 11"},"content":{"rendered":"<p>Dizajn gostujo\u010dega dresa Liverpool FC 2024\/25 mojstrsko zdru\u017euje tradicijo s sodobnostjo in vklju\u010duje temno zeleno osnovo s poudarkom na antracitih, spranih Tea odtenkih in odtenkih jader. Ti kontrastni elementi so vidno prikazani na man\u0161etah in notranji oblogi nogometne majice in kratkih hla\u010d ter ustvarjajo vizualno privla\u010den in koheziven videz.<\/p>\n<p>Gostujo\u010di dres Liverpool FC 2024\/25 ima edinstven slog imena in \u0161tevilke, ki ga navdihujejo zgodovinski uli\u010dni znaki Liverpoola. Ta ustvarjalni pridih dodaja osebno povezavo med ekipo, mestom in bazo njegovih strastnih obo\u017eevalcev. Poleg tega je grafika kompleta natisnjena s \u010drnili na vodni osnovi, kar dokazuje zavezanost kluba k trajnosti, kar je v skladu z okolju prijaznimi praksami pri proizvodnji \u0161portnih obla\u010dil.<\/p>\n<p>Sfaturi pentru \u0219osete: tricoul nu include \u0219osete \u00een mod implicit. Dac\u0103 dori\u021bi \u0219osete, selecta\u021bi op\u021biunile pentru \u0219osete pentru a pl\u0103ti pentru ele.<\/p>\n<p>Sfat de imprimare: Dac\u0103 numele \u0219i num\u0103rul din imagine sunt exact ceea ce dori\u021bi, nu trebuie s\u0103 le introduce\u021bi din nou. Dac\u0103 nu este a\u0219a, introduce\u021bi numele \u0219i num\u0103rul dorite.<\/p>\n<p>Sfat de sp\u0103lare: Se recomand\u0103 sp\u0103larea manual\u0103 a tricourilor de fotbal. Dac\u0103 dori\u021bi s\u0103 utiliza\u021bi o ma\u0219in\u0103 de sp\u0103lat, nu uita\u021bi s\u0103 \u00eentoarce\u021bi tricoul \u0219i apoi s\u0103-l sp\u0103la\u021bi. \u0218i umple\u021bi ma\u0219ina cu ap\u0103 rece \u0219i folosi\u021bi un ciclu de sp\u0103lare delicat pentru a proteja mai mult culorile.<\/p>","protected":false},"excerpt":{"rendered":"<p>Dizajn gostujo\u010dega dresa Liverpool FC 2024\/25 mojstrsko zdru\u017euje tradicijo s sodobnostjo in vklju\u010duje temno zeleno osnovo s poudarkom na antracitih, spranih Tea odtenkih in odtenkih jader. Ti kontrastni elementi so vidno prikazani na man\u0161etah in notranji oblogi nogometne majice in kratkih hla\u010d ter ustvarjajo vizualno privla\u010den in koheziven videz. Gostujo\u010di dres Liverpool FC 2024\/25 ima [&hellip;]<\/p>","protected":false},"featured_media":16205,"comment_status":"open","ping_status":"closed","template":"","meta":[],"product_brand":[],"product_cat":[73,39],"product_tag":[876,837,875,943,284,159,148,295,147],"class_list":{"0":"post-16203","1":"product","2":"type-product","3":"status-publish","4":"has-post-thumbnail","6":"product_cat-otroski","7":"product_cat-nogometni-dresi-liverpool","8":"product_tag-dresi-liverpool-za-otroski","9":"product_tag-dresi-za-nogomet","10":"product_tag-liverpool-dresi-2024","11":"product_tag-mohamed-salah-dresi","12":"product_tag-otroski-dresi-liverpool-z-lastnim-imenom","13":"product_tag-otroski-nogometni-dresi","14":"product_tag-poceni-nogometni-dresi","15":"product_tag-poceni-nogometni-dresi-liverpool-z-lastnim-imenom-online","16":"product_tag-slovenski-nogometni-dresi","18":"first","19":"instock","20":"shipping-taxable","21":"purchasable","22":"product-type-variable"},"_links":{"self":[{"href":"https:\/\/www.nogometnizaotroke.com\/ro\/wp-json\/wp\/v2\/product\/16203","targetHints":{"allow":["GET"]}}],"collection":[{"href":"https:\/\/www.nogometnizaotroke.com\/ro\/wp-json\/wp\/v2\/product"}],"about":[{"href":"https:\/\/www.nogometnizaotroke.com\/ro\/wp-json\/wp\/v2\/types\/product"}],"replies":[{"embeddable":true,"href":"https:\/\/www.nogometnizaotroke.com\/ro\/wp-json\/wp\/v2\/comments?post=16203"}],"wp:featuredmedia":[{"embeddable":true,"href":"https:\/\/www.nogometnizaotroke.com\/ro\/wp-json\/wp\/v2\/media\/16205"}],"wp:attachment":[{"href":"https:\/\/www.nogometnizaotroke.com\/ro\/wp-json\/wp\/v2\/media?parent=16203"}],"wp:term":[{"taxonomy":"product_brand","embeddable":true,"href":"https:\/\/www.nogometnizaotroke.com\/ro\/wp-json\/wp\/v2\/product_brand?post=16203"},{"taxonomy":"product_cat","embeddable":true,"href":"https:\/\/www.nogometnizaotroke.com\/ro\/wp-json\/wp\/v2\/product_cat?post=16203"},{"taxonomy":"product_tag","embeddable":true,"href":"https:\/\/www.nogometnizaotroke.com\/ro\/wp-json\/wp\/v2\/product_tag?post=16203"}],"curies":[{"name":"wp","href":"https:\/\/api.w.org\/{rel}","templated":true}]}}