{"id":16179,"date":"2024-08-20T06:39:00","date_gmt":"2024-08-20T06:39:00","guid":{"rendered":"https:\/\/www.nogometnionline.com\/?post_type=product&#038;p=16179"},"modified":"2024-08-20T06:39:05","modified_gmt":"2024-08-20T06:39:05","slug":"najcenejsi-moski-nogometni-dresi-kompleti-spanija-gostujoci-euro-2024-daniel-carvajal-20","status":"publish","type":"product","link":"https:\/\/www.nogometnizaotroke.com\/ro\/product\/najcenejsi-moski-nogometni-dresi-kompleti-spanija-gostujoci-euro-2024-daniel-carvajal-20\/","title":{"rendered":"Cele mai ieftine tricouri de fotbal pentru b\u0103rba\u021bi Kits Spania Away Euro 2024 Daniel Carvajal 20"},"content":{"rendered":"<p>Tricoul de deplasare al Spaniei pentru Euro 2024 are o combina\u021bie de culori proasp\u0103t\u0103 \u0219i izbitoare. Este \u00een principal un galben neon pal, probabil inspirat de dunele de nisip ale \u021b\u0103rii. Oficial, numele culorii tricoului de deplasare Spania 2024 este \"Pulse Yellow\".O caracteristic\u0103 unic\u0103 a tricoului de deplasare Spania Euro 2024 se reg\u0103se\u0219te pe panouri - panourile de culoare albastru deschis prezint\u0103 o grafic\u0103 a unei dune de nisip.<\/p>\n<p>Sfaturi pentru \u0219osete: tricoul nu include \u0219osete \u00een mod implicit. Dac\u0103 dori\u021bi \u0219osete, selecta\u021bi op\u021biunile pentru \u0219osete pentru a pl\u0103ti pentru ele.<\/p>\n<p>Sfat de imprimare: Dac\u0103 numele \u0219i num\u0103rul din imagine sunt exact ceea ce dori\u021bi, nu trebuie s\u0103 le introduce\u021bi din nou. Dac\u0103 nu este a\u0219a, introduce\u021bi numele \u0219i num\u0103rul dorite.<\/p>\n<p>Sfat de sp\u0103lare: Se recomand\u0103 sp\u0103larea manual\u0103 a tricourilor de fotbal. Dac\u0103 dori\u021bi s\u0103 utiliza\u021bi o ma\u0219in\u0103 de sp\u0103lat, nu uita\u021bi s\u0103 \u00eentoarce\u021bi tricoul \u0219i apoi s\u0103-l sp\u0103la\u021bi. \u0218i umple\u021bi ma\u0219ina cu ap\u0103 rece \u0219i folosi\u021bi un ciclu de sp\u0103lare delicat pentru a proteja mai mult culorile.<\/p>","protected":false},"excerpt":{"rendered":"<p>\u0160panija Gostujo\u010di Euro 2024 dresi ima sve\u017eo in osupljivo barvno kombinacijo. Ve\u010dinoma je bledo neonsko rumena, ki jo morda navdihujejo pe\u0161\u010dene sipine v dr\u017eavi. Uradno je ime barve nogometnega dresa za gostovanje v \u0160paniji 2024 \u201cPulse Yellow.\u201dEdinstvena zna\u010dilnost gostujo\u010dega kompleta \u0161panskega Euro 2024 je na plo\u0161\u010dah \u2013 svetlo modre plo\u0161\u010de imajo grafiko pe\u0161\u010dene sipine. Nasveti [&hellip;]<\/p>","protected":false},"featured_media":16181,"comment_status":"open","ping_status":"closed","template":"","meta":[],"product_brand":[],"product_cat":[778,140,85],"product_tag":[1131,150,153,940,148,939,147,784],"class_list":{"0":"post-16179","1":"product","2":"type-product","3":"status-publish","4":"has-post-thumbnail","6":"product_cat-euro-2024","7":"product_cat-moski","8":"product_cat-dresi-spanija-reprezentance","9":"product_tag-daniel-carvajal-dresi","10":"product_tag-moski-nogometni-dresi","11":"product_tag-nogometni-dresi","12":"product_tag-nogometni-dresi-spanija-z-lastnim-imenom","13":"product_tag-poceni-nogometni-dresi","14":"product_tag-poceni-nogometni-dresi-spanija","15":"product_tag-slovenski-nogometni-dresi","16":"product_tag-spanija-euro-2024-dresi","18":"first","19":"instock","20":"shipping-taxable","21":"purchasable","22":"product-type-variable"},"_links":{"self":[{"href":"https:\/\/www.nogometnizaotroke.com\/ro\/wp-json\/wp\/v2\/product\/16179","targetHints":{"allow":["GET"]}}],"collection":[{"href":"https:\/\/www.nogometnizaotroke.com\/ro\/wp-json\/wp\/v2\/product"}],"about":[{"href":"https:\/\/www.nogometnizaotroke.com\/ro\/wp-json\/wp\/v2\/types\/product"}],"replies":[{"embeddable":true,"href":"https:\/\/www.nogometnizaotroke.com\/ro\/wp-json\/wp\/v2\/comments?post=16179"}],"wp:featuredmedia":[{"embeddable":true,"href":"https:\/\/www.nogometnizaotroke.com\/ro\/wp-json\/wp\/v2\/media\/16181"}],"wp:attachment":[{"href":"https:\/\/www.nogometnizaotroke.com\/ro\/wp-json\/wp\/v2\/media?parent=16179"}],"wp:term":[{"taxonomy":"product_brand","embeddable":true,"href":"https:\/\/www.nogometnizaotroke.com\/ro\/wp-json\/wp\/v2\/product_brand?post=16179"},{"taxonomy":"product_cat","embeddable":true,"href":"https:\/\/www.nogometnizaotroke.com\/ro\/wp-json\/wp\/v2\/product_cat?post=16179"},{"taxonomy":"product_tag","embeddable":true,"href":"https:\/\/www.nogometnizaotroke.com\/ro\/wp-json\/wp\/v2\/product_tag?post=16179"}],"curies":[{"name":"wp","href":"https:\/\/api.w.org\/{rel}","templated":true}]}}