{"id":16108,"date":"2024-08-20T03:53:46","date_gmt":"2024-08-20T03:53:46","guid":{"rendered":"https:\/\/www.nogometnionline.com\/?post_type=product&#038;p=16108"},"modified":"2024-08-20T03:53:51","modified_gmt":"2024-08-20T03:53:51","slug":"originalni-moski-nogometni-dresi-kompleti-spanija-domaci-euro-2024-daniel-carvajal-20","status":"publish","type":"product","link":"https:\/\/www.nogometnizaotroke.com\/ro\/product\/originalni-moski-nogometni-dresi-kompleti-spanija-domaci-euro-2024-daniel-carvajal-20\/","title":{"rendered":"Original b\u0103rba\u021bi tricouri de fotbal Kits Spania Acas\u0103 Euro 2024 Daniel Carvajal 20"},"content":{"rendered":"<p>Kitul de acas\u0103 Spania 2024 are un aspect izbitor care scoate \u00een eviden\u021b\u0103 echipa 2024. Acesta combin\u0103 ro\u0219u saturat cu galben saturat pentru toate logo-urile \u0219i aplica\u021biile.<\/p>\n<p>Sfaturi pentru \u0219osete: tricoul nu include \u0219osete \u00een mod implicit. Dac\u0103 dori\u021bi \u0219osete, selecta\u021bi op\u021biunile pentru \u0219osete pentru a pl\u0103ti pentru ele.<\/p>\n<p>Sfat de imprimare: Dac\u0103 numele \u0219i num\u0103rul din imagine sunt exact ceea ce dori\u021bi, nu trebuie s\u0103 le introduce\u021bi din nou. Dac\u0103 nu este a\u0219a, introduce\u021bi numele \u0219i num\u0103rul dorite.<\/p>\n<p>Sfat de sp\u0103lare: Se recomand\u0103 sp\u0103larea manual\u0103 a tricourilor de fotbal. Dac\u0103 dori\u021bi s\u0103 utiliza\u021bi o ma\u0219in\u0103 de sp\u0103lat, nu uita\u021bi s\u0103 \u00eentoarce\u021bi tricoul \u0219i apoi s\u0103-l sp\u0103la\u021bi. \u0218i umple\u021bi ma\u0219ina cu ap\u0103 rece \u0219i folosi\u021bi un ciclu de sp\u0103lare delicat pentru a proteja mai mult culorile.<\/p>","protected":false},"excerpt":{"rendered":"<p>Komplet za dom \u0160panija 2024 ima osupljiv videz, ki omogo\u010da, da predloga 2024 izstopa. Zdru\u017euje nasi\u010deno rde\u010do z nasi\u010deno rumeno za vse logotipe in aplikacije. Nasveti za nogavice: Majica ne vsebuje nogavic privzeto. \u010ce \u017eelite nogavice, izberite mo\u017enosti nogavic, da jih pla\u010date. Nasveti za tiskom: \u010ce sta ime in \u0161tevilka na sliki natanko to, kar [&hellip;]<\/p>","protected":false},"featured_media":16110,"comment_status":"open","ping_status":"closed","template":"","meta":[],"product_brand":[],"product_cat":[778,140,85],"product_tag":[1131,150,153,940,148,939,147,784],"class_list":{"0":"post-16108","1":"product","2":"type-product","3":"status-publish","4":"has-post-thumbnail","6":"product_cat-euro-2024","7":"product_cat-moski","8":"product_cat-dresi-spanija-reprezentance","9":"product_tag-daniel-carvajal-dresi","10":"product_tag-moski-nogometni-dresi","11":"product_tag-nogometni-dresi","12":"product_tag-nogometni-dresi-spanija-z-lastnim-imenom","13":"product_tag-poceni-nogometni-dresi","14":"product_tag-poceni-nogometni-dresi-spanija","15":"product_tag-slovenski-nogometni-dresi","16":"product_tag-spanija-euro-2024-dresi","18":"first","19":"instock","20":"shipping-taxable","21":"purchasable","22":"product-type-variable"},"_links":{"self":[{"href":"https:\/\/www.nogometnizaotroke.com\/ro\/wp-json\/wp\/v2\/product\/16108","targetHints":{"allow":["GET"]}}],"collection":[{"href":"https:\/\/www.nogometnizaotroke.com\/ro\/wp-json\/wp\/v2\/product"}],"about":[{"href":"https:\/\/www.nogometnizaotroke.com\/ro\/wp-json\/wp\/v2\/types\/product"}],"replies":[{"embeddable":true,"href":"https:\/\/www.nogometnizaotroke.com\/ro\/wp-json\/wp\/v2\/comments?post=16108"}],"wp:featuredmedia":[{"embeddable":true,"href":"https:\/\/www.nogometnizaotroke.com\/ro\/wp-json\/wp\/v2\/media\/16110"}],"wp:attachment":[{"href":"https:\/\/www.nogometnizaotroke.com\/ro\/wp-json\/wp\/v2\/media?parent=16108"}],"wp:term":[{"taxonomy":"product_brand","embeddable":true,"href":"https:\/\/www.nogometnizaotroke.com\/ro\/wp-json\/wp\/v2\/product_brand?post=16108"},{"taxonomy":"product_cat","embeddable":true,"href":"https:\/\/www.nogometnizaotroke.com\/ro\/wp-json\/wp\/v2\/product_cat?post=16108"},{"taxonomy":"product_tag","embeddable":true,"href":"https:\/\/www.nogometnizaotroke.com\/ro\/wp-json\/wp\/v2\/product_tag?post=16108"}],"curies":[{"name":"wp","href":"https:\/\/api.w.org\/{rel}","templated":true}]}}