{"id":15951,"date":"2024-08-17T09:49:41","date_gmt":"2024-08-17T09:49:41","guid":{"rendered":"https:\/\/www.nogometnionline.com\/?post_type=product&#038;p=15951"},"modified":"2024-08-17T09:49:46","modified_gmt":"2024-08-17T09:49:46","slug":"otroske-nogometnih-dresov-manchester-city-tretji-2024-25-erling-haaland-9","status":"publish","type":"product","link":"https:\/\/www.nogometnizaotroke.com\/ro\/product\/otroske-nogometnih-dresov-manchester-city-tretji-2024-25-erling-haaland-9\/","title":{"rendered":"Kids Soccer Jerseys Manchester City Third 2024-25 Erling Haaland 9"},"content":{"rendered":"<p>Combina\u021bia de culori a tricoului de deplasare Manchester City 2024-25 aminte\u0219te de tricoul de deplasare Ambro 2012-13. tricoul de deplasare Manchester City 24-25 cu logo-uri aurii str\u0103lucitoare. Partea frontal\u0103 prezint\u0103 un design grafic mare \u00eentr-o culoare Bordon mai \u00eenchis\u0103, inspirat de elemente ale stemei Manchester City, reprezent\u00e2nd trecutul, prezentul \u0219i viitorul clubului.<\/p>\n<p>Sfaturi pentru \u0219osete: tricoul nu include \u0219osete \u00een mod implicit. Dac\u0103 dori\u021bi \u0219osete, selecta\u021bi op\u021biunile pentru \u0219osete pentru a pl\u0103ti pentru ele.<\/p>\n<p>Sfat de imprimare: Dac\u0103 numele \u0219i num\u0103rul din imagine sunt exact ceea ce dori\u021bi, nu trebuie s\u0103 le introduce\u021bi din nou. Dac\u0103 nu este a\u0219a, introduce\u021bi numele \u0219i num\u0103rul dorite.<\/p>\n<p>Sfat de sp\u0103lare: Se recomand\u0103 sp\u0103larea manual\u0103 a tricourilor de fotbal. Dac\u0103 dori\u021bi s\u0103 utiliza\u021bi o ma\u0219in\u0103 de sp\u0103lat, nu uita\u021bi s\u0103 \u00eentoarce\u021bi tricoul \u0219i apoi s\u0103-l sp\u0103la\u021bi. \u0218i umple\u021bi ma\u0219ina cu ap\u0103 rece \u0219i folosi\u021bi un ciclu de sp\u0103lare delicat pentru a proteja mai mult culorile.<\/p>","protected":false},"excerpt":{"rendered":"<p>Barvna kombinacija dresa za goste Manchester City 2024-25 spominja na dres za goste Ambro 2012-13. Gostujo\u010di dres Manchester City 24-25 s svetlo zlatimi logotipi. Na sprednji strani je velik grafi\u010dni dizajn v temneje Bordon barvi, navdihnjen z elementi grba Manchester City, ki predstavlja preteklost, sedanjost in prihodnost kluba. Nasveti za nogavice: Majica ne vsebuje nogavic [&hellip;]<\/p>","protected":false},"featured_media":15953,"comment_status":"open","ping_status":"closed","template":"","meta":[],"product_brand":[],"product_cat":[73,44],"product_tag":[483,899,883,938,153,1173,159,1172,148,1174,147],"class_list":{"0":"post-15951","1":"product","2":"type-product","3":"status-publish","4":"has-post-thumbnail","6":"product_cat-otroski","7":"product_cat-nogometni-dresi-manchester-city","8":"product_tag-dresi-manchester-city-za-otroke","9":"product_tag-erling-haaland-dresi","10":"product_tag-manchester-city-dresi-2024","11":"product_tag-manchester-city-z-lastnim-imenom-online","12":"product_tag-nogometni-dresi","13":"product_tag-otroski-dresi-manchester-city-z-lastnim-imenom","14":"product_tag-otroski-nogometni-dresi","15":"product_tag-otroski-nogometni-dresi-manchester-city","16":"product_tag-poceni-nogometni-dresi","17":"product_tag-poceni-nogometni-dresi-ruben-dias","18":"product_tag-slovenski-nogometni-dresi","20":"first","21":"instock","22":"shipping-taxable","23":"purchasable","24":"product-type-variable"},"_links":{"self":[{"href":"https:\/\/www.nogometnizaotroke.com\/ro\/wp-json\/wp\/v2\/product\/15951","targetHints":{"allow":["GET"]}}],"collection":[{"href":"https:\/\/www.nogometnizaotroke.com\/ro\/wp-json\/wp\/v2\/product"}],"about":[{"href":"https:\/\/www.nogometnizaotroke.com\/ro\/wp-json\/wp\/v2\/types\/product"}],"replies":[{"embeddable":true,"href":"https:\/\/www.nogometnizaotroke.com\/ro\/wp-json\/wp\/v2\/comments?post=15951"}],"wp:featuredmedia":[{"embeddable":true,"href":"https:\/\/www.nogometnizaotroke.com\/ro\/wp-json\/wp\/v2\/media\/15953"}],"wp:attachment":[{"href":"https:\/\/www.nogometnizaotroke.com\/ro\/wp-json\/wp\/v2\/media?parent=15951"}],"wp:term":[{"taxonomy":"product_brand","embeddable":true,"href":"https:\/\/www.nogometnizaotroke.com\/ro\/wp-json\/wp\/v2\/product_brand?post=15951"},{"taxonomy":"product_cat","embeddable":true,"href":"https:\/\/www.nogometnizaotroke.com\/ro\/wp-json\/wp\/v2\/product_cat?post=15951"},{"taxonomy":"product_tag","embeddable":true,"href":"https:\/\/www.nogometnizaotroke.com\/ro\/wp-json\/wp\/v2\/product_tag?post=15951"}],"curies":[{"name":"wp","href":"https:\/\/api.w.org\/{rel}","templated":true}]}}