{"id":15904,"date":"2024-08-16T08:27:24","date_gmt":"2024-08-16T08:27:24","guid":{"rendered":"https:\/\/www.nogometnionline.com\/?post_type=product&#038;p=15904"},"modified":"2024-08-16T08:27:28","modified_gmt":"2024-08-16T08:27:28","slug":"moski-nogometni-dresi-diskont-manchester-united-domaci-2024-25-harry-maguire-5","status":"publish","type":"product","link":"https:\/\/www.nogometnizaotroke.com\/ro\/product\/moski-nogometni-dresi-diskont-manchester-united-domaci-2024-25-harry-maguire-5\/","title":{"rendered":"B\u0103rba\u021bi Discount Manchester United Acas\u0103 Fotbal Jerseuri 2024-25 Harry Maguire 5"},"content":{"rendered":"<p>Tricoul de cas\u0103 Manchester United FC 24-25 combin\u0103 dou\u0103 nuan\u021be de ro\u0219u \u00eentr-un design gradient. Nu este prima dat\u0103 c\u00e2nd un tricou Manchester United combin\u0103 dou\u0103 nuan\u021be de ro\u0219u. Ultima dat\u0103 a fost \u00een sezonul 2016\/17. Caracteristica subtil\u0103, dar cea mai distinctiv\u0103 a tricoului de cas\u0103 Manchester United 24-25 este designul sofisticat gradient ro\u0219u pe ro\u0219u. \u00een ceea ce prive\u0219te modelul, tricoul de cas\u0103 Manchester United 24-25 se bazeaz\u0103 pe noul model Miro 24.<\/p>\n<p>Sfaturi pentru \u0219osete: tricoul nu include \u0219osete \u00een mod implicit. Dac\u0103 dori\u021bi \u0219osete, selecta\u021bi op\u021biunile pentru \u0219osete pentru a pl\u0103ti pentru ele.<\/p>\n<p>Sfat de imprimare: Dac\u0103 numele \u0219i num\u0103rul din imagine sunt exact ceea ce dori\u021bi, nu trebuie s\u0103 le introduce\u021bi din nou. Dac\u0103 nu este a\u0219a, introduce\u021bi numele \u0219i num\u0103rul dorite.<\/p>\n<p>Sfat de sp\u0103lare: Se recomand\u0103 sp\u0103larea manual\u0103 a tricourilor de fotbal. Dac\u0103 dori\u021bi s\u0103 utiliza\u021bi o ma\u0219in\u0103 de sp\u0103lat, nu uita\u021bi s\u0103 \u00eentoarce\u021bi tricoul \u0219i apoi s\u0103-l sp\u0103la\u021bi. \u0218i umple\u021bi ma\u0219ina cu ap\u0103 rece \u0219i folosi\u021bi un ciclu de sp\u0103lare delicat pentru a proteja mai mult culorile.<\/p>","protected":false},"excerpt":{"rendered":"<p>Majica za doma\u010di nogomet Manchester United FC 24-25 zdru\u017euje dva odtenka rde\u010de v gradientnem dizajnu. Ni prvi\u010d, da dres Manchester United zdru\u017euje dva odtenka rde\u010de. Nazadnje je bilo tako v sezoni 2016\/17.Prefinjena, a najbolj posebna zna\u010dilnost doma\u010dega dresa Manchester United 24-25 je prefinjen gradientni dizajn rde\u010de-na-rde\u010de.Kar zadeva predlogo, doma\u010di dres Manchester United 24-25 temelji na [&hellip;]<\/p>","protected":false},"featured_media":15906,"comment_status":"open","ping_status":"closed","template":"","meta":[],"product_brand":[],"product_cat":[140,35],"product_tag":[611,1164,1083,835,148,1082,147],"class_list":{"0":"post-15904","1":"product","2":"type-product","3":"status-publish","4":"has-post-thumbnail","6":"product_cat-moski","7":"product_cat-nogometni-dresi-manchester-united","8":"product_tag-dresi-manchester-united-za-moski","9":"product_tag-harry-maguire-dresi","10":"product_tag-nogometni-dresi-manchester-united-z-lastnim-imenom","11":"product_tag-poceni-moski-nogometni-dresi-manchester-united-z-lastnim-imenom","12":"product_tag-poceni-nogometni-dresi","13":"product_tag-poceni-nogometni-dresi-manchester-united","14":"product_tag-slovenski-nogometni-dresi","16":"first","17":"instock","18":"shipping-taxable","19":"purchasable","20":"product-type-variable"},"_links":{"self":[{"href":"https:\/\/www.nogometnizaotroke.com\/ro\/wp-json\/wp\/v2\/product\/15904","targetHints":{"allow":["GET"]}}],"collection":[{"href":"https:\/\/www.nogometnizaotroke.com\/ro\/wp-json\/wp\/v2\/product"}],"about":[{"href":"https:\/\/www.nogometnizaotroke.com\/ro\/wp-json\/wp\/v2\/types\/product"}],"replies":[{"embeddable":true,"href":"https:\/\/www.nogometnizaotroke.com\/ro\/wp-json\/wp\/v2\/comments?post=15904"}],"wp:featuredmedia":[{"embeddable":true,"href":"https:\/\/www.nogometnizaotroke.com\/ro\/wp-json\/wp\/v2\/media\/15906"}],"wp:attachment":[{"href":"https:\/\/www.nogometnizaotroke.com\/ro\/wp-json\/wp\/v2\/media?parent=15904"}],"wp:term":[{"taxonomy":"product_brand","embeddable":true,"href":"https:\/\/www.nogometnizaotroke.com\/ro\/wp-json\/wp\/v2\/product_brand?post=15904"},{"taxonomy":"product_cat","embeddable":true,"href":"https:\/\/www.nogometnizaotroke.com\/ro\/wp-json\/wp\/v2\/product_cat?post=15904"},{"taxonomy":"product_tag","embeddable":true,"href":"https:\/\/www.nogometnizaotroke.com\/ro\/wp-json\/wp\/v2\/product_tag?post=15904"}],"curies":[{"name":"wp","href":"https:\/\/api.w.org\/{rel}","templated":true}]}}