{"id":15472,"date":"2024-08-10T08:22:58","date_gmt":"2024-08-10T08:22:58","guid":{"rendered":"https:\/\/www.nogometnionline.com\/?post_type=product&#038;p=15472"},"modified":"2024-08-10T08:23:03","modified_gmt":"2024-08-10T08:23:03","slug":"nakup-otroske-nogometnih-dresov-wolves-domaci-2024-25-pedro-neto-7","status":"publish","type":"product","link":"https:\/\/www.nogometnizaotroke.com\/ro\/product\/nakup-otroske-nogometnih-dresov-wolves-domaci-2024-25-pedro-neto-7\/","title":{"rendered":"Nakup Otro\u0161ke Nogometnih dresov Wolves Doma\u010di 2024-25 Pedro Neto 7"},"content":{"rendered":"<p>Komplet Nogometnih dresov Wolves Doma\u010di 2024-25 SUDU se pona\u0161a z atletskim krojem in o\u010darljivim detajlom teksture \u017eakarda, ki je zasnovan tako, da pritegne pozornost, kjer koli se pojavi. Ikoni\u010dna podlaga iz starega zlata, okra\u0161ena z grbom kluba, je poklon slavni dedi\u0161\u010dini Wolves.<\/p>\n<p>Sfaturi pentru \u0219osete: tricoul nu include \u0219osete \u00een mod implicit. Dac\u0103 dori\u021bi \u0219osete, selecta\u021bi op\u021biunile pentru \u0219osete pentru a pl\u0103ti pentru ele.<\/p>\n<p>Sfat de imprimare: Dac\u0103 numele \u0219i num\u0103rul din imagine sunt exact ceea ce dori\u021bi, nu trebuie s\u0103 le introduce\u021bi din nou. Dac\u0103 nu este a\u0219a, introduce\u021bi numele \u0219i num\u0103rul dorite.<\/p>\n<p>Sfat de sp\u0103lare: Se recomand\u0103 sp\u0103larea manual\u0103 a tricourilor de fotbal. Dac\u0103 dori\u021bi s\u0103 utiliza\u021bi o ma\u0219in\u0103 de sp\u0103lat, nu uita\u021bi s\u0103 \u00eentoarce\u021bi tricoul \u0219i apoi s\u0103-l sp\u0103la\u021bi. \u0218i umple\u021bi ma\u0219ina cu ap\u0103 rece \u0219i folosi\u021bi un ciclu de sp\u0103lare delicat pentru a proteja mai mult culorile.<\/p>","protected":false},"excerpt":{"rendered":"<p>Komplet Nogometnih dresov Wolves Doma\u010di 2024-25 SUDU se pona\u0161a z atletskim krojem in o\u010darljivim detajlom teksture \u017eakarda, ki je zasnovan tako, da pritegne pozornost, kjer koli se pojavi. Ikoni\u010dna podlaga iz starega zlata, okra\u0161ena z grbom kluba, je poklon slavni dedi\u0161\u010dini Wolves. Nasveti za nogavice: Majica ne vsebuje nogavic privzeto. \u010ce \u017eelite nogavice, izberite mo\u017enosti [&hellip;]<\/p>","protected":false},"featured_media":15474,"comment_status":"open","ping_status":"closed","template":"","meta":[],"product_brand":[],"product_cat":[73,67],"product_tag":[1116,153,686,1117,684,159,685,1118,148,147],"class_list":{"0":"post-15472","1":"product","2":"type-product","3":"status-publish","4":"has-post-thumbnail","6":"product_cat-otroski","7":"product_cat-nogometni-dresi-wolves","8":"product_tag-dresi-wolves-za-otroke","9":"product_tag-nogometni-dresi","10":"product_tag-nogometni-dresi-wolves-z-lastnim-imenom","11":"product_tag-otroski-dresi-wolves-z-lastnim-imenom","12":"product_tag-otroski-dresi-za-nogomet","13":"product_tag-otroski-nogometni-dresi","14":"product_tag-otroski-nogometni-dresi-wolves","15":"product_tag-pedro-neto-dresi","16":"product_tag-poceni-nogometni-dresi","17":"product_tag-slovenski-nogometni-dresi","19":"first","20":"instock","21":"shipping-taxable","22":"purchasable","23":"product-type-variable"},"_links":{"self":[{"href":"https:\/\/www.nogometnizaotroke.com\/ro\/wp-json\/wp\/v2\/product\/15472","targetHints":{"allow":["GET"]}}],"collection":[{"href":"https:\/\/www.nogometnizaotroke.com\/ro\/wp-json\/wp\/v2\/product"}],"about":[{"href":"https:\/\/www.nogometnizaotroke.com\/ro\/wp-json\/wp\/v2\/types\/product"}],"replies":[{"embeddable":true,"href":"https:\/\/www.nogometnizaotroke.com\/ro\/wp-json\/wp\/v2\/comments?post=15472"}],"wp:featuredmedia":[{"embeddable":true,"href":"https:\/\/www.nogometnizaotroke.com\/ro\/wp-json\/wp\/v2\/media\/15474"}],"wp:attachment":[{"href":"https:\/\/www.nogometnizaotroke.com\/ro\/wp-json\/wp\/v2\/media?parent=15472"}],"wp:term":[{"taxonomy":"product_brand","embeddable":true,"href":"https:\/\/www.nogometnizaotroke.com\/ro\/wp-json\/wp\/v2\/product_brand?post=15472"},{"taxonomy":"product_cat","embeddable":true,"href":"https:\/\/www.nogometnizaotroke.com\/ro\/wp-json\/wp\/v2\/product_cat?post=15472"},{"taxonomy":"product_tag","embeddable":true,"href":"https:\/\/www.nogometnizaotroke.com\/ro\/wp-json\/wp\/v2\/product_tag?post=15472"}],"curies":[{"name":"wp","href":"https:\/\/api.w.org\/{rel}","templated":true}]}}