{"id":15162,"date":"2024-08-01T07:03:03","date_gmt":"2024-08-01T07:03:03","guid":{"rendered":"https:\/\/www.nogometnionline.com\/?post_type=product&#038;p=15162"},"modified":"2024-08-01T07:03:08","modified_gmt":"2024-08-01T07:03:08","slug":"poceni-moski-nogometni-dresi-ajax-domaci-2024-25-bela-rdeca-steven-bergwijn-7","status":"publish","type":"product","link":"https:\/\/www.nogometnizaotroke.com\/ro\/product\/poceni-moski-nogometni-dresi-ajax-domaci-2024-25-bela-rdeca-steven-bergwijn-7\/","title":{"rendered":"Tricouri de fotbal ieftine pentru b\u0103rba\u021bi Ajax Home 2024-25 alb ro\u0219u Steven Bergwijn 7"},"content":{"rendered":"<p>Majica Nogometni dresi Ajax Doma\u010di 2024-2025 se zgleduje po klubskih polo majicah z ovratnikom iz devetdesetih in dvajsetega stoletja. Ve\u010dinoma je bel z ikoni\u010dno veliko rde\u010do \u010drto spredaj in rde\u010dim polo ovratnikom.<br \/>\nMinimalisti\u010den, klasi\u010den videz je \u0161e posebej poklon ekipi ekipe Super Invincible iz leta 1995. V sezoni 1994-95 je Ajax zmagal v Eredivisie in Ligi prvakov brez ene same izgubljene tekme.<\/p>\n<p>Sfaturi pentru \u0219osete: tricoul nu include \u0219osete \u00een mod implicit. Dac\u0103 dori\u021bi \u0219osete, selecta\u021bi op\u021biunile pentru \u0219osete pentru a pl\u0103ti pentru ele.<\/p>\n<p>Sfat de imprimare: Dac\u0103 numele \u0219i num\u0103rul din imagine sunt exact ceea ce dori\u021bi, nu trebuie s\u0103 le introduce\u021bi din nou. Dac\u0103 nu este a\u0219a, introduce\u021bi numele \u0219i num\u0103rul dorite.<\/p>\n<p>Sfat de sp\u0103lare: Se recomand\u0103 sp\u0103larea manual\u0103 a tricourilor de fotbal. Dac\u0103 dori\u021bi s\u0103 utiliza\u021bi o ma\u0219in\u0103 de sp\u0103lat, nu uita\u021bi s\u0103 \u00eentoarce\u021bi tricoul \u0219i apoi s\u0103-l sp\u0103la\u021bi. \u0218i umple\u021bi ma\u0219ina cu ap\u0103 rece \u0219i folosi\u021bi un ciclu de sp\u0103lare delicat pentru a proteja mai mult culorile.<\/p>","protected":false},"excerpt":{"rendered":"<p>Majica Nogometni dresi Ajax Doma\u010di 2024-2025 se zgleduje po klubskih polo majicah z ovratnikom iz devetdesetih in dvajsetega stoletja. Ve\u010dinoma je bel z ikoni\u010dno veliko rde\u010do \u010drto spredaj in rde\u010dim polo ovratnikom. Minimalisti\u010den, klasi\u010den videz je \u0161e posebej poklon ekipi ekipe Super Invincible iz leta 1995. V sezoni 1994-95 je Ajax zmagal v Eredivisie in [&hellip;]<\/p>","protected":false},"featured_media":15164,"comment_status":"open","ping_status":"closed","template":"","meta":[],"product_brand":[],"product_cat":[140,57],"product_tag":[1022,150,1023,153,1028,148,1027,147,1034],"class_list":{"0":"post-15162","1":"product","2":"type-product","3":"status-publish","4":"has-post-thumbnail","6":"product_cat-moski","7":"product_cat-nogometni-dresi-ajax","8":"product_tag-moski-dresi-ajax-z-lastnim-imenom","9":"product_tag-moski-nogometni-dresi","10":"product_tag-moski-nogometni-dresi-ajax","11":"product_tag-nogometni-dresi","12":"product_tag-nogometni-dresi-ajax-z-lastnim-imenom","13":"product_tag-poceni-nogometni-dresi","14":"product_tag-poceni-nogometni-dresi-ajax","15":"product_tag-slovenski-nogometni-dresi","16":"product_tag-steven-bergwijn-dresi","18":"first","19":"instock","20":"shipping-taxable","21":"purchasable","22":"product-type-variable"},"_links":{"self":[{"href":"https:\/\/www.nogometnizaotroke.com\/ro\/wp-json\/wp\/v2\/product\/15162","targetHints":{"allow":["GET"]}}],"collection":[{"href":"https:\/\/www.nogometnizaotroke.com\/ro\/wp-json\/wp\/v2\/product"}],"about":[{"href":"https:\/\/www.nogometnizaotroke.com\/ro\/wp-json\/wp\/v2\/types\/product"}],"replies":[{"embeddable":true,"href":"https:\/\/www.nogometnizaotroke.com\/ro\/wp-json\/wp\/v2\/comments?post=15162"}],"wp:featuredmedia":[{"embeddable":true,"href":"https:\/\/www.nogometnizaotroke.com\/ro\/wp-json\/wp\/v2\/media\/15164"}],"wp:attachment":[{"href":"https:\/\/www.nogometnizaotroke.com\/ro\/wp-json\/wp\/v2\/media?parent=15162"}],"wp:term":[{"taxonomy":"product_brand","embeddable":true,"href":"https:\/\/www.nogometnizaotroke.com\/ro\/wp-json\/wp\/v2\/product_brand?post=15162"},{"taxonomy":"product_cat","embeddable":true,"href":"https:\/\/www.nogometnizaotroke.com\/ro\/wp-json\/wp\/v2\/product_cat?post=15162"},{"taxonomy":"product_tag","embeddable":true,"href":"https:\/\/www.nogometnizaotroke.com\/ro\/wp-json\/wp\/v2\/product_tag?post=15162"}],"curies":[{"name":"wp","href":"https:\/\/api.w.org\/{rel}","templated":true}]}}