{"id":14948,"date":"2024-07-28T10:56:46","date_gmt":"2024-07-28T10:56:46","guid":{"rendered":"https:\/\/www.nogometnionline.com\/?post_type=product&#038;p=14948"},"modified":"2024-07-28T10:56:50","modified_gmt":"2024-07-28T10:56:50","slug":"moski-nogometni-dresi-za-nogomet-anglija-gostujoci-euro-2024-cole-palmer-24","status":"publish","type":"product","link":"https:\/\/www.nogometnizaotroke.com\/ro\/product\/moski-nogometni-dresi-za-nogomet-anglija-gostujoci-euro-2024-cole-palmer-24\/","title":{"rendered":"Tricouri de fotbal pentru b\u0103rba\u021bi pentru fotbal Anglia departe Euro 2024 Cole Palmer 24"},"content":{"rendered":"<p>Tricoul de deplasare al Angliei pentru Euro 2024 are o culoare de castan \u00eenchis, numit\u0103 \"Dark Raisin\", combinat\u0103 cu \"Sesame\" pentru logo-uri, care este o nuan\u021b\u0103 aurie.\u00cen interiorul gulerului se afl\u0103 o cruce a Sf\u00e2ntului Gheorghe \u00een acelea\u0219i culori ca cele folosite pentru designul dungilor laterale.Aceast\u0103 nou\u0103 schem\u0103 de culori este o abatere semnificativ\u0103 de la tradi\u021bionalele tricouri de deplasare albastre sau ro\u0219ii folosite de Anglia \u00een trecut, dar ar putea fi foarte popular\u0103 \u00een r\u00e2ndul fanilor.<\/p>\n<p>Sfaturi pentru \u0219osete: tricoul nu include \u0219osete \u00een mod implicit. Dac\u0103 dori\u021bi \u0219osete, selecta\u021bi op\u021biunile pentru \u0219osete pentru a pl\u0103ti pentru ele.<\/p>\n<p>Sfat de imprimare: Dac\u0103 numele \u0219i num\u0103rul din imagine sunt exact ceea ce dori\u021bi, nu trebuie s\u0103 le introduce\u021bi din nou. Dac\u0103 nu este a\u0219a, introduce\u021bi numele \u0219i num\u0103rul dorite.<\/p>\n<p>Sfat de sp\u0103lare: Se recomand\u0103 sp\u0103larea manual\u0103 a tricourilor de fotbal. Dac\u0103 dori\u021bi s\u0103 utiliza\u021bi o ma\u0219in\u0103 de sp\u0103lat, nu uita\u021bi s\u0103 \u00eentoarce\u021bi tricoul \u0219i apoi s\u0103-l sp\u0103la\u021bi. \u0218i umple\u021bi ma\u0219ina cu ap\u0103 rece \u0219i folosi\u021bi un ciclu de sp\u0103lare delicat pentru a proteja mai mult culorile.<\/p>","protected":false},"excerpt":{"rendered":"<p>Anglija Gostujo\u010di Euro 2024 dresi ima temno bledo kostanjevo barvo, imenovano \u201cDark Raisin\u201d, v kombinaciji s \u201cSesame\u201d za logotipe, ki je zlat barvni odtenek.Znotraj ovratnika je kri\u017e sv. Jurija v enakih barvah, kot so uporabljene za dizajn stranskih \u010drt.Ta nova barvna shema je pomemben odmik od tradicionalnih modrih ali rde\u010dih kompletov za goste, ki jih [&hellip;]<\/p>","protected":false},"featured_media":14950,"comment_status":"open","ping_status":"closed","template":"","meta":[],"product_brand":[],"product_cat":[778,140,79],"product_tag":[785,959,150,153,148,147],"class_list":{"0":"post-14948","1":"product","2":"type-product","3":"status-publish","4":"has-post-thumbnail","6":"product_cat-euro-2024","7":"product_cat-moski","8":"product_cat-dresi-anglija-reprezentance","9":"product_tag-anglija-euro-2024-dresi","10":"product_tag-cole-palmer-dresi","11":"product_tag-moski-nogometni-dresi","12":"product_tag-nogometni-dresi","13":"product_tag-poceni-nogometni-dresi","14":"product_tag-slovenski-nogometni-dresi","16":"first","17":"instock","18":"shipping-taxable","19":"purchasable","20":"product-type-variable"},"_links":{"self":[{"href":"https:\/\/www.nogometnizaotroke.com\/ro\/wp-json\/wp\/v2\/product\/14948","targetHints":{"allow":["GET"]}}],"collection":[{"href":"https:\/\/www.nogometnizaotroke.com\/ro\/wp-json\/wp\/v2\/product"}],"about":[{"href":"https:\/\/www.nogometnizaotroke.com\/ro\/wp-json\/wp\/v2\/types\/product"}],"replies":[{"embeddable":true,"href":"https:\/\/www.nogometnizaotroke.com\/ro\/wp-json\/wp\/v2\/comments?post=14948"}],"wp:featuredmedia":[{"embeddable":true,"href":"https:\/\/www.nogometnizaotroke.com\/ro\/wp-json\/wp\/v2\/media\/14950"}],"wp:attachment":[{"href":"https:\/\/www.nogometnizaotroke.com\/ro\/wp-json\/wp\/v2\/media?parent=14948"}],"wp:term":[{"taxonomy":"product_brand","embeddable":true,"href":"https:\/\/www.nogometnizaotroke.com\/ro\/wp-json\/wp\/v2\/product_brand?post=14948"},{"taxonomy":"product_cat","embeddable":true,"href":"https:\/\/www.nogometnizaotroke.com\/ro\/wp-json\/wp\/v2\/product_cat?post=14948"},{"taxonomy":"product_tag","embeddable":true,"href":"https:\/\/www.nogometnizaotroke.com\/ro\/wp-json\/wp\/v2\/product_tag?post=14948"}],"curies":[{"name":"wp","href":"https:\/\/api.w.org\/{rel}","templated":true}]}}