{"id":14856,"date":"2024-07-25T06:34:14","date_gmt":"2024-07-25T06:34:14","guid":{"rendered":"https:\/\/www.nogometnionline.com\/?post_type=product&#038;p=14856"},"modified":"2024-07-25T06:34:25","modified_gmt":"2024-07-25T06:34:25","slug":"moski-nogometni-dresi-barcelona-domaci-2024-25-lamine-yamal-19","status":"publish","type":"product","link":"https:\/\/www.nogometnizaotroke.com\/ro\/product\/moski-nogometni-dresi-barcelona-domaci-2024-25-lamine-yamal-19\/","title":{"rendered":"Mo\u0161ki Nogometni dresi Barcelona Doma\u010di 2024-25 Lamine Yamal 19"},"content":{"rendered":"<p>Tricou de cas\u0103 FC Barcelona 2024-25 are o combina\u021bie de culori \u0219i un design foarte promi\u021b\u0103tor. Tricoul de cas\u0103 Barcelona 2024-25 combin\u0103 albastru regal, albastru marin \u0219i ro\u0219u cu logo-uri aurii. \u00een ceea ce prive\u0219te designul, echipamentul de cas\u0103 Barcelona 24-25 are un aspect jum\u0103tate-jum\u0103tate \u00een albastru \u0219i burgundy. Logo-urile Swoosh \u0219i Spotify sunt aurii, \u00een timp ce stema este \u00een culori standard. Man\u0219etele gulerului \u0219i ale m\u00e2necilor sunt albastru marin. combina\u021bia de culori \u0219i designul evoc\u0103 amintiri ale tricoului Barcelona 100th Anniversary.<\/p>\n<p>Sfaturi pentru \u0219osete: tricoul nu include \u0219osete \u00een mod implicit. Dac\u0103 dori\u021bi \u0219osete, selecta\u021bi op\u021biunile pentru \u0219osete pentru a pl\u0103ti pentru ele.<\/p>\n<p>Sfat de imprimare: Dac\u0103 numele \u0219i num\u0103rul din imagine sunt exact ceea ce dori\u021bi, nu trebuie s\u0103 le introduce\u021bi din nou. Dac\u0103 nu este a\u0219a, introduce\u021bi numele \u0219i num\u0103rul dorite.<\/p>\n<p>Sfat de sp\u0103lare: Se recomand\u0103 sp\u0103larea manual\u0103 a tricourilor de fotbal. Dac\u0103 dori\u021bi s\u0103 utiliza\u021bi o ma\u0219in\u0103 de sp\u0103lat, nu uita\u021bi s\u0103 \u00eentoarce\u021bi tricoul \u0219i apoi s\u0103-l sp\u0103la\u021bi. \u0218i umple\u021bi ma\u0219ina cu ap\u0103 rece \u0219i folosi\u021bi un ciclu de sp\u0103lare delicat pentru a proteja mai mult culorile.<\/p>","protected":false},"excerpt":{"rendered":"<p>Doma\u010di dres FC Barcelona 2024-25 ima zelo obetavno barvno kombinacijo in dizajn. Doma\u010di dres Barcelone 2024-25 zdru\u017euje kraljevsko modro, mornarsko modro in rde\u010do z zlatimi logotipi.Kar zadeva obliko, ima komplet za dom Barcelona 24-25 videz pol in pol v modri in bordo barvi. Logotipa Swoosh in Spotify sta zlata, medtem ko je grb v standardnih [&hellip;]<\/p>","protected":false},"featured_media":14858,"comment_status":"open","ping_status":"closed","template":"","meta":[],"product_brand":[],"product_cat":[140,34],"product_tag":[843,932,150,153,191,148,161,147],"class_list":{"0":"post-14856","1":"product","2":"type-product","3":"status-publish","4":"has-post-thumbnail","6":"product_cat-moski","7":"product_cat-nogometni-dresi-barcelona","8":"product_tag-2024-25-nogometni-dresi","9":"product_tag-lamine-yamal-dresi","10":"product_tag-moski-nogometni-dresi","11":"product_tag-nogometni-dresi","12":"product_tag-nogometni-dresi-kompleti","13":"product_tag-poceni-nogometni-dresi","14":"product_tag-poceni-nogometni-dresi-barcelona-z-lastnim-imenom-online","15":"product_tag-slovenski-nogometni-dresi","17":"first","18":"instock","19":"shipping-taxable","20":"purchasable","21":"product-type-variable"},"_links":{"self":[{"href":"https:\/\/www.nogometnizaotroke.com\/ro\/wp-json\/wp\/v2\/product\/14856","targetHints":{"allow":["GET"]}}],"collection":[{"href":"https:\/\/www.nogometnizaotroke.com\/ro\/wp-json\/wp\/v2\/product"}],"about":[{"href":"https:\/\/www.nogometnizaotroke.com\/ro\/wp-json\/wp\/v2\/types\/product"}],"replies":[{"embeddable":true,"href":"https:\/\/www.nogometnizaotroke.com\/ro\/wp-json\/wp\/v2\/comments?post=14856"}],"wp:featuredmedia":[{"embeddable":true,"href":"https:\/\/www.nogometnizaotroke.com\/ro\/wp-json\/wp\/v2\/media\/14858"}],"wp:attachment":[{"href":"https:\/\/www.nogometnizaotroke.com\/ro\/wp-json\/wp\/v2\/media?parent=14856"}],"wp:term":[{"taxonomy":"product_brand","embeddable":true,"href":"https:\/\/www.nogometnizaotroke.com\/ro\/wp-json\/wp\/v2\/product_brand?post=14856"},{"taxonomy":"product_cat","embeddable":true,"href":"https:\/\/www.nogometnizaotroke.com\/ro\/wp-json\/wp\/v2\/product_cat?post=14856"},{"taxonomy":"product_tag","embeddable":true,"href":"https:\/\/www.nogometnizaotroke.com\/ro\/wp-json\/wp\/v2\/product_tag?post=14856"}],"curies":[{"name":"wp","href":"https:\/\/api.w.org\/{rel}","templated":true}]}}