{"id":14664,"date":"2024-07-20T12:57:07","date_gmt":"2024-07-20T12:57:07","guid":{"rendered":"https:\/\/www.nogometnionline.com\/?post_type=product&#038;p=14664"},"modified":"2024-07-20T12:57:12","modified_gmt":"2024-07-20T12:57:12","slug":"poceni-moski-nogometni-dresi-belgija-gostujoci-euro-2024-z-lastnim-imenom","status":"publish","type":"product","link":"https:\/\/www.nogometnizaotroke.com\/ro\/product\/poceni-moski-nogometni-dresi-belgija-gostujoci-euro-2024-z-lastnim-imenom\/","title":{"rendered":"Tricouri de fotbal ieftine pentru b\u0103rba\u021bi Belgia g\u0103zduie\u0219te Euro 2024 cu propriul nume"},"content":{"rendered":"<p>Novi Belgija Gostujo\u010di Euro 2024 dresi v gosteh je poklon Tintinu in njegovi slavni obleki. Gostujo\u010da oprema Belgije 2024 je prete\u017eno sestavljena iz modrih kovinsko srebrnih logotipov in belih aplikacij.Uporablja klasi\u010den bel Polo ovratnik, ki spominja na Tintinovega. Sprednji del novega belgijskega gostujo\u010dega dresa za Euro 2024 ima ble\u0161\u010de\u010d diamantni vzorec.<\/p>\n<p>Sfaturi pentru \u0219osete: tricoul nu include \u0219osete \u00een mod implicit. Dac\u0103 dori\u021bi \u0219osete, selecta\u021bi op\u021biunile pentru \u0219osete pentru a pl\u0103ti pentru ele.<\/p>\n<p>Sfat de imprimare: Dac\u0103 numele \u0219i num\u0103rul din imagine sunt exact ceea ce dori\u021bi, nu trebuie s\u0103 le introduce\u021bi din nou. Dac\u0103 nu este a\u0219a, introduce\u021bi numele \u0219i num\u0103rul dorite.<\/p>\n<p>Sfat de sp\u0103lare: Se recomand\u0103 sp\u0103larea manual\u0103 a tricourilor de fotbal. Dac\u0103 dori\u021bi s\u0103 utiliza\u021bi o ma\u0219in\u0103 de sp\u0103lat, nu uita\u021bi s\u0103 \u00eentoarce\u021bi tricoul \u0219i apoi s\u0103-l sp\u0103la\u021bi. \u0218i umple\u021bi ma\u0219ina cu ap\u0103 rece \u0219i folosi\u021bi un ciclu de sp\u0103lare delicat pentru a proteja mai mult culorile.<\/p>","protected":false},"excerpt":{"rendered":"<p>Novi Belgija Gostujo\u010di Euro 2024 dresi v gosteh je poklon Tintinu in njegovi slavni obleki. Gostujo\u010da oprema Belgije 2024 je prete\u017eno sestavljena iz modrih kovinsko srebrnih logotipov in belih aplikacij.Uporablja klasi\u010den bel Polo ovratnik, ki spominja na Tintinovega. Sprednji del novega belgijskega gostujo\u010dega dresa za Euro 2024 ima ble\u0161\u010de\u010d diamantni vzorec. Nasveti za nogavice: Majica [&hellip;]<\/p>","protected":false},"featured_media":14666,"comment_status":"open","ping_status":"closed","template":"","meta":[],"product_brand":[],"product_cat":[778,140,78],"product_tag":[788,150,153,148,147],"class_list":{"0":"post-14664","1":"product","2":"type-product","3":"status-publish","4":"has-post-thumbnail","6":"product_cat-euro-2024","7":"product_cat-moski","8":"product_cat-dresi-belgija-reprezentance","9":"product_tag-belgija-euro-2024-dresi","10":"product_tag-moski-nogometni-dresi","11":"product_tag-nogometni-dresi","12":"product_tag-poceni-nogometni-dresi","13":"product_tag-slovenski-nogometni-dresi","15":"first","16":"instock","17":"shipping-taxable","18":"purchasable","19":"product-type-variable"},"_links":{"self":[{"href":"https:\/\/www.nogometnizaotroke.com\/ro\/wp-json\/wp\/v2\/product\/14664","targetHints":{"allow":["GET"]}}],"collection":[{"href":"https:\/\/www.nogometnizaotroke.com\/ro\/wp-json\/wp\/v2\/product"}],"about":[{"href":"https:\/\/www.nogometnizaotroke.com\/ro\/wp-json\/wp\/v2\/types\/product"}],"replies":[{"embeddable":true,"href":"https:\/\/www.nogometnizaotroke.com\/ro\/wp-json\/wp\/v2\/comments?post=14664"}],"wp:featuredmedia":[{"embeddable":true,"href":"https:\/\/www.nogometnizaotroke.com\/ro\/wp-json\/wp\/v2\/media\/14666"}],"wp:attachment":[{"href":"https:\/\/www.nogometnizaotroke.com\/ro\/wp-json\/wp\/v2\/media?parent=14664"}],"wp:term":[{"taxonomy":"product_brand","embeddable":true,"href":"https:\/\/www.nogometnizaotroke.com\/ro\/wp-json\/wp\/v2\/product_brand?post=14664"},{"taxonomy":"product_cat","embeddable":true,"href":"https:\/\/www.nogometnizaotroke.com\/ro\/wp-json\/wp\/v2\/product_cat?post=14664"},{"taxonomy":"product_tag","embeddable":true,"href":"https:\/\/www.nogometnizaotroke.com\/ro\/wp-json\/wp\/v2\/product_tag?post=14664"}],"curies":[{"name":"wp","href":"https:\/\/api.w.org\/{rel}","templated":true}]}}