{"id":14503,"date":"2024-07-15T04:30:29","date_gmt":"2024-07-15T04:30:29","guid":{"rendered":"https:\/\/www.nogometnionline.com\/?post_type=product&#038;p=14503"},"modified":"2024-07-15T04:30:34","modified_gmt":"2024-07-15T04:30:34","slug":"moske-nogometnih-dresov-tottenham-hotspur-domaci-dresi-2024-2025-cristian-romero-17","status":"publish","type":"product","link":"https:\/\/www.nogometnizaotroke.com\/ro\/product\/moske-nogometnih-dresov-tottenham-hotspur-domaci-dresi-2024-2025-cristian-romero-17\/","title":{"rendered":"B\u0103rba\u021bi Tottenham Hotspur Acas\u0103 Jerseuri 2024-2025 Cristian Romero 17"},"content":{"rendered":"<p>Tottenham Hotspur Doma\u010di 2024-2025\u00a0 je izjemen \u2013 zdru\u017euje belo osnovo z veliko ve\u010d mornarice kot obi\u010dajno. Rokavi, stranski deli in ovratnik so mornarsko modri. Uradno so barve doma\u010dega dresa Tottenham Hotspur 24-25 \u201cbela\/dvojno modra\/dvojno modra\u201d. Man\u0161ete rokavov doma\u010de opreme Tottenham 24-25 so opremljene z mornarsko belimi robovi.<\/p>\n<p>Sfaturi pentru \u0219osete: tricoul nu include \u0219osete \u00een mod implicit. Dac\u0103 dori\u021bi \u0219osete, selecta\u021bi op\u021biunile pentru \u0219osete pentru a pl\u0103ti pentru ele.<\/p>\n<p>Sfat de imprimare: Dac\u0103 numele \u0219i num\u0103rul din imagine sunt exact ceea ce dori\u021bi, nu trebuie s\u0103 le introduce\u021bi din nou. Dac\u0103 nu este a\u0219a, introduce\u021bi numele \u0219i num\u0103rul dorite.<\/p>\n<p>Sfat de sp\u0103lare: Se recomand\u0103 sp\u0103larea manual\u0103 a tricourilor de fotbal. Dac\u0103 dori\u021bi s\u0103 utiliza\u021bi o ma\u0219in\u0103 de sp\u0103lat, nu uita\u021bi s\u0103 \u00eentoarce\u021bi tricoul \u0219i apoi s\u0103-l sp\u0103la\u021bi. \u0218i umple\u021bi ma\u0219ina cu ap\u0103 rece \u0219i folosi\u021bi un ciclu de sp\u0103lare delicat pentru a proteja mai mult culorile.<\/p>","protected":false},"excerpt":{"rendered":"<p>Tottenham Hotspur Doma\u010di 2024-2025\u00a0 je izjemen \u2013 zdru\u017euje belo osnovo z veliko ve\u010d mornarice kot obi\u010dajno. Rokavi, stranski deli in ovratnik so mornarsko modri. Uradno so barve doma\u010dega dresa Tottenham Hotspur 24-25 \u201cbela\/dvojno modra\/dvojno modra\u201d. Man\u0161ete rokavov doma\u010de opreme Tottenham 24-25 so opremljene z mornarsko belimi robovi. Nasveti za nogavice: Majica ne vsebuje nogavic privzeto. [&hellip;]<\/p>","protected":false},"featured_media":14505,"comment_status":"open","ping_status":"closed","template":"","meta":[],"product_brand":[],"product_cat":[140,42],"product_tag":[545,547,546,954,768,148,953,952],"class_list":{"0":"post-14503","1":"product","2":"type-product","3":"status-publish","4":"has-post-thumbnail","6":"product_cat-moski","7":"product_cat-nogometni-dresi-tottenham-hotspur","8":"product_tag-nogometni-dresi-slovenija","9":"product_tag-nogometni-dresi-tottenham-hotspur-prodaja","10":"product_tag-nogometni-dresi-tottenham-hotspur-z-lastnim-tiskom","11":"product_tag-otroske-nogometni-dresi-cristian-romero","12":"product_tag-poceni-moski-nogometni-dresi","13":"product_tag-poceni-nogometni-dresi","14":"product_tag-poceni-nogometni-dresi-cristian-romero","15":"product_tag-poceni-nogometni-dresi-tottenham-hotspur","17":"first","18":"instock","19":"shipping-taxable","20":"purchasable","21":"product-type-variable"},"_links":{"self":[{"href":"https:\/\/www.nogometnizaotroke.com\/ro\/wp-json\/wp\/v2\/product\/14503","targetHints":{"allow":["GET"]}}],"collection":[{"href":"https:\/\/www.nogometnizaotroke.com\/ro\/wp-json\/wp\/v2\/product"}],"about":[{"href":"https:\/\/www.nogometnizaotroke.com\/ro\/wp-json\/wp\/v2\/types\/product"}],"replies":[{"embeddable":true,"href":"https:\/\/www.nogometnizaotroke.com\/ro\/wp-json\/wp\/v2\/comments?post=14503"}],"wp:featuredmedia":[{"embeddable":true,"href":"https:\/\/www.nogometnizaotroke.com\/ro\/wp-json\/wp\/v2\/media\/14505"}],"wp:attachment":[{"href":"https:\/\/www.nogometnizaotroke.com\/ro\/wp-json\/wp\/v2\/media?parent=14503"}],"wp:term":[{"taxonomy":"product_brand","embeddable":true,"href":"https:\/\/www.nogometnizaotroke.com\/ro\/wp-json\/wp\/v2\/product_brand?post=14503"},{"taxonomy":"product_cat","embeddable":true,"href":"https:\/\/www.nogometnizaotroke.com\/ro\/wp-json\/wp\/v2\/product_cat?post=14503"},{"taxonomy":"product_tag","embeddable":true,"href":"https:\/\/www.nogometnizaotroke.com\/ro\/wp-json\/wp\/v2\/product_tag?post=14503"}],"curies":[{"name":"wp","href":"https:\/\/api.w.org\/{rel}","templated":true}]}}