{"id":14476,"date":"2024-07-14T13:44:25","date_gmt":"2024-07-14T13:44:25","guid":{"rendered":"https:\/\/www.nogometnionline.com\/?post_type=product&#038;p=14476"},"modified":"2024-07-14T13:44:30","modified_gmt":"2024-07-14T13:44:30","slug":"najcenejsi-otroski-nogometni-dresi-tottenham-hotspur-gostujoci-2024-2025","status":"publish","type":"product","link":"https:\/\/www.nogometnizaotroke.com\/ro\/product\/najcenejsi-otroski-nogometni-dresi-tottenham-hotspur-gostujoci-2024-2025\/","title":{"rendered":"Cel mai ieftin Tottenham Hotspur Kids Soccer Jerseys Away 2024-2025"},"content":{"rendered":"<p>Acesta este o \u00eentoarcere la anii 1980. Replic\u00e2nd unele dintre cele mai bune \u0219i mai ironice tricouri de la \u00eenceputul anilor '80, acest tricou Tottenham Hotspur 2024-2025 este un c\u00e2\u0219tig\u0103tor instant, cu o palet\u0103 de culori \u0219i un \u0219ablon de design care capteaz\u0103 farmecul stilului, p\u0103str\u00e2ndu-l \u00een acela\u0219i timp discret. \u00cenceputul anilor '80 a fost o perioad\u0103 \u00een care Tottenham a adoptat albastrul str\u0103lucitor ca culoare a clubului, adesea g\u0103sit pe al doilea \u0219i al treilea tricou, iar aceste kituri celebre au inclus sponsorizarea memorabil\u0103 Bosporus cu m\u00e2ndrie pe fa\u021b\u0103 - una care a r\u0103mas cu clubul timp de peste un deceniu. Dou\u0103 Cupe FA, un Community Shield \u0219i o victorie \u00een Cupa European\u0103 din '80 p\u00e2n\u0103 \u00een '85 rezum\u0103 o epoc\u0103 de succes \u0219i r\u0103m\u00e2n \u00een albastru str\u0103lucitor \u00een timp ce Spurs caut\u0103 s\u0103 repete acest succes \u00een acest sezon. Echipamentul de deplasare 2024\/25 al lui Tottenham Hotspur are un design elegant \u0219i contemporan, cu o baz\u0103 marin\u0103 ad\u00e2nc\u0103 accentuat\u0103 de detalii \u00eendr\u0103zne\u021be, vibrante \u00een albastru \u0219i maro. Tricoul are un model de dungi diagonale izbitoare care adaug\u0103 o not\u0103 dinamic\u0103 \u0219i contemporan\u0103.<\/p>\n<p>Sfaturi pentru \u0219osete: tricoul nu include \u0219osete \u00een mod implicit. Dac\u0103 dori\u021bi \u0219osete, selecta\u021bi op\u021biunile pentru \u0219osete pentru a pl\u0103ti pentru ele.<\/p>\n<p>Sfat de imprimare: Dac\u0103 numele \u0219i num\u0103rul din imagine sunt exact ceea ce dori\u021bi, nu trebuie s\u0103 le introduce\u021bi din nou. Dac\u0103 nu este a\u0219a, introduce\u021bi numele \u0219i num\u0103rul dorite.<\/p>\n<p>Sfat de sp\u0103lare: Se recomand\u0103 sp\u0103larea manual\u0103 a tricourilor de fotbal. Dac\u0103 dori\u021bi s\u0103 utiliza\u021bi o ma\u0219in\u0103 de sp\u0103lat, nu uita\u021bi s\u0103 \u00eentoarce\u021bi tricoul \u0219i apoi s\u0103-l sp\u0103la\u021bi. \u0218i umple\u021bi ma\u0219ina cu ap\u0103 rece \u0219i folosi\u021bi un ciclu de sp\u0103lare delicat pentru a proteja mai mult culorile.<\/p>","protected":false},"excerpt":{"rendered":"<p>Ta je vrnitev v 80. leta. Ta Nogometni dresi Tottenham Hotspur Gostujo\u010di 2024-2025, ki posnema nekatere izmed najbolj\u0161ih in najbolj ironi\u010dnih kompletov iz zgodnjih 80-ih, je takoj\u0161en zmagovalec z barvno paleto in oblikovno predlogo, ki ujame slogovni bli\u0161\u010d, hkrati pa ga ohranja nizko. Zgodnja 80. leta je obdobje, ko je Tottenham sprejel svetlo modro kot [&hellip;]<\/p>","protected":false},"featured_media":14478,"comment_status":"open","ping_status":"closed","template":"","meta":[],"product_brand":[],"product_cat":[73,42],"product_tag":[220,591,159,148,590,147],"class_list":{"0":"post-14476","1":"product","2":"type-product","3":"status-publish","4":"has-post-thumbnail","6":"product_cat-otroski","7":"product_cat-nogometni-dresi-tottenham-hotspur","8":"product_tag-nogometni-dresi-za-otroke","9":"product_tag-otroski-dresi-tottenham-hotspur-z-lastnim-imenom","10":"product_tag-otroski-nogometni-dresi","11":"product_tag-poceni-nogometni-dresi","12":"product_tag-poceni-nogometni-dresi-tottenham-hotspurz-lastnim-imenom-online","13":"product_tag-slovenski-nogometni-dresi","15":"first","16":"instock","17":"shipping-taxable","18":"purchasable","19":"product-type-variable"},"_links":{"self":[{"href":"https:\/\/www.nogometnizaotroke.com\/ro\/wp-json\/wp\/v2\/product\/14476","targetHints":{"allow":["GET"]}}],"collection":[{"href":"https:\/\/www.nogometnizaotroke.com\/ro\/wp-json\/wp\/v2\/product"}],"about":[{"href":"https:\/\/www.nogometnizaotroke.com\/ro\/wp-json\/wp\/v2\/types\/product"}],"replies":[{"embeddable":true,"href":"https:\/\/www.nogometnizaotroke.com\/ro\/wp-json\/wp\/v2\/comments?post=14476"}],"wp:featuredmedia":[{"embeddable":true,"href":"https:\/\/www.nogometnizaotroke.com\/ro\/wp-json\/wp\/v2\/media\/14478"}],"wp:attachment":[{"href":"https:\/\/www.nogometnizaotroke.com\/ro\/wp-json\/wp\/v2\/media?parent=14476"}],"wp:term":[{"taxonomy":"product_brand","embeddable":true,"href":"https:\/\/www.nogometnizaotroke.com\/ro\/wp-json\/wp\/v2\/product_brand?post=14476"},{"taxonomy":"product_cat","embeddable":true,"href":"https:\/\/www.nogometnizaotroke.com\/ro\/wp-json\/wp\/v2\/product_cat?post=14476"},{"taxonomy":"product_tag","embeddable":true,"href":"https:\/\/www.nogometnizaotroke.com\/ro\/wp-json\/wp\/v2\/product_tag?post=14476"}],"curies":[{"name":"wp","href":"https:\/\/api.w.org\/{rel}","templated":true}]}}