{"id":14309,"date":"2024-07-09T09:37:01","date_gmt":"2024-07-09T09:37:01","guid":{"rendered":"https:\/\/www.nogometnionline.com\/?post_type=product&#038;p=14309"},"modified":"2024-09-02T09:25:36","modified_gmt":"2024-09-02T09:25:36","slug":"otroski-nogometni-dresi-za-otroke-manchester-city-domaci-2024-25-erling-haaland-9","status":"publish","type":"product","link":"https:\/\/www.nogometnizaotroke.com\/ro\/product\/otroski-nogometni-dresi-za-otroke-manchester-city-domaci-2024-25-erling-haaland-9\/","title":{"rendered":"Otro\u0161ki Nogometni dresi za otroke Manchester City Doma\u010di 2024-25 Erling Haaland 9"},"content":{"rendered":"<p>Conceput \u00een albastru ciel, bazat \u00een mod ironic pe schema de culori de acas\u0103 a lui Man City, acest tricou prezint\u0103 un nou design inspirat de indicativul \"0161\" care acoper\u0103 centrul ora\u0219ului Manchester City. Tricoul albastru cer este accentuat cu inser\u021bii marine \u0219i o grafic\u0103 unic\u0103 de camuflaj \u00een stil graffiti care utilizeaz\u0103 numerele \"0161\" \u00een jurul gulerului \u0219i man\u0219etelor de pe m\u00e2neci. Insigna Manchester City \u0219i logo-ul Puma sunt brodate pe partea din fa\u021b\u0103 a tricoului, iar logo-ul sponsorului este, de asemenea, imprimat.<\/p>\n<p>Perfect pentru to\u021bi tinerii fani Man City, acest tricou de cas\u0103 este ideal pentru a-\u021bi ar\u0103ta loialitatea fa\u021b\u0103 de echip\u0103. Are m\u00e2neci scurte, un guler cu nervuri \u0219i o croial\u0103 standard pentru un confort optim. \u00cen tinere\u021bea fotbalistului Dean, acest tricou este fabricat din cel pu\u021bin 95 de poliester reciclat %, are canale de ventila\u021bie din plas\u0103 \u0219i un agent distinctiv Duracell de gestionare a transpira\u021biei pentru a men\u021bine tinerii juc\u0103tori r\u0103coro\u0219i \u0219i usca\u021bi.<\/p>","protected":false},"excerpt":{"rendered":"<p>Ta majica, oblikovana v nebesno modri barvi po ironi\u010dni doma\u010di barvni shemi Man City, ima nov dizajn, ki ga je navdihnila klicna koda \u20180161\u2019, ki pokriva sredi\u0161\u010de Manchester City. Nebe\u0161ko moder dres je poudarjen z mornarskimi vstavki in edinstveno maskirno grafiko v slogu grafitov, ki uporablja \u0161tevilke \u20180161\u2019 okoli ovratnika in man\u0161et na rokavih. Na [&hellip;]<\/p>","protected":false},"featured_media":14311,"comment_status":"open","ping_status":"closed","template":"","meta":[],"product_brand":[],"product_cat":[73,44],"product_tag":[899,821,883,938,153,159,148,147],"class_list":{"0":"post-14309","1":"product","2":"type-product","3":"status-publish","4":"has-post-thumbnail","6":"product_cat-otroski","7":"product_cat-nogometni-dresi-manchester-city","8":"product_tag-erling-haaland-dresi","9":"product_tag-manchester-city-dres","10":"product_tag-manchester-city-dresi-2024","11":"product_tag-manchester-city-z-lastnim-imenom-online","12":"product_tag-nogometni-dresi","13":"product_tag-otroski-nogometni-dresi","14":"product_tag-poceni-nogometni-dresi","15":"product_tag-slovenski-nogometni-dresi","17":"first","18":"instock","19":"featured","20":"shipping-taxable","21":"purchasable","22":"product-type-variable"},"_links":{"self":[{"href":"https:\/\/www.nogometnizaotroke.com\/ro\/wp-json\/wp\/v2\/product\/14309","targetHints":{"allow":["GET"]}}],"collection":[{"href":"https:\/\/www.nogometnizaotroke.com\/ro\/wp-json\/wp\/v2\/product"}],"about":[{"href":"https:\/\/www.nogometnizaotroke.com\/ro\/wp-json\/wp\/v2\/types\/product"}],"replies":[{"embeddable":true,"href":"https:\/\/www.nogometnizaotroke.com\/ro\/wp-json\/wp\/v2\/comments?post=14309"}],"wp:featuredmedia":[{"embeddable":true,"href":"https:\/\/www.nogometnizaotroke.com\/ro\/wp-json\/wp\/v2\/media\/14311"}],"wp:attachment":[{"href":"https:\/\/www.nogometnizaotroke.com\/ro\/wp-json\/wp\/v2\/media?parent=14309"}],"wp:term":[{"taxonomy":"product_brand","embeddable":true,"href":"https:\/\/www.nogometnizaotroke.com\/ro\/wp-json\/wp\/v2\/product_brand?post=14309"},{"taxonomy":"product_cat","embeddable":true,"href":"https:\/\/www.nogometnizaotroke.com\/ro\/wp-json\/wp\/v2\/product_cat?post=14309"},{"taxonomy":"product_tag","embeddable":true,"href":"https:\/\/www.nogometnizaotroke.com\/ro\/wp-json\/wp\/v2\/product_tag?post=14309"}],"curies":[{"name":"wp","href":"https:\/\/api.w.org\/{rel}","templated":true}]}}