{"id":14034,"date":"2024-07-02T03:01:02","date_gmt":"2024-07-02T03:01:02","guid":{"rendered":"https:\/\/www.nogometnionline.com\/?post_type=product&#038;p=14034"},"modified":"2024-07-02T03:01:07","modified_gmt":"2024-07-02T03:01:07","slug":"zenski-nogometni-dresi-nemcija-reprezentance-domaci-euro-2024-z-imenom-antonio-rudiger-2","status":"publish","type":"product","link":"https:\/\/www.nogometnizaotroke.com\/ro\/product\/zenski-nogometni-dresi-nemcija-reprezentance-domaci-euro-2024-z-imenom-antonio-rudiger-2\/","title":{"rendered":"Tricouri de fotbal pentru femei Echipa na\u021bional\u0103 Germania Acas\u0103 Euro 2024 cu Antonio Rudiger 2"},"content":{"rendered":"<p>Tricou pentru <strong>Tricouri de fotbal Germania Echipa Na\u021bional\u0103 Acas\u0103 Euro 2024<\/strong> are un design modern \u0219i remarcabil. Tricourile de fotbal Germany Home pentru UEFA Euro 2024 reprezint\u0103 o aluzie nostalgic\u0103 la fostele echipe germane. Baza alb\u0103 face loc unui tricolor al drapelului german de-a lungul m\u00e2necilor, un semn distinctiv al Cupei Mondiale din 1994. \u00cen mod interesant, echipa din 1994 c\u00e2\u0219tig\u0103 o alt\u0103 distinc\u021bie, deoarece logo-urile DFB ale acesteia formeaz\u0103 un model care se \u00eentinde pe \u00eentregul tricou.<\/p>","protected":false},"excerpt":{"rendered":"<p>Majica za Nogometni dresi Nem\u010dija Reprezentance Doma\u010di Euro 2024 ima sodoben in izjemen dizajn. Nogometni dresi Nem\u010dija Doma\u010di za turnir UEFA Euro 2024 je nostalgi\u010dno prikimavanje nekdanjih nem\u0161kih ekip. Bela podlaga naredi prostor za tribarvnico nem\u0161ke zastave vzdol\u017e rokavov, kar je znak svetovnega prvenstva leta 1994. Zanimivo je, da si ekipa iz leta 1994 prislu\u017ei [&hellip;]<\/p>","protected":false},"featured_media":14036,"comment_status":"open","ping_status":"closed","template":"","meta":[],"product_brand":[],"product_cat":[778,74,80],"product_tag":[911,900,779,153,148,901,147,320],"class_list":{"0":"post-14034","1":"product","2":"type-product","3":"status-publish","4":"has-post-thumbnail","6":"product_cat-euro-2024","7":"product_cat-zenski","8":"product_cat-dresi-nemcija-reprezentance","9":"product_tag-antonio-rudiger-dresi","10":"product_tag-kupiti-zenski-dresi-nemcija-euro-2024","11":"product_tag-nemcija-euro-2024-dresi","12":"product_tag-nogometni-dresi","13":"product_tag-poceni-nogometni-dresi","14":"product_tag-poceni-zenski-dresi-nemcija-euro-2024","15":"product_tag-slovenski-nogometni-dresi","16":"product_tag-zenski-nogometni-dresi","18":"first","19":"instock","20":"shipping-taxable","21":"purchasable","22":"product-type-variable"},"_links":{"self":[{"href":"https:\/\/www.nogometnizaotroke.com\/ro\/wp-json\/wp\/v2\/product\/14034","targetHints":{"allow":["GET"]}}],"collection":[{"href":"https:\/\/www.nogometnizaotroke.com\/ro\/wp-json\/wp\/v2\/product"}],"about":[{"href":"https:\/\/www.nogometnizaotroke.com\/ro\/wp-json\/wp\/v2\/types\/product"}],"replies":[{"embeddable":true,"href":"https:\/\/www.nogometnizaotroke.com\/ro\/wp-json\/wp\/v2\/comments?post=14034"}],"wp:featuredmedia":[{"embeddable":true,"href":"https:\/\/www.nogometnizaotroke.com\/ro\/wp-json\/wp\/v2\/media\/14036"}],"wp:attachment":[{"href":"https:\/\/www.nogometnizaotroke.com\/ro\/wp-json\/wp\/v2\/media?parent=14034"}],"wp:term":[{"taxonomy":"product_brand","embeddable":true,"href":"https:\/\/www.nogometnizaotroke.com\/ro\/wp-json\/wp\/v2\/product_brand?post=14034"},{"taxonomy":"product_cat","embeddable":true,"href":"https:\/\/www.nogometnizaotroke.com\/ro\/wp-json\/wp\/v2\/product_cat?post=14034"},{"taxonomy":"product_tag","embeddable":true,"href":"https:\/\/www.nogometnizaotroke.com\/ro\/wp-json\/wp\/v2\/product_tag?post=14034"}],"curies":[{"name":"wp","href":"https:\/\/api.w.org\/{rel}","templated":true}]}}