{"id":13947,"date":"2024-07-01T04:35:22","date_gmt":"2024-07-01T04:35:22","guid":{"rendered":"https:\/\/www.nogometnionline.com\/?post_type=product&#038;p=13947"},"modified":"2024-07-01T04:35:26","modified_gmt":"2024-07-01T04:35:26","slug":"zenski-nogometni-dresi-psg-paris-saint-germain-domaci-2024-25","status":"publish","type":"product","link":"https:\/\/www.nogometnizaotroke.com\/ro\/product\/zenski-nogometni-dresi-psg-paris-saint-germain-domaci-2024-25\/","title":{"rendered":"Tricouri de fotbal pentru femei PSG Paris Saint-Germain Home 2024-25"},"content":{"rendered":"<p><strong>Tricouri de fotbal pentru femei PSG Paris Saint-Germain Home 2024-25<br \/>\n<\/strong><br \/>\nMajica doma\u010dega nogometa PSG 2024-25 se vra\u010da k klubskemu klasi\u010dnemu Hechterju. Zadnji dres Paris Saint-Germaina s klasi\u010dnim Hechterjem je bil doma\u010di dres 2020-21.<\/p>","protected":false},"excerpt":{"rendered":"<p>\u017denski Nogometni dresi PSG Paris Saint-Germain Doma\u010di 2024-25 Majica doma\u010dega nogometa PSG 2024-25 se vra\u010da k klubskemu klasi\u010dnemu Hechterju. Zadnji dres Paris Saint-Germaina s klasi\u010dnim Hechterjem je bil doma\u010di dres 2020-21.<\/p>","protected":false},"featured_media":13949,"comment_status":"open","ping_status":"closed","template":"","meta":[],"product_brand":[],"product_cat":[74,37],"product_tag":[153,148,149,753,147,320],"class_list":{"0":"post-13947","1":"product","2":"type-product","3":"status-publish","4":"has-post-thumbnail","6":"product_cat-zenski","7":"product_cat-nogometni-dresi-psg","8":"product_tag-nogometni-dresi","9":"product_tag-poceni-nogometni-dresi","10":"product_tag-poceni-nogometni-dresi-psg-z-lastnim-imenom-online","11":"product_tag-psg-dresi-2024","12":"product_tag-slovenski-nogometni-dresi","13":"product_tag-zenski-nogometni-dresi","15":"first","16":"instock","17":"shipping-taxable","18":"purchasable","19":"product-type-variable"},"_links":{"self":[{"href":"https:\/\/www.nogometnizaotroke.com\/ro\/wp-json\/wp\/v2\/product\/13947","targetHints":{"allow":["GET"]}}],"collection":[{"href":"https:\/\/www.nogometnizaotroke.com\/ro\/wp-json\/wp\/v2\/product"}],"about":[{"href":"https:\/\/www.nogometnizaotroke.com\/ro\/wp-json\/wp\/v2\/types\/product"}],"replies":[{"embeddable":true,"href":"https:\/\/www.nogometnizaotroke.com\/ro\/wp-json\/wp\/v2\/comments?post=13947"}],"wp:featuredmedia":[{"embeddable":true,"href":"https:\/\/www.nogometnizaotroke.com\/ro\/wp-json\/wp\/v2\/media\/13949"}],"wp:attachment":[{"href":"https:\/\/www.nogometnizaotroke.com\/ro\/wp-json\/wp\/v2\/media?parent=13947"}],"wp:term":[{"taxonomy":"product_brand","embeddable":true,"href":"https:\/\/www.nogometnizaotroke.com\/ro\/wp-json\/wp\/v2\/product_brand?post=13947"},{"taxonomy":"product_cat","embeddable":true,"href":"https:\/\/www.nogometnizaotroke.com\/ro\/wp-json\/wp\/v2\/product_cat?post=13947"},{"taxonomy":"product_tag","embeddable":true,"href":"https:\/\/www.nogometnizaotroke.com\/ro\/wp-json\/wp\/v2\/product_tag?post=13947"}],"curies":[{"name":"wp","href":"https:\/\/api.w.org\/{rel}","templated":true}]}}