{"id":12696,"date":"2024-05-16T09:02:28","date_gmt":"2024-05-16T09:02:28","guid":{"rendered":"https:\/\/www.nogometnionline.com\/?post_type=product&#038;p=12696"},"modified":"2024-05-16T09:02:33","modified_gmt":"2024-05-16T09:02:33","slug":"retro-nogometni-dresi-real-madrid-gostujoci-crna-dolgi-rokav-2011-12","status":"publish","type":"product","link":"https:\/\/www.nogometnizaotroke.com\/ro\/product\/retro-nogometni-dresi-real-madrid-gostujoci-crna-dolgi-rokav-2011-12\/","title":{"rendered":"Retro Nogometni dresi Real Madrid Gostujo\u010di \u010crna Dolgi Rokav 2011-12"},"content":{"rendered":"<p>Retro Nogometni dresi Real Madrid Gostujo\u010di \u010crna Dolgi Rokav 2011-12<\/p>","protected":false},"excerpt":{"rendered":"<p>Retro Nogometni dresi Real Madrid Gostujo\u010di \u010crna Dolgi Rokav 2011-12<\/p>","protected":false},"featured_media":12698,"comment_status":"open","ping_status":"closed","template":"","meta":[],"product_brand":[],"product_cat":[140,33],"product_tag":[837,150,464,463,148,167,751,838,147],"class_list":{"0":"post-12696","1":"product","2":"type-product","3":"status-publish","4":"has-post-thumbnail","6":"product_cat-moski","7":"product_cat-nogometni-dresi-real-madrid","8":"product_tag-dresi-za-nogomet","9":"product_tag-moski-nogometni-dresi","10":"product_tag-nogometni-dresi-real-madrid-prodaja","11":"product_tag-nogometni-dresi-real-madrid-z-lastnim-tiskom","12":"product_tag-poceni-nogometni-dresi","13":"product_tag-poceni-nogometni-dresi-real-madrid-z-lastnim-imenom-online","14":"product_tag-real-madrid-dresi-2024","15":"product_tag-retro-nogometni-dresi","16":"product_tag-slovenski-nogometni-dresi","18":"first","19":"instock","20":"shipping-taxable","21":"purchasable","22":"product-type-variable"},"_links":{"self":[{"href":"https:\/\/www.nogometnizaotroke.com\/ro\/wp-json\/wp\/v2\/product\/12696","targetHints":{"allow":["GET"]}}],"collection":[{"href":"https:\/\/www.nogometnizaotroke.com\/ro\/wp-json\/wp\/v2\/product"}],"about":[{"href":"https:\/\/www.nogometnizaotroke.com\/ro\/wp-json\/wp\/v2\/types\/product"}],"replies":[{"embeddable":true,"href":"https:\/\/www.nogometnizaotroke.com\/ro\/wp-json\/wp\/v2\/comments?post=12696"}],"wp:featuredmedia":[{"embeddable":true,"href":"https:\/\/www.nogometnizaotroke.com\/ro\/wp-json\/wp\/v2\/media\/12698"}],"wp:attachment":[{"href":"https:\/\/www.nogometnizaotroke.com\/ro\/wp-json\/wp\/v2\/media?parent=12696"}],"wp:term":[{"taxonomy":"product_brand","embeddable":true,"href":"https:\/\/www.nogometnizaotroke.com\/ro\/wp-json\/wp\/v2\/product_brand?post=12696"},{"taxonomy":"product_cat","embeddable":true,"href":"https:\/\/www.nogometnizaotroke.com\/ro\/wp-json\/wp\/v2\/product_cat?post=12696"},{"taxonomy":"product_tag","embeddable":true,"href":"https:\/\/www.nogometnizaotroke.com\/ro\/wp-json\/wp\/v2\/product_tag?post=12696"}],"curies":[{"name":"wp","href":"https:\/\/api.w.org\/{rel}","templated":true}]}}