{"id":12659,"date":"2024-05-14T03:49:37","date_gmt":"2024-05-14T03:49:37","guid":{"rendered":"https:\/\/www.nogometnionline.com\/?post_type=product&#038;p=12659"},"modified":"2024-05-14T03:49:42","modified_gmt":"2024-05-14T03:49:42","slug":"nogometni-dresi-manchester-united-domaci-year-of-the-dragon-2024-25-rdeca-kratek-rokav","status":"publish","type":"product","link":"https:\/\/www.nogometnizaotroke.com\/ro\/product\/nogometni-dresi-manchester-united-domaci-year-of-the-dragon-2024-25-rdeca-kratek-rokav\/","title":{"rendered":"Manchester United Home Soccer Jerseys Anul Dragonului 2024-25 Ro\u0219u cu m\u00e2nec\u0103 scurt\u0103"},"content":{"rendered":"<p>Manchester United Home Soccer Jerseys Anul Dragonului 2024-25 Ro\u0219u cu m\u00e2nec\u0103 scurt\u0103<\/p>","protected":false},"excerpt":{"rendered":"<p>Manchester United Home Soccer Jerseys Anul Dragonului 2024-25 Ro\u0219u cu m\u00e2nec\u0103 scurt\u0103<\/p>","protected":false},"featured_media":12661,"comment_status":"open","ping_status":"closed","template":"","meta":[],"product_brand":[],"product_cat":[140,35],"product_tag":[611,835,148,147],"class_list":{"0":"post-12659","1":"product","2":"type-product","3":"status-publish","4":"has-post-thumbnail","6":"product_cat-moski","7":"product_cat-nogometni-dresi-manchester-united","8":"product_tag-dresi-manchester-united-za-moski","9":"product_tag-poceni-moski-nogometni-dresi-manchester-united-z-lastnim-imenom","10":"product_tag-poceni-nogometni-dresi","11":"product_tag-slovenski-nogometni-dresi","13":"first","14":"instock","15":"shipping-taxable","16":"purchasable","17":"product-type-variable"},"_links":{"self":[{"href":"https:\/\/www.nogometnizaotroke.com\/ro\/wp-json\/wp\/v2\/product\/12659","targetHints":{"allow":["GET"]}}],"collection":[{"href":"https:\/\/www.nogometnizaotroke.com\/ro\/wp-json\/wp\/v2\/product"}],"about":[{"href":"https:\/\/www.nogometnizaotroke.com\/ro\/wp-json\/wp\/v2\/types\/product"}],"replies":[{"embeddable":true,"href":"https:\/\/www.nogometnizaotroke.com\/ro\/wp-json\/wp\/v2\/comments?post=12659"}],"wp:featuredmedia":[{"embeddable":true,"href":"https:\/\/www.nogometnizaotroke.com\/ro\/wp-json\/wp\/v2\/media\/12661"}],"wp:attachment":[{"href":"https:\/\/www.nogometnizaotroke.com\/ro\/wp-json\/wp\/v2\/media?parent=12659"}],"wp:term":[{"taxonomy":"product_brand","embeddable":true,"href":"https:\/\/www.nogometnizaotroke.com\/ro\/wp-json\/wp\/v2\/product_brand?post=12659"},{"taxonomy":"product_cat","embeddable":true,"href":"https:\/\/www.nogometnizaotroke.com\/ro\/wp-json\/wp\/v2\/product_cat?post=12659"},{"taxonomy":"product_tag","embeddable":true,"href":"https:\/\/www.nogometnizaotroke.com\/ro\/wp-json\/wp\/v2\/product_tag?post=12659"}],"curies":[{"name":"wp","href":"https:\/\/api.w.org\/{rel}","templated":true}]}}