{"id":12243,"date":"2024-04-27T06:43:10","date_gmt":"2024-04-27T06:43:10","guid":{"rendered":"https:\/\/www.nogometnionline.com\/?post_type=product&#038;p=12243"},"modified":"2024-04-27T06:43:15","modified_gmt":"2024-04-27T06:43:15","slug":"prodaja-moski-nogometni-dresi-inter-miami-cf-domaci-2024-25-sergio-busquets-5","status":"publish","type":"product","link":"https:\/\/www.nogometnizaotroke.com\/ro\/product\/prodaja-moski-nogometni-dresi-inter-miami-cf-domaci-2024-25-sergio-busquets-5\/","title":{"rendered":"V\u00e2nzare tricouri de fotbal pentru b\u0103rba\u021bi Inter Miami CF Acas\u0103 2024-25 Sergio Busquets 5"},"content":{"rendered":"<p>V\u00e2nzare tricouri de fotbal pentru b\u0103rba\u021bi Inter Miami CF Acas\u0103 2024-25 Sergio Busquets 5<\/p>","protected":false},"excerpt":{"rendered":"<p>V\u00e2nzare tricouri de fotbal pentru b\u0103rba\u021bi Inter Miami CF Acas\u0103 2024-25 Sergio Busquets 5<\/p>","protected":false},"featured_media":12245,"comment_status":"open","ping_status":"closed","template":"","meta":[],"product_brand":[],"product_cat":[353,140],"product_tag":[345,346,820,150,153,148,348,147],"class_list":{"0":"post-12243","1":"product","2":"type-product","3":"status-publish","4":"has-post-thumbnail","6":"product_cat-nogometni-dresi-inter-miami","7":"product_cat-moski","8":"product_tag-inter-miami-domaci-dres","9":"product_tag-inter-miami-dres","10":"product_tag-inter-miami-dres-24-25","11":"product_tag-moski-nogometni-dresi","12":"product_tag-nogometni-dresi","13":"product_tag-poceni-nogometni-dresi","14":"product_tag-poceni-nogometni-dresi-inter-miami-z-lastnim-imenom-online","15":"product_tag-slovenski-nogometni-dresi","17":"first","18":"instock","19":"shipping-taxable","20":"purchasable","21":"product-type-variable"},"_links":{"self":[{"href":"https:\/\/www.nogometnizaotroke.com\/ro\/wp-json\/wp\/v2\/product\/12243","targetHints":{"allow":["GET"]}}],"collection":[{"href":"https:\/\/www.nogometnizaotroke.com\/ro\/wp-json\/wp\/v2\/product"}],"about":[{"href":"https:\/\/www.nogometnizaotroke.com\/ro\/wp-json\/wp\/v2\/types\/product"}],"replies":[{"embeddable":true,"href":"https:\/\/www.nogometnizaotroke.com\/ro\/wp-json\/wp\/v2\/comments?post=12243"}],"wp:featuredmedia":[{"embeddable":true,"href":"https:\/\/www.nogometnizaotroke.com\/ro\/wp-json\/wp\/v2\/media\/12245"}],"wp:attachment":[{"href":"https:\/\/www.nogometnizaotroke.com\/ro\/wp-json\/wp\/v2\/media?parent=12243"}],"wp:term":[{"taxonomy":"product_brand","embeddable":true,"href":"https:\/\/www.nogometnizaotroke.com\/ro\/wp-json\/wp\/v2\/product_brand?post=12243"},{"taxonomy":"product_cat","embeddable":true,"href":"https:\/\/www.nogometnizaotroke.com\/ro\/wp-json\/wp\/v2\/product_cat?post=12243"},{"taxonomy":"product_tag","embeddable":true,"href":"https:\/\/www.nogometnizaotroke.com\/ro\/wp-json\/wp\/v2\/product_tag?post=12243"}],"curies":[{"name":"wp","href":"https:\/\/api.w.org\/{rel}","templated":true}]}}