{"id":26026,"date":"2025-07-29T08:09:28","date_gmt":"2025-07-29T08:09:28","guid":{"rendered":"https:\/\/www.nogometnizaotroke.com\/?post_type=product&#038;p=26026"},"modified":"2025-07-29T08:11:51","modified_gmt":"2025-07-29T08:11:51","slug":"poceni-moska-domaca-atletico-madrid-dresa-2025%e2%80%9126-koke-6","status":"publish","type":"product","link":"https:\/\/www.nogometnizaotroke.com\/nb\/product\/poceni-moska-domaca-atletico-madrid-dresa-2025%e2%80%9126-koke-6\/","title":{"rendered":"Poceni Mo\u0161ka doma\u010da Atletico Madrid dresa 2025\u201126 Koke 6"},"content":{"rendered":"<h3>Poceni Mo\u0161ka doma\u010da Atletico Madrid dresa 2025\u201126 Koke 6<\/h3>\n<p>Doma\u010di dres Atletica Madrida 2025\/26 ima klasi\u010den rde\u010de-bel dizajn s \u010drtami in kontrastnim modrim logotipom ekipe. \u010crte se raztezajo do hrbta, kar pu\u0161\u010da prostor za \u0161tevilko igralca. \u017denski Nogometnih dresovi Atletico Madrid 2025\/26 je prvi dres Atletica Madrida od sezone 2019\/20, ki uporablja klasi\u010den dizajn s \u010drtami brez dodatnih oblikovalskih elementov. Ta dres, ki temelji na novem dizajnu za sezono 2025, ima rde\u010de-bel ovratnik z logotipom ekipe T90, kar mu daje sodoben in retro slog.<\/p>\n<p>Tips for sokker: T-skjorten inkluderer ikke sokker som standard. Hvis du vil ha sokker, velger du sokkealternativene for \u00e5 betale for dem.<\/p>\n<p>Utskriftstips: Hvis navnet og nummeret i bildet er n\u00f8yaktig det du vil ha, trenger du ikke \u00e5 skrive det inn p\u00e5 nytt. Hvis det ikke er det, skriver du inn det navnet og nummeret du vil ha.<\/p>\n<p>Vasketips: Det anbefales \u00e5 vaske fotballtr\u00f8yene for h\u00e5nd. Hvis du vil bruke vaskemaskin, m\u00e5 du huske \u00e5 snu tr\u00f8yen og deretter vaske den. Fyll maskinen med kaldt vann og bruk en sk\u00e5nsom vaskesyklus for \u00e5 beskytte fargene bedre.<\/p>","protected":false},"excerpt":{"rendered":"<p>Poceni Mo\u0161ka doma\u010da Atletico Madrid dresa 2025\u201126 Koke 6 Doma\u010di dres Atletica Madrida 2025\/26 ima klasi\u010den rde\u010de-bel dizajn s \u010drtami in kontrastnim modrim logotipom ekipe. \u010crte se raztezajo do hrbta, kar pu\u0161\u010da prostor za \u0161tevilko igralca. \u017denski Nogometnih dresovi Atletico Madrid 2025\/26 je prvi dres Atletica Madrida od sezone 2019\/20, ki uporablja klasi\u010den dizajn s [&hellip;]<\/p>","protected":false},"featured_media":26028,"comment_status":"open","ping_status":"closed","template":"","meta":[],"product_brand":[],"product_cat":[140,41],"product_tag":[999,150,153,220,148,147],"class_list":{"0":"post-26026","1":"product","2":"type-product","3":"status-publish","4":"has-post-thumbnail","6":"product_cat-moski","7":"product_cat-nogometni-dresi-atletico-madrid","8":"product_tag-dresi-atletico-madrid-za-otroke","9":"product_tag-moski-nogometni-dresi","10":"product_tag-nogometni-dresi","11":"product_tag-nogometni-dresi-za-otroke","12":"product_tag-poceni-nogometni-dresi","13":"product_tag-slovenski-nogometni-dresi","15":"first","16":"instock","17":"shipping-taxable","18":"purchasable","19":"product-type-variable"},"_links":{"self":[{"href":"https:\/\/www.nogometnizaotroke.com\/nb\/wp-json\/wp\/v2\/product\/26026","targetHints":{"allow":["GET"]}}],"collection":[{"href":"https:\/\/www.nogometnizaotroke.com\/nb\/wp-json\/wp\/v2\/product"}],"about":[{"href":"https:\/\/www.nogometnizaotroke.com\/nb\/wp-json\/wp\/v2\/types\/product"}],"replies":[{"embeddable":true,"href":"https:\/\/www.nogometnizaotroke.com\/nb\/wp-json\/wp\/v2\/comments?post=26026"}],"wp:featuredmedia":[{"embeddable":true,"href":"https:\/\/www.nogometnizaotroke.com\/nb\/wp-json\/wp\/v2\/media\/26028"}],"wp:attachment":[{"href":"https:\/\/www.nogometnizaotroke.com\/nb\/wp-json\/wp\/v2\/media?parent=26026"}],"wp:term":[{"taxonomy":"product_brand","embeddable":true,"href":"https:\/\/www.nogometnizaotroke.com\/nb\/wp-json\/wp\/v2\/product_brand?post=26026"},{"taxonomy":"product_cat","embeddable":true,"href":"https:\/\/www.nogometnizaotroke.com\/nb\/wp-json\/wp\/v2\/product_cat?post=26026"},{"taxonomy":"product_tag","embeddable":true,"href":"https:\/\/www.nogometnizaotroke.com\/nb\/wp-json\/wp\/v2\/product_tag?post=26026"}],"curies":[{"name":"wp","href":"https:\/\/api.w.org\/{rel}","templated":true}]}}