{"id":25574,"date":"2025-07-18T03:54:42","date_gmt":"2025-07-18T03:54:42","guid":{"rendered":"https:\/\/www.nogometnizaotroke.com\/?post_type=product&#038;p=25574"},"modified":"2025-07-18T04:13:03","modified_gmt":"2025-07-18T04:13:03","slug":"juventus-gostujoci-2025-26-zenski-nogometni-dresi","status":"publish","type":"product","link":"https:\/\/www.nogometnizaotroke.com\/nb\/product\/juventus-gostujoci-2025-26-zenski-nogometni-dresi\/","title":{"rendered":"Juventus dresi Gostujo\u010di 2025-26 \u017denski Nogometni dresi"},"content":{"rendered":"<h3>Juventus dresi Gostujo\u010di 2025-26<\/h3>\n<p>Pred vami je najbolj divji Juventus dresi sezone 25\/26. Juventusov najnovej\u0161i gostujo\u010di dres je zasnovan tako, da prina\u0161a poletno vzdu\u0161je, z uporabo svetlih pastelnih barv v kombinaciji z valovitim vzorcem vode, ki poudarja italijansko obalo in ustvarja ob\u010dutek, kot da ste obdani s peskom in morskim vetri\u010dem.<\/p>\n<p>Ponavljajo\u010di se geometrijski vzorec, ki ga vidite tukaj, spominja na sen\u010dnike, razporejene vzdol\u017e obale, gledano od zgoraj, pripravljene za igro na soncu. To je popoln dizajn za Juventus dresi\u00a0 gostujo\u010di\u00a0 \u2013 navsezadnje po\u010ditnice niso, dokler niste stran od doma.<\/p>\n<p>Tips for sokker: T-skjorten inkluderer ikke sokker som standard. Hvis du vil ha sokker, velger du sokkealternativene for \u00e5 betale for dem.<\/p>\n<p>Utskriftstips: Hvis navnet og nummeret i bildet er n\u00f8yaktig det du vil ha, trenger du ikke \u00e5 skrive det inn p\u00e5 nytt. Hvis det ikke er det, skriver du inn det navnet og nummeret du vil ha.<\/p>\n<p>Vasketips: Det anbefales \u00e5 vaske fotballtr\u00f8yene for h\u00e5nd. Hvis du vil bruke vaskemaskin, m\u00e5 du huske \u00e5 snu tr\u00f8yen og deretter vaske den. Fyll maskinen med kaldt vann og bruk en sk\u00e5nsom vaskesyklus for \u00e5 beskytte fargene bedre.<\/p>","protected":false},"excerpt":{"rendered":"<p>Juventus dresi Gostujo\u010di 2025-26 Pred vami je najbolj divji Juventus dresi sezone 25\/26. Juventusov najnovej\u0161i gostujo\u010di dres je zasnovan tako, da prina\u0161a poletno vzdu\u0161je, z uporabo svetlih pastelnih barv v kombinaciji z valovitim vzorcem vode, ki poudarja italijansko obalo in ustvarja ob\u010dutek, kot da ste obdani s peskom in morskim vetri\u010dem. Ponavljajo\u010di se geometrijski vzorec, [&hellip;]<\/p>","protected":false},"featured_media":25576,"comment_status":"open","ping_status":"closed","template":"","meta":[],"product_brand":[],"product_cat":[74,36],"product_tag":[153,1095,148,1094,147,320],"class_list":{"0":"post-25574","1":"product","2":"type-product","3":"status-publish","4":"has-post-thumbnail","6":"product_cat-zenski","7":"product_cat-nogometni-dresi-juventus","8":"product_tag-nogometni-dresi","9":"product_tag-nogometni-dresi-juventus-z-lastnim-imenom","10":"product_tag-poceni-nogometni-dresi","11":"product_tag-poceni-nogometni-dresi-juventus","12":"product_tag-slovenski-nogometni-dresi","13":"product_tag-zenski-nogometni-dresi","15":"first","16":"instock","17":"shipping-taxable","18":"purchasable","19":"product-type-variable"},"_links":{"self":[{"href":"https:\/\/www.nogometnizaotroke.com\/nb\/wp-json\/wp\/v2\/product\/25574","targetHints":{"allow":["GET"]}}],"collection":[{"href":"https:\/\/www.nogometnizaotroke.com\/nb\/wp-json\/wp\/v2\/product"}],"about":[{"href":"https:\/\/www.nogometnizaotroke.com\/nb\/wp-json\/wp\/v2\/types\/product"}],"replies":[{"embeddable":true,"href":"https:\/\/www.nogometnizaotroke.com\/nb\/wp-json\/wp\/v2\/comments?post=25574"}],"wp:featuredmedia":[{"embeddable":true,"href":"https:\/\/www.nogometnizaotroke.com\/nb\/wp-json\/wp\/v2\/media\/25576"}],"wp:attachment":[{"href":"https:\/\/www.nogometnizaotroke.com\/nb\/wp-json\/wp\/v2\/media?parent=25574"}],"wp:term":[{"taxonomy":"product_brand","embeddable":true,"href":"https:\/\/www.nogometnizaotroke.com\/nb\/wp-json\/wp\/v2\/product_brand?post=25574"},{"taxonomy":"product_cat","embeddable":true,"href":"https:\/\/www.nogometnizaotroke.com\/nb\/wp-json\/wp\/v2\/product_cat?post=25574"},{"taxonomy":"product_tag","embeddable":true,"href":"https:\/\/www.nogometnizaotroke.com\/nb\/wp-json\/wp\/v2\/product_tag?post=25574"}],"curies":[{"name":"wp","href":"https:\/\/api.w.org\/{rel}","templated":true}]}}