{"id":25467,"date":"2025-06-27T08:14:37","date_gmt":"2025-06-27T08:14:37","guid":{"rendered":"https:\/\/www.nogometnizaotroke.com\/?post_type=product&#038;p=25467"},"modified":"2025-07-04T03:54:15","modified_gmt":"2025-07-04T03:54:15","slug":"poceni-moske-nogometnih-dresov-manchester-city-domaci-2025-26-jack-grealish-10","status":"publish","type":"product","link":"https:\/\/www.nogometnizaotroke.com\/nb\/product\/poceni-moske-nogometnih-dresov-manchester-city-domaci-2025-26-jack-grealish-10\/","title":{"rendered":"Poceni Mo\u0161ke Nogometnih dresov Manchester City Doma\u010di 2025-26 Jack Grealish 10"},"content":{"rendered":"<h3>Mo\u0161ke Nogometnih dresov Manchester City Doma\u010di 2025\u201126 Grealish\u00a010<\/h3>\n<p>Manchester City prvi\u010d nosi trak na svojem doma\u010dem dresu. Trak je klasi\u010den dizajn dresa v zgodovini nogometa, ki se obi\u010dajno pojavlja le na gostujo\u010dih dresih, v sodobnem nogometu pa se je vrnil in doda osebnost in slog vsakemu dresu in klubu. Sezona 25\/26 bo zagotovo prinesla renesanso za Manchester City, ki bo ta nebesno modri klasi\u010dni videz traku nosil skozi celotno sezono.<\/p>\n<p>Tips for sokker: T-skjorten inkluderer ikke sokker som standard. Hvis du vil ha sokker, velger du sokkealternativene for \u00e5 betale for dem.<\/p>\n<p>Utskriftstips: Hvis navnet og nummeret i bildet er n\u00f8yaktig det du vil ha, trenger du ikke \u00e5 skrive det inn p\u00e5 nytt. Hvis det ikke er det, skriver du inn det navnet og nummeret du vil ha.<\/p>\n<p>Vasketips: Det anbefales \u00e5 vaske fotballtr\u00f8yene for h\u00e5nd. Hvis du vil bruke vaskemaskin, m\u00e5 du huske \u00e5 snu tr\u00f8yen og deretter vaske den. Fyll maskinen med kaldt vann og bruk en sk\u00e5nsom vaskesyklus for \u00e5 beskytte fargene bedre.<\/p>","protected":false},"excerpt":{"rendered":"<p>Mo\u0161ke Nogometnih dresov Manchester City Doma\u010di 2025\u201126 Grealish\u00a010 Manchester City prvi\u010d nosi trak na svojem doma\u010dem dresu. Trak je klasi\u010den dizajn dresa v zgodovini nogometa, ki se obi\u010dajno pojavlja le na gostujo\u010dih dresih, v sodobnem nogometu pa se je vrnil in doda osebnost in slog vsakemu dresu in klubu. Sezona 25\/26 bo zagotovo prinesla renesanso [&hellip;]<\/p>","protected":false},"featured_media":25469,"comment_status":"open","ping_status":"closed","template":"","meta":[],"product_brand":[],"product_cat":[140,44],"product_tag":[837,1216,946,150,490,220,1834,148,1835,1831,1832,147],"class_list":{"0":"post-25467","1":"product","2":"type-product","3":"status-publish","4":"has-post-thumbnail","6":"product_cat-moski","7":"product_cat-nogometni-dresi-manchester-city","8":"product_tag-dresi-za-nogomet","9":"product_tag-jack-grealish-dresi","10":"product_tag-moske-nogometnih-dresov","11":"product_tag-moski-nogometni-dresi","12":"product_tag-nogometni-dresi-manchester-city-prodaja","13":"product_tag-nogometni-dresi-za-otroke","14":"product_tag-ousmane-dembele-dresov","15":"product_tag-poceni-nogometni-dresi","16":"product_tag-psg-dresov","17":"product_tag-psg-dresov-2025-26","18":"product_tag-psg-dresov-prodaja","19":"product_tag-slovenski-nogometni-dresi","21":"first","22":"instock","23":"shipping-taxable","24":"purchasable","25":"product-type-variable"},"_links":{"self":[{"href":"https:\/\/www.nogometnizaotroke.com\/nb\/wp-json\/wp\/v2\/product\/25467","targetHints":{"allow":["GET"]}}],"collection":[{"href":"https:\/\/www.nogometnizaotroke.com\/nb\/wp-json\/wp\/v2\/product"}],"about":[{"href":"https:\/\/www.nogometnizaotroke.com\/nb\/wp-json\/wp\/v2\/types\/product"}],"replies":[{"embeddable":true,"href":"https:\/\/www.nogometnizaotroke.com\/nb\/wp-json\/wp\/v2\/comments?post=25467"}],"wp:featuredmedia":[{"embeddable":true,"href":"https:\/\/www.nogometnizaotroke.com\/nb\/wp-json\/wp\/v2\/media\/25469"}],"wp:attachment":[{"href":"https:\/\/www.nogometnizaotroke.com\/nb\/wp-json\/wp\/v2\/media?parent=25467"}],"wp:term":[{"taxonomy":"product_brand","embeddable":true,"href":"https:\/\/www.nogometnizaotroke.com\/nb\/wp-json\/wp\/v2\/product_brand?post=25467"},{"taxonomy":"product_cat","embeddable":true,"href":"https:\/\/www.nogometnizaotroke.com\/nb\/wp-json\/wp\/v2\/product_cat?post=25467"},{"taxonomy":"product_tag","embeddable":true,"href":"https:\/\/www.nogometnizaotroke.com\/nb\/wp-json\/wp\/v2\/product_tag?post=25467"}],"curies":[{"name":"wp","href":"https:\/\/api.w.org\/{rel}","templated":true}]}}