{"id":24239,"date":"2025-05-09T09:39:49","date_gmt":"2025-05-09T09:39:49","guid":{"rendered":"https:\/\/www.nogometnizaotroke.com\/?post_type=product&#038;p=24239"},"modified":"2025-05-14T10:10:22","modified_gmt":"2025-05-14T10:10:22","slug":"otroski-dres-hrvaske-reprezentance-vratar-2024-25-crna-kratek-rokav-kratke-hlace","status":"publish","type":"product","link":"https:\/\/www.nogometnizaotroke.com\/nb\/product\/otroski-dres-hrvaske-reprezentance-vratar-2024-25-crna-kratek-rokav-kratke-hlace\/","title":{"rendered":"Otro\u0161ki dres Hrva\u0161ke reprezentance Vratar 2024\u201325 \u2013 \u010crna Kratek rokav + Kratke hla\u010de"},"content":{"rendered":"<h3>Predstavljamo uradni otro\u0161ki vratarjev komplet Hrva\u0161ke reprezentance 2024\u201325 v elegantni \u010drni barvi. Komplet vklju\u010duje:<\/h3>\n<p>\u26ab Kratka majica s kratkimi rokavi v \u010drni barvi z detajli reprezentance<\/p>\n<p>\ud83e\ude73 Udobne kratke hla\u010de, popolne za trening ali igro<\/p>\n<p>\ud83d\udca8 Lahek, zra\u010den material za popolno svobodo gibanja<\/p>\n<p>\ud83c\udded\ud83c\uddf7 Uradni videz, ki ga navdihuje oprema vratarjev Hrva\u0161ke<\/p>\n<p>\ud83d\udc66 Na voljo v otro\u0161kih velikostih \u2013 idealno darilo za mlade nogometne navdu\u0161ence<\/p>\n<p>Popoln dres za male \u010duvaje mre\u017ee! Naj va\u0161 otrok zablesti med vratnicama kot pravi reprezentant!<\/p>\n<p>Tips for sokker: T-skjorten inkluderer ikke sokker som standard. Hvis du vil ha sokker, velger du sokkealternativene for \u00e5 betale for dem.<\/p>\n<p>Utskriftstips: Hvis navnet og nummeret i bildet er n\u00f8yaktig det du vil ha, trenger du ikke \u00e5 skrive det inn p\u00e5 nytt. Hvis det ikke er det, skriver du inn det navnet og nummeret du vil ha.<\/p>\n<p>Vasketips: Det anbefales \u00e5 vaske fotballtr\u00f8yene for h\u00e5nd. Hvis du vil bruke vaskemaskin, m\u00e5 du huske \u00e5 snu tr\u00f8yen og deretter vaske den. Fyll maskinen med kaldt vann og bruk en sk\u00e5nsom vaskesyklus for \u00e5 beskytte fargene bedre.<\/p>","protected":false},"excerpt":{"rendered":"<p>Predstavljamo uradni otro\u0161ki vratarjev komplet Hrva\u0161ke reprezentance 2024\u201325 v elegantni \u010drni barvi. Komplet vklju\u010duje: \u26ab Kratka majica s kratkimi rokavi v \u010drni barvi z detajli reprezentance \ud83e\ude73 Udobne kratke hla\u010de, popolne za trening ali igro \ud83d\udca8 Lahek, zra\u010den material za popolno svobodo gibanja \ud83c\udded\ud83c\uddf7 Uradni videz, ki ga navdihuje oprema vratarjev Hrva\u0161ke \ud83d\udc66 Na voljo [&hellip;]<\/p>","protected":false},"featured_media":24241,"comment_status":"open","ping_status":"closed","template":"","meta":[],"product_brand":[],"product_cat":[73,77],"product_tag":[1796,153,220,1779,1797,159,1798,148,1787],"class_list":{"0":"post-24239","1":"product","2":"type-product","3":"status-publish","4":"has-post-thumbnail","6":"product_cat-otroski","7":"product_cat-dresi-hrvaska-reprezentance","8":"product_tag-dresi-hrvaska-za-otroke","9":"product_tag-nogometni-dresi","10":"product_tag-nogometni-dresi-za-otroke","11":"product_tag-otroski-dresi","12":"product_tag-otroski-dresi-hrvaska-z-lastnim-imenom","13":"product_tag-otroski-nogometni-dresi","14":"product_tag-otroski-nogometni-dresi-hrvaska","15":"product_tag-poceni-nogometni-dresi","16":"product_tag-slovenski-dres","18":"first","19":"instock","20":"shipping-taxable","21":"purchasable","22":"product-type-variable"},"_links":{"self":[{"href":"https:\/\/www.nogometnizaotroke.com\/nb\/wp-json\/wp\/v2\/product\/24239","targetHints":{"allow":["GET"]}}],"collection":[{"href":"https:\/\/www.nogometnizaotroke.com\/nb\/wp-json\/wp\/v2\/product"}],"about":[{"href":"https:\/\/www.nogometnizaotroke.com\/nb\/wp-json\/wp\/v2\/types\/product"}],"replies":[{"embeddable":true,"href":"https:\/\/www.nogometnizaotroke.com\/nb\/wp-json\/wp\/v2\/comments?post=24239"}],"wp:featuredmedia":[{"embeddable":true,"href":"https:\/\/www.nogometnizaotroke.com\/nb\/wp-json\/wp\/v2\/media\/24241"}],"wp:attachment":[{"href":"https:\/\/www.nogometnizaotroke.com\/nb\/wp-json\/wp\/v2\/media?parent=24239"}],"wp:term":[{"taxonomy":"product_brand","embeddable":true,"href":"https:\/\/www.nogometnizaotroke.com\/nb\/wp-json\/wp\/v2\/product_brand?post=24239"},{"taxonomy":"product_cat","embeddable":true,"href":"https:\/\/www.nogometnizaotroke.com\/nb\/wp-json\/wp\/v2\/product_cat?post=24239"},{"taxonomy":"product_tag","embeddable":true,"href":"https:\/\/www.nogometnizaotroke.com\/nb\/wp-json\/wp\/v2\/product_tag?post=24239"}],"curies":[{"name":"wp","href":"https:\/\/api.w.org\/{rel}","templated":true}]}}