{"id":24233,"date":"2025-05-09T09:06:31","date_gmt":"2025-05-09T09:06:31","guid":{"rendered":"https:\/\/www.nogometnizaotroke.com\/?post_type=product&#038;p=24233"},"modified":"2025-05-24T10:31:24","modified_gmt":"2025-05-24T10:31:24","slug":"otroski-dresi-hrvaske-reprezentance-vratar-2024-25-rumena-dominik-livakovic-1","status":"publish","type":"product","link":"https:\/\/www.nogometnizaotroke.com\/nb\/product\/otroski-dresi-hrvaske-reprezentance-vratar-2024-25-rumena-dominik-livakovic-1\/","title":{"rendered":"Otro\u0161ki dresi Hrva\u0161ke reprezentance Vratar 2024\u201325 Rumena \u2013 Dominik Livakovi\u0107 1"},"content":{"rendered":"<h3>Pripravite svojega malega navija\u010da na branjenje golov v slogu otro\u0161kim vratarjevim dresom Hrva\u0161ke reprezentance 2024\u201325! Ta komplet vklju\u010duje:<\/h3>\n<p>\ud83d\udfe1 Rumena kratka majica in kratke hla\u010de, v barvah vratarjev Hrva\u0161ke<\/p>\n<p>\ud83e\udde4 Personalizacija z imenom in \u0161tevilko: Dominik Livakovi\u0107 1<\/p>\n<p>\ud83d\udca8 Izjemno lahek in zra\u010den material, popoln za \u0161portne aktivnosti<\/p>\n<p>\ud83e\uddd2 Na voljo v otro\u0161kih velikostih \u2013 udobno prileganje za igro ali vsakdan<\/p>\n<p>\ud83c\udded\ud83c\uddf7 Popoln dres za vse male navija\u010de Hrva\u0161ke reprezentance!<\/p>\n<p>Naj va\u0161 otrok brani barve svoje najljub\u0161e reprezentance kot pravi Dominik Livakovi\u0107!<\/p>\n<p>Tips for sokker: T-skjorten inkluderer ikke sokker som standard. Hvis du vil ha sokker, velger du sokkealternativene for \u00e5 betale for dem.<\/p>\n<p>Utskriftstips: Hvis navnet og nummeret i bildet er n\u00f8yaktig det du vil ha, trenger du ikke \u00e5 skrive det inn p\u00e5 nytt. Hvis det ikke er det, skriver du inn det navnet og nummeret du vil ha.<\/p>\n<p>Vasketips: Det anbefales \u00e5 vaske fotballtr\u00f8yene for h\u00e5nd. Hvis du vil bruke vaskemaskin, m\u00e5 du huske \u00e5 snu tr\u00f8yen og deretter vaske den. Fyll maskinen med kaldt vann og bruk en sk\u00e5nsom vaskesyklus for \u00e5 beskytte fargene bedre.<\/p>","protected":false},"excerpt":{"rendered":"<p>Pripravite svojega malega navija\u010da na branjenje golov v slogu otro\u0161kim vratarjevim dresom Hrva\u0161ke reprezentance 2024\u201325! Ta komplet vklju\u010duje: \ud83d\udfe1 Rumena kratka majica in kratke hla\u010de, v barvah vratarjev Hrva\u0161ke \ud83e\udde4 Personalizacija z imenom in \u0161tevilko: Dominik Livakovi\u0107 1 \ud83d\udca8 Izjemno lahek in zra\u010den material, popoln za \u0161portne aktivnosti \ud83e\uddd2 Na voljo v otro\u0161kih velikostih \u2013 [&hellip;]<\/p>","protected":false},"featured_media":24235,"comment_status":"open","ping_status":"closed","template":"","meta":[],"product_brand":[],"product_cat":[73,77],"product_tag":[1796,153,220,1779,1797,159,1798,148,1787],"class_list":{"0":"post-24233","1":"product","2":"type-product","3":"status-publish","4":"has-post-thumbnail","6":"product_cat-otroski","7":"product_cat-dresi-hrvaska-reprezentance","8":"product_tag-dresi-hrvaska-za-otroke","9":"product_tag-nogometni-dresi","10":"product_tag-nogometni-dresi-za-otroke","11":"product_tag-otroski-dresi","12":"product_tag-otroski-dresi-hrvaska-z-lastnim-imenom","13":"product_tag-otroski-nogometni-dresi","14":"product_tag-otroski-nogometni-dresi-hrvaska","15":"product_tag-poceni-nogometni-dresi","16":"product_tag-slovenski-dres","18":"first","19":"instock","20":"shipping-taxable","21":"purchasable","22":"product-type-variable"},"_links":{"self":[{"href":"https:\/\/www.nogometnizaotroke.com\/nb\/wp-json\/wp\/v2\/product\/24233","targetHints":{"allow":["GET"]}}],"collection":[{"href":"https:\/\/www.nogometnizaotroke.com\/nb\/wp-json\/wp\/v2\/product"}],"about":[{"href":"https:\/\/www.nogometnizaotroke.com\/nb\/wp-json\/wp\/v2\/types\/product"}],"replies":[{"embeddable":true,"href":"https:\/\/www.nogometnizaotroke.com\/nb\/wp-json\/wp\/v2\/comments?post=24233"}],"wp:featuredmedia":[{"embeddable":true,"href":"https:\/\/www.nogometnizaotroke.com\/nb\/wp-json\/wp\/v2\/media\/24235"}],"wp:attachment":[{"href":"https:\/\/www.nogometnizaotroke.com\/nb\/wp-json\/wp\/v2\/media?parent=24233"}],"wp:term":[{"taxonomy":"product_brand","embeddable":true,"href":"https:\/\/www.nogometnizaotroke.com\/nb\/wp-json\/wp\/v2\/product_brand?post=24233"},{"taxonomy":"product_cat","embeddable":true,"href":"https:\/\/www.nogometnizaotroke.com\/nb\/wp-json\/wp\/v2\/product_cat?post=24233"},{"taxonomy":"product_tag","embeddable":true,"href":"https:\/\/www.nogometnizaotroke.com\/nb\/wp-json\/wp\/v2\/product_tag?post=24233"}],"curies":[{"name":"wp","href":"https:\/\/api.w.org\/{rel}","templated":true}]}}