{"id":24227,"date":"2025-05-09T08:44:29","date_gmt":"2025-05-09T08:44:29","guid":{"rendered":"https:\/\/www.nogometnizaotroke.com\/?post_type=product&#038;p=24227"},"modified":"2025-05-24T10:31:50","modified_gmt":"2025-05-24T10:31:50","slug":"otroski-nogometni-dres-barcelona-vratar-2024-25-kratka-majica-in-kratke-hlace","status":"publish","type":"product","link":"https:\/\/www.nogometnizaotroke.com\/nb\/product\/otroski-nogometni-dres-barcelona-vratar-2024-25-kratka-majica-in-kratke-hlace\/","title":{"rendered":"Otro\u0161ki Nogometni dres Barcelona Vratar 2024-25 \u2013 Kratka majica in kratke hla\u010de"},"content":{"rendered":"<h3>Oblecite svojega malega navija\u010da v uradni otro\u0161ki vratarjev dres FC Barcelona 2024\u201325! Ta komplet vklju\u010duje:<\/h3>\n<p>\u2705 Kvalitetna kratka majica s klubskim grbom FC Barcelona<\/p>\n<p>\u2705 Udobne kratke hla\u010de, popolne za igro in gibanje<\/p>\n<p>\u2705 Zra\u010den material, idealen za \u0161portne aktivnosti<\/p>\n<p>\u2705 Odli\u010den za vsakodnevno no\u0161enje ali trening<\/p>\n<p>Na voljo v razli\u010dnih velikostih za otroke. Naj va\u0161 otrok brani barve Bar\u00e7e kot pravi vratar!<\/p>\n<p>Tips for sokker: T-skjorten inkluderer ikke sokker som standard. Hvis du vil ha sokker, velger du sokkealternativene for \u00e5 betale for dem.<\/p>\n<p>Utskriftstips: Hvis navnet og nummeret i bildet er n\u00f8yaktig det du vil ha, trenger du ikke \u00e5 skrive det inn p\u00e5 nytt. Hvis det ikke er det, skriver du inn det navnet og nummeret du vil ha.<\/p>\n<p>Vasketips: Det anbefales \u00e5 vaske fotballtr\u00f8yene for h\u00e5nd. Hvis du vil bruke vaskemaskin, m\u00e5 du huske \u00e5 snu tr\u00f8yen og deretter vaske den. Fyll maskinen med kaldt vann og bruk en sk\u00e5nsom vaskesyklus for \u00e5 beskytte fargene bedre.<\/p>","protected":false},"excerpt":{"rendered":"<p>Oblecite svojega malega navija\u010da v uradni otro\u0161ki vratarjev dres FC Barcelona 2024\u201325! Ta komplet vklju\u010duje: \u2705 Kvalitetna kratka majica s klubskim grbom FC Barcelona \u2705 Udobne kratke hla\u010de, popolne za igro in gibanje \u2705 Zra\u010den material, idealen za \u0161portne aktivnosti \u2705 Odli\u010den za vsakodnevno no\u0161enje ali trening Na voljo v razli\u010dnih velikostih za otroke. Naj [&hellip;]<\/p>","protected":false},"featured_media":24229,"comment_status":"open","ping_status":"closed","template":"","meta":[],"product_brand":[],"product_cat":[73,34],"product_tag":[1795,1695,220,1779,993,148,1787,147],"class_list":{"0":"post-24227","1":"product","2":"type-product","3":"status-publish","4":"has-post-thumbnail","6":"product_cat-otroski","7":"product_cat-nogometni-dresi-barcelona","8":"product_tag-barcelona-dresi-za-otroke","9":"product_tag-dresi-barcelona-za-otroski","10":"product_tag-nogometni-dresi-za-otroke","11":"product_tag-otroski-dresi","12":"product_tag-otroski-dresi-barcelona-z-lastnim-imenom","13":"product_tag-poceni-nogometni-dresi","14":"product_tag-slovenski-dres","15":"product_tag-slovenski-nogometni-dresi","17":"first","18":"instock","19":"shipping-taxable","20":"purchasable","21":"product-type-variable"},"_links":{"self":[{"href":"https:\/\/www.nogometnizaotroke.com\/nb\/wp-json\/wp\/v2\/product\/24227","targetHints":{"allow":["GET"]}}],"collection":[{"href":"https:\/\/www.nogometnizaotroke.com\/nb\/wp-json\/wp\/v2\/product"}],"about":[{"href":"https:\/\/www.nogometnizaotroke.com\/nb\/wp-json\/wp\/v2\/types\/product"}],"replies":[{"embeddable":true,"href":"https:\/\/www.nogometnizaotroke.com\/nb\/wp-json\/wp\/v2\/comments?post=24227"}],"wp:featuredmedia":[{"embeddable":true,"href":"https:\/\/www.nogometnizaotroke.com\/nb\/wp-json\/wp\/v2\/media\/24229"}],"wp:attachment":[{"href":"https:\/\/www.nogometnizaotroke.com\/nb\/wp-json\/wp\/v2\/media?parent=24227"}],"wp:term":[{"taxonomy":"product_brand","embeddable":true,"href":"https:\/\/www.nogometnizaotroke.com\/nb\/wp-json\/wp\/v2\/product_brand?post=24227"},{"taxonomy":"product_cat","embeddable":true,"href":"https:\/\/www.nogometnizaotroke.com\/nb\/wp-json\/wp\/v2\/product_cat?post=24227"},{"taxonomy":"product_tag","embeddable":true,"href":"https:\/\/www.nogometnizaotroke.com\/nb\/wp-json\/wp\/v2\/product_tag?post=24227"}],"curies":[{"name":"wp","href":"https:\/\/api.w.org\/{rel}","templated":true}]}}