{"id":24097,"date":"2025-04-16T09:35:43","date_gmt":"2025-04-16T09:35:43","guid":{"rendered":"https:\/\/www.nogometnizaotroke.com\/?post_type=product&#038;p=24097"},"modified":"2025-04-16T09:35:44","modified_gmt":"2025-04-16T09:35:44","slug":"nakup-moske-nogometnih-dresov-komplet-real-madrid-domaci-2025-26","status":"publish","type":"product","link":"https:\/\/www.nogometnizaotroke.com\/nb\/product\/nakup-moske-nogometnih-dresov-komplet-real-madrid-domaci-2025-26\/","title":{"rendered":"Nakup Mo\u0161ke Nogometnih dresov komplet Real Madrid Doma\u010di 2025-26"},"content":{"rendered":"<p>Za sezono\u00a0<strong>Mo\u0161ke Nogometnih dresov komplet Real Madrid <\/strong>Club de F\u00fatbol 2025\u201326 zdru\u017euje belo osnovo z rumenimi pasovi, svetlo sivimi aplikacijami in \u010drnimi logotipi. Na obeh straneh te\u010de rumena \u010drta. Man\u0161ete na rokavih in ovratnik so opremljene z majhnimi sivimi \u010drtami. Svetlo siva se uporablja tudi za pod pazduho\/stransko plo\u0161\u010do.<\/p>\n<p>Tips for sokker: T-skjorten inkluderer ikke sokker som standard. Hvis du vil ha sokker, velger du sokkealternativene for \u00e5 betale for dem.<\/p>\n<p>Utskriftstips: Hvis navnet og nummeret i bildet er n\u00f8yaktig det du vil ha, trenger du ikke \u00e5 skrive det inn p\u00e5 nytt. Hvis det ikke er det, skriver du inn det navnet og nummeret du vil ha.<\/p>\n<p>Vasketips: Det anbefales \u00e5 vaske fotballtr\u00f8yene for h\u00e5nd. Hvis du vil bruke vaskemaskin, m\u00e5 du huske \u00e5 snu tr\u00f8yen og deretter vaske den. Fyll maskinen med kaldt vann og bruk en sk\u00e5nsom vaskesyklus for \u00e5 beskytte fargene bedre.<\/p>","protected":false},"excerpt":{"rendered":"<p>Za sezono\u00a0Mo\u0161ke Nogometnih dresov komplet Real Madrid Club de F\u00fatbol 2025\u201326 zdru\u017euje belo osnovo z rumenimi pasovi, svetlo sivimi aplikacijami in \u010drnimi logotipi. Na obeh straneh te\u010de rumena \u010drta. Man\u0161ete na rokavih in ovratnik so opremljene z majhnimi sivimi \u010drtami. Svetlo siva se uporablja tudi za pod pazduho\/stransko plo\u0161\u010do. Nasveti za nogavice: Majica ne vsebuje [&hellip;]<\/p>","protected":false},"featured_media":24099,"comment_status":"open","ping_status":"closed","template":"","meta":[],"product_brand":[],"product_cat":[140,33],"product_tag":[290,291,159,1110,148,147],"class_list":{"0":"post-24097","1":"product","2":"type-product","3":"status-publish","4":"has-post-thumbnail","6":"product_cat-moski","7":"product_cat-nogometni-dresi-real-madrid","8":"product_tag-dresi-real-madrid-za-otroke","9":"product_tag-otroski-dresi-real-madrid-z-lastnim-imenom","10":"product_tag-otroski-nogometni-dresi","11":"product_tag-otroski-nogometni-dresi-real-madrid","12":"product_tag-poceni-nogometni-dresi","13":"product_tag-slovenski-nogometni-dresi","15":"first","16":"instock","17":"shipping-taxable","18":"purchasable","19":"product-type-variable"},"_links":{"self":[{"href":"https:\/\/www.nogometnizaotroke.com\/nb\/wp-json\/wp\/v2\/product\/24097","targetHints":{"allow":["GET"]}}],"collection":[{"href":"https:\/\/www.nogometnizaotroke.com\/nb\/wp-json\/wp\/v2\/product"}],"about":[{"href":"https:\/\/www.nogometnizaotroke.com\/nb\/wp-json\/wp\/v2\/types\/product"}],"replies":[{"embeddable":true,"href":"https:\/\/www.nogometnizaotroke.com\/nb\/wp-json\/wp\/v2\/comments?post=24097"}],"wp:featuredmedia":[{"embeddable":true,"href":"https:\/\/www.nogometnizaotroke.com\/nb\/wp-json\/wp\/v2\/media\/24099"}],"wp:attachment":[{"href":"https:\/\/www.nogometnizaotroke.com\/nb\/wp-json\/wp\/v2\/media?parent=24097"}],"wp:term":[{"taxonomy":"product_brand","embeddable":true,"href":"https:\/\/www.nogometnizaotroke.com\/nb\/wp-json\/wp\/v2\/product_brand?post=24097"},{"taxonomy":"product_cat","embeddable":true,"href":"https:\/\/www.nogometnizaotroke.com\/nb\/wp-json\/wp\/v2\/product_cat?post=24097"},{"taxonomy":"product_tag","embeddable":true,"href":"https:\/\/www.nogometnizaotroke.com\/nb\/wp-json\/wp\/v2\/product_tag?post=24097"}],"curies":[{"name":"wp","href":"https:\/\/api.w.org\/{rel}","templated":true}]}}