{"id":24037,"date":"2025-03-26T14:00:42","date_gmt":"2025-03-26T14:00:42","guid":{"rendered":"https:\/\/www.nogometnizaotroke.com\/?post_type=product&#038;p=24037"},"modified":"2025-04-27T13:44:38","modified_gmt":"2025-04-27T13:44:38","slug":"otroski-dres-messi-komplet-inter-miami-gostujoci-2025-26","status":"publish","type":"product","link":"https:\/\/www.nogometnizaotroke.com\/nb\/product\/otroski-dres-messi-komplet-inter-miami-gostujoci-2025-26\/","title":{"rendered":"Otro\u0161ke Nogometnih dresov Komplet Inter Miami Gostujo\u010di 2025-26 Lionel Messi 10"},"content":{"rendered":"<p>Predstavljamo otro\u0161ki dres messi Inter Miami International Football Club, znanega tudi kot \u201cResilience Jersey\u201d. Dres ima osupljivo poltonsko zasnovo v \u010drni in temno sivi barvi, ki simbolizira vzdr\u017eljivost in mo\u010d, s svetlo ro\u017enatimi poudarki, ki nagovarjajo ikoni\u010dne barve kluba. Dres ima uradni grb Inter Miami FC na prsih, medtem ko kratke hla\u010de in nogavice dopolnjujejo celoten dizajn, kar mladim navija\u010dem omogo\u010da, da lahko popolnoma posnemajo svoje najljub\u0161e igralce na igri\u0161\u010du.<\/p>\n<p>Majica je opremljena s tehnologijo AEROREADY, ki je zasnovana tako, da odvaja vlago stran od telesa, s \u010dimer ohranja mlade \u0161portnike hladne in udobne med igro. Lahka, zra\u010dna tkanina zagotavlja enostavnost gibanja in je primerna tako za fizi\u010dno aktivnost kot za prosti \u010das. Predvsem je komplet izdelan iz materialov, ki jih je mogo\u010de 100 % reciklirati, kar odra\u017ea zavezanost trajnosti in okoljski odgovornosti.<\/p>\n<h3>Lastnosti izdelka<\/h3>\n<ul>\n<li>Crewneck dizajn<\/li>\n<li>AEROREADY tech odvaja vlago<\/li>\n<li>Stranski mre\u017easti vlo\u017eki za zra\u010dnost<\/li>\n<li>Na\u0161it grb Inter Miami CF<\/li>\n<li>100% poliester<\/li>\n<li>Strojno pranje<\/li>\n<\/ul>\n<p>Tips for sokker: T-skjorten inkluderer ikke sokker som standard. Hvis du vil ha sokker, velger du sokkealternativene for \u00e5 betale for dem.<\/p>\n<p>Utskriftstips: Hvis navnet og nummeret i bildet er n\u00f8yaktig det du vil ha, trenger du ikke \u00e5 skrive det inn p\u00e5 nytt. Hvis det ikke er det, skriver du inn det navnet og nummeret du vil ha.<\/p>\n<p>Vasketips: Det anbefales \u00e5 vaske fotballtr\u00f8yene for h\u00e5nd. Hvis du vil bruke vaskemaskin, m\u00e5 du huske \u00e5 snu tr\u00f8yen og deretter vaske den. Fyll maskinen med kaldt vann og bruk en sk\u00e5nsom vaskesyklus for \u00e5 beskytte fargene bedre.<br \/>\n<img fetchpriority=\"high\" decoding=\"async\" class=\"size-full wp-image-24039\" src=\"https:\/\/www.nogometnizaotroke.com\/wp-content\/uploads\/2025\/03\/otroski-dres-messi-Inter-Miami.jpg\" alt=\"otro\u0161ki dres messi Inter Miami\" width=\"2048\" height=\"1152\" srcset=\"https:\/\/www.nogometnizaotroke.com\/wp-content\/uploads\/2025\/03\/otroski-dres-messi-Inter-Miami.jpg 2048w, https:\/\/www.nogometnizaotroke.com\/wp-content\/uploads\/2025\/03\/otroski-dres-messi-Inter-Miami-300x169.jpg 300w, https:\/\/www.nogometnizaotroke.com\/wp-content\/uploads\/2025\/03\/otroski-dres-messi-Inter-Miami-1024x576.jpg 1024w, https:\/\/www.nogometnizaotroke.com\/wp-content\/uploads\/2025\/03\/otroski-dres-messi-Inter-Miami-768x432.jpg 768w, https:\/\/www.nogometnizaotroke.com\/wp-content\/uploads\/2025\/03\/otroski-dres-messi-Inter-Miami-1536x864.jpg 1536w, https:\/\/www.nogometnizaotroke.com\/wp-content\/uploads\/2025\/03\/otroski-dres-messi-Inter-Miami-18x10.jpg 18w, https:\/\/www.nogometnizaotroke.com\/wp-content\/uploads\/2025\/03\/otroski-dres-messi-Inter-Miami-600x338.jpg 600w\" sizes=\"(max-width: 2048px) 100vw, 2048px\" \/><\/p>","protected":false},"excerpt":{"rendered":"<p>Predstavljamo otro\u0161ki dres messi Inter Miami International Football Club, znanega tudi kot \u201cResilience Jersey\u201d. Dres ima osupljivo poltonsko zasnovo v \u010drni in temno sivi barvi, ki simbolizira vzdr\u017eljivost in mo\u010d, s svetlo ro\u017enatimi poudarki, ki nagovarjajo ikoni\u010dne barve kluba. Dres ima uradni grb Inter Miami FC na prsih, medtem ko kratke hla\u010de in nogavice dopolnjujejo [&hellip;]<\/p>","protected":false},"featured_media":24038,"comment_status":"open","ping_status":"closed","template":"","meta":[],"product_brand":[],"product_cat":[73,353],"product_tag":[1383,346,1623,153,1764,1382,148,1084,147],"class_list":{"0":"post-24037","1":"product","2":"type-product","3":"status-publish","4":"has-post-thumbnail","6":"product_cat-otroski","7":"product_cat-nogometni-dresi-inter-miami","8":"product_tag-dresi-inter-miami-za-otroke","9":"product_tag-inter-miami-dres","10":"product_tag-lionel-messi-dres","11":"product_tag-nogometni-dresi","12":"product_tag-otroski-dres-messi","13":"product_tag-otroski-nogometni-dresi-inter-miami","14":"product_tag-poceni-nogometni-dresi","15":"product_tag-poceni-nogometni-dresi-inter-miami","16":"product_tag-slovenski-nogometni-dresi","18":"first","19":"instock","20":"shipping-taxable","21":"purchasable","22":"product-type-variable"},"_links":{"self":[{"href":"https:\/\/www.nogometnizaotroke.com\/nb\/wp-json\/wp\/v2\/product\/24037","targetHints":{"allow":["GET"]}}],"collection":[{"href":"https:\/\/www.nogometnizaotroke.com\/nb\/wp-json\/wp\/v2\/product"}],"about":[{"href":"https:\/\/www.nogometnizaotroke.com\/nb\/wp-json\/wp\/v2\/types\/product"}],"replies":[{"embeddable":true,"href":"https:\/\/www.nogometnizaotroke.com\/nb\/wp-json\/wp\/v2\/comments?post=24037"}],"wp:featuredmedia":[{"embeddable":true,"href":"https:\/\/www.nogometnizaotroke.com\/nb\/wp-json\/wp\/v2\/media\/24038"}],"wp:attachment":[{"href":"https:\/\/www.nogometnizaotroke.com\/nb\/wp-json\/wp\/v2\/media?parent=24037"}],"wp:term":[{"taxonomy":"product_brand","embeddable":true,"href":"https:\/\/www.nogometnizaotroke.com\/nb\/wp-json\/wp\/v2\/product_brand?post=24037"},{"taxonomy":"product_cat","embeddable":true,"href":"https:\/\/www.nogometnizaotroke.com\/nb\/wp-json\/wp\/v2\/product_cat?post=24037"},{"taxonomy":"product_tag","embeddable":true,"href":"https:\/\/www.nogometnizaotroke.com\/nb\/wp-json\/wp\/v2\/product_tag?post=24037"}],"curies":[{"name":"wp","href":"https:\/\/api.w.org\/{rel}","templated":true}]}}