{"id":23594,"date":"2025-02-28T08:58:53","date_gmt":"2025-02-28T08:58:53","guid":{"rendered":"https:\/\/www.nogometnizaotroke.com\/?post_type=product&#038;p=23594"},"modified":"2025-03-11T11:30:57","modified_gmt":"2025-03-11T11:30:57","slug":"prodaja-zenske-nogometnih-dresov-chelsea-domaci-2024-25-z-imenom","status":"publish","type":"product","link":"https:\/\/www.nogometnizaotroke.com\/nb\/product\/prodaja-zenske-nogometnih-dresov-chelsea-domaci-2024-25-z-imenom\/","title":{"rendered":"Salg Chelsea Hjemmebanetr\u00f8yer 2024-25 for kvinner med navn"},"content":{"rendered":"<p>Osrednji del doma\u010dega dresa Chelsea FC 2024\/25 je \u017eivahna modra barva, ki simbolizira najbolj vro\u010d del plamena in predstavlja gore\u010do \u017eeljo po uspehu, ki zdru\u017euje celoten klub. To presenetljivo modro barvo dopolnjuje oran\u017ena poudarjena barva, ki slu\u017ei kot naklon mladim talentom, ki izhajajo iz znanega Chelseajevega vadbenega centra Cobham.<\/p>\n<p>Dres Chelsea FC 2024\/25 ima zna\u010dilen vzorec \u2018talilnega lonca\u2019, ki spominja na teko\u010de zlato in srebro ter simbolizira zlitje bogate zapu\u0161\u010dine Chelseaja z dinami\u010dno londonsko kulturo mladih. Ta edinstveni oblikovni element se ne poklanja samo zgodovinskim dose\u017ekom kluba, ampak tudi poudarja njegovo predanost sprejemanju prihodnosti. Vzorec slu\u017ei kot vizualna predstavitev Chelseajeve raznolike svetovne skupnosti in njenega slovesa pri negovanju pionirskih talentov.<\/p>\n<p>Tips for sokker: T-skjorten inkluderer ikke sokker som standard. Hvis du vil ha sokker, velger du sokkealternativene for \u00e5 betale for dem.<\/p>\n<p>Utskriftstips: Hvis navnet og nummeret i bildet er n\u00f8yaktig det du vil ha, trenger du ikke \u00e5 skrive det inn p\u00e5 nytt. Hvis det ikke er det, skriver du inn det navnet og nummeret du vil ha.<\/p>\n<p>Vasketips: Det anbefales \u00e5 vaske fotballtr\u00f8yene for h\u00e5nd. Hvis du vil bruke vaskemaskin, m\u00e5 du huske \u00e5 snu tr\u00f8yen og deretter vaske den. Fyll maskinen med kaldt vann og bruk en sk\u00e5nsom vaskesyklus for \u00e5 beskytte fargene bedre.<\/p>","protected":false},"excerpt":{"rendered":"<p>Osrednji del doma\u010dega dresa Chelsea FC 2024\/25 je \u017eivahna modra barva, ki simbolizira najbolj vro\u010d del plamena in predstavlja gore\u010do \u017eeljo po uspehu, ki zdru\u017euje celoten klub. To presenetljivo modro barvo dopolnjuje oran\u017ena poudarjena barva, ki slu\u017ei kot naklon mladim talentom, ki izhajajo iz znanega Chelseajevega vadbenega centra Cobham. Dres Chelsea FC 2024\/25 ima zna\u010dilen [&hellip;]<\/p>","protected":false},"featured_media":23593,"comment_status":"open","ping_status":"closed","template":"","meta":[],"product_brand":[],"product_cat":[74,43],"product_tag":[1071,1072,1070,1628],"class_list":{"0":"post-23594","1":"product","2":"type-product","3":"status-publish","4":"has-post-thumbnail","6":"product_cat-zenski","7":"product_cat-nogometni-dresi-chelsea","8":"product_tag-dresi-barcelona-za-zenske","9":"product_tag-zenske-dresi-barcelona-z-lastnim-imenom","10":"product_tag-zenske-nogometni-dresi-barcelona","11":"product_tag-zenske-nogometnih-dresov","13":"first","14":"instock","15":"shipping-taxable","16":"purchasable","17":"product-type-variable"},"_links":{"self":[{"href":"https:\/\/www.nogometnizaotroke.com\/nb\/wp-json\/wp\/v2\/product\/23594","targetHints":{"allow":["GET"]}}],"collection":[{"href":"https:\/\/www.nogometnizaotroke.com\/nb\/wp-json\/wp\/v2\/product"}],"about":[{"href":"https:\/\/www.nogometnizaotroke.com\/nb\/wp-json\/wp\/v2\/types\/product"}],"replies":[{"embeddable":true,"href":"https:\/\/www.nogometnizaotroke.com\/nb\/wp-json\/wp\/v2\/comments?post=23594"}],"wp:featuredmedia":[{"embeddable":true,"href":"https:\/\/www.nogometnizaotroke.com\/nb\/wp-json\/wp\/v2\/media\/23593"}],"wp:attachment":[{"href":"https:\/\/www.nogometnizaotroke.com\/nb\/wp-json\/wp\/v2\/media?parent=23594"}],"wp:term":[{"taxonomy":"product_brand","embeddable":true,"href":"https:\/\/www.nogometnizaotroke.com\/nb\/wp-json\/wp\/v2\/product_brand?post=23594"},{"taxonomy":"product_cat","embeddable":true,"href":"https:\/\/www.nogometnizaotroke.com\/nb\/wp-json\/wp\/v2\/product_cat?post=23594"},{"taxonomy":"product_tag","embeddable":true,"href":"https:\/\/www.nogometnizaotroke.com\/nb\/wp-json\/wp\/v2\/product_tag?post=23594"}],"curies":[{"name":"wp","href":"https:\/\/api.w.org\/{rel}","templated":true}]}}