{"id":23332,"date":"2025-01-15T06:14:19","date_gmt":"2025-01-15T06:14:19","guid":{"rendered":"https:\/\/www.nogometnizaotroke.com\/?post_type=product&#038;p=23332"},"modified":"2025-01-15T06:14:24","modified_gmt":"2025-01-15T06:14:24","slug":"otroske-nogometnih-dresov-kompleti-za-otroke-ajax-gostujoci-2024-25-steven-berghuis-23","status":"publish","type":"product","link":"https:\/\/www.nogometnizaotroke.com\/nb\/product\/otroske-nogometnih-dresov-kompleti-za-otroke-ajax-gostujoci-2024-25-steven-berghuis-23\/","title":{"rendered":"Fotballtr\u00f8yer for barn drakter for barn Ajax borte 2024-25 Steven Berghuis 23"},"content":{"rendered":"<p>Vrhunec te modre nogometne majice iz svetlega jeansa je svetlo modra in rumena grafika, ki jo je navdihnila umetni\u0161ka scena v Amsterdamu. Obstajajo bencinsko modri vstavki in trdna zadnja plo\u0161\u010da. Grb poceni nogometni dresi Ajax je ponosno izvezen na sprednji strani majice, dres pa vklju\u010duje logotip in sponzorja s termalnim obli\u017eem. Ajax zgornji del za goste ima kratke rokave, rebrast ovratnik in ozek kroj, ki zagotavlja udobno prileganje in hkrati izkazuje zvestobo ekipi. \u010ce ste navdu\u0161en igralec nogometa, je ta majica zasnovana tudi za nogometno igri\u0161\u010de in vklju\u010duje mre\u017easte vlo\u017eke za ve\u010djo zra\u010dnost ter tehnologijo Aero-ready za aktivno odvajanje znoja.<\/p>\n<p>Tips for sokker: T-skjorten inkluderer ikke sokker som standard. Hvis du vil ha sokker, velger du sokkealternativene for \u00e5 betale for dem.<\/p>\n<p>Utskriftstips: Hvis navnet og nummeret i bildet er n\u00f8yaktig det du vil ha, trenger du ikke \u00e5 skrive det inn p\u00e5 nytt. Hvis det ikke er det, skriver du inn det navnet og nummeret du vil ha.<\/p>\n<p>Vasketips: Det anbefales \u00e5 vaske fotballtr\u00f8yene for h\u00e5nd. Hvis du vil bruke vaskemaskin, m\u00e5 du huske \u00e5 snu tr\u00f8yen og deretter vaske den. Fyll maskinen med kaldt vann og bruk en sk\u00e5nsom vaskesyklus for \u00e5 beskytte fargene bedre.<\/p>","protected":false},"excerpt":{"rendered":"<p>Vrhunec te modre nogometne majice iz svetlega jeansa je svetlo modra in rumena grafika, ki jo je navdihnila umetni\u0161ka scena v Amsterdamu. Obstajajo bencinsko modri vstavki in trdna zadnja plo\u0161\u010da. Grb poceni nogometni dresi Ajax je ponosno izvezen na sprednji strani majice, dres pa vklju\u010duje logotip in sponzorja s termalnim obli\u017eem. Ajax zgornji del za [&hellip;]<\/p>","protected":false},"featured_media":23334,"comment_status":"open","ping_status":"closed","template":"","meta":[],"product_brand":[],"product_cat":[73,57],"product_tag":[1008,1009,1007,1606],"class_list":{"0":"post-23332","1":"product","2":"type-product","3":"status-publish","4":"has-post-thumbnail","6":"product_cat-otroski","7":"product_cat-nogometni-dresi-ajax","8":"product_tag-dresi-ajax-za-otroke","9":"product_tag-otroski-dresi-ajax-z-lastnim-imenom","10":"product_tag-otroski-nogometni-dresi-ajax","11":"product_tag-steven-berghuis-dresi","13":"first","14":"instock","15":"shipping-taxable","16":"purchasable","17":"product-type-variable"},"_links":{"self":[{"href":"https:\/\/www.nogometnizaotroke.com\/nb\/wp-json\/wp\/v2\/product\/23332","targetHints":{"allow":["GET"]}}],"collection":[{"href":"https:\/\/www.nogometnizaotroke.com\/nb\/wp-json\/wp\/v2\/product"}],"about":[{"href":"https:\/\/www.nogometnizaotroke.com\/nb\/wp-json\/wp\/v2\/types\/product"}],"replies":[{"embeddable":true,"href":"https:\/\/www.nogometnizaotroke.com\/nb\/wp-json\/wp\/v2\/comments?post=23332"}],"wp:featuredmedia":[{"embeddable":true,"href":"https:\/\/www.nogometnizaotroke.com\/nb\/wp-json\/wp\/v2\/media\/23334"}],"wp:attachment":[{"href":"https:\/\/www.nogometnizaotroke.com\/nb\/wp-json\/wp\/v2\/media?parent=23332"}],"wp:term":[{"taxonomy":"product_brand","embeddable":true,"href":"https:\/\/www.nogometnizaotroke.com\/nb\/wp-json\/wp\/v2\/product_brand?post=23332"},{"taxonomy":"product_cat","embeddable":true,"href":"https:\/\/www.nogometnizaotroke.com\/nb\/wp-json\/wp\/v2\/product_cat?post=23332"},{"taxonomy":"product_tag","embeddable":true,"href":"https:\/\/www.nogometnizaotroke.com\/nb\/wp-json\/wp\/v2\/product_tag?post=23332"}],"curies":[{"name":"wp","href":"https:\/\/api.w.org\/{rel}","templated":true}]}}