{"id":23305,"date":"2025-01-12T07:53:10","date_gmt":"2025-01-12T07:53:10","guid":{"rendered":"https:\/\/www.nogometnizaotroke.com\/?post_type=product&#038;p=23305"},"modified":"2025-01-12T07:53:12","modified_gmt":"2025-01-12T07:53:12","slug":"prodaja-otroske-nogometnih-dresov-ajax-domaci-2024-25-josip-sutalo-37","status":"publish","type":"product","link":"https:\/\/www.nogometnizaotroke.com\/nb\/product\/prodaja-otroske-nogometnih-dresov-ajax-domaci-2024-25-josip-sutalo-37\/","title":{"rendered":"Salg Fotballtr\u00f8yer Ajax Hjem 2024-25 Josip Sutalo 37"},"content":{"rendered":"<p>Doma\u010di dres Ajax 2024-25 vklju\u010duje klasi\u010dno klubsko rde\u010de-belo kombinacijo. Debela rde\u010da \u010drta pokriva ve\u010dino roba dresa od vrha do dna, bele stranske plo\u0161\u010de pa dopolnjujejo komplet. Srajca ima visok krogli\u010dni ovratnik s tanko belo obrobo \u010dez.<\/p>\n<p>Tips for sokker: T-skjorten inkluderer ikke sokker som standard. Hvis du vil ha sokker, velger du sokkealternativene for \u00e5 betale for dem.<\/p>\n<p>Utskriftstips: Hvis navnet og nummeret i bildet er n\u00f8yaktig det du vil ha, trenger du ikke \u00e5 skrive det inn p\u00e5 nytt. Hvis det ikke er det, skriver du inn det navnet og nummeret du vil ha.<\/p>\n<p>Vasketips: Det anbefales \u00e5 vaske fotballtr\u00f8yene for h\u00e5nd. Hvis du vil bruke vaskemaskin, m\u00e5 du huske \u00e5 snu tr\u00f8yen og deretter vaske den. Fyll maskinen med kaldt vann og bruk en sk\u00e5nsom vaskesyklus for \u00e5 beskytte fargene bedre.<\/p>","protected":false},"excerpt":{"rendered":"<p>Doma\u010di dres Ajax 2024-25 vklju\u010duje klasi\u010dno klubsko rde\u010de-belo kombinacijo. Debela rde\u010da \u010drta pokriva ve\u010dino roba dresa od vrha do dna, bele stranske plo\u0161\u010de pa dopolnjujejo komplet. Srajca ima visok krogli\u010dni ovratnik s tanko belo obrobo \u010dez. Nasveti za nogavice: Majica ne vsebuje nogavic privzeto. \u010ce \u017eelite nogavice, izberite mo\u017enosti nogavic, da jih pla\u010date. Nasveti za [&hellip;]<\/p>","protected":false},"featured_media":23307,"comment_status":"open","ping_status":"closed","template":"","meta":[],"product_brand":[],"product_cat":[73,57],"product_tag":[1008,1031,153,220,1009,159,1007,148,147],"class_list":{"0":"post-23305","1":"product","2":"type-product","3":"status-publish","4":"has-post-thumbnail","6":"product_cat-otroski","7":"product_cat-nogometni-dresi-ajax","8":"product_tag-dresi-ajax-za-otroke","9":"product_tag-josip-sutalo-dresi","10":"product_tag-nogometni-dresi","11":"product_tag-nogometni-dresi-za-otroke","12":"product_tag-otroski-dresi-ajax-z-lastnim-imenom","13":"product_tag-otroski-nogometni-dresi","14":"product_tag-otroski-nogometni-dresi-ajax","15":"product_tag-poceni-nogometni-dresi","16":"product_tag-slovenski-nogometni-dresi","18":"first","19":"instock","20":"shipping-taxable","21":"purchasable","22":"product-type-variable"},"_links":{"self":[{"href":"https:\/\/www.nogometnizaotroke.com\/nb\/wp-json\/wp\/v2\/product\/23305","targetHints":{"allow":["GET"]}}],"collection":[{"href":"https:\/\/www.nogometnizaotroke.com\/nb\/wp-json\/wp\/v2\/product"}],"about":[{"href":"https:\/\/www.nogometnizaotroke.com\/nb\/wp-json\/wp\/v2\/types\/product"}],"replies":[{"embeddable":true,"href":"https:\/\/www.nogometnizaotroke.com\/nb\/wp-json\/wp\/v2\/comments?post=23305"}],"wp:featuredmedia":[{"embeddable":true,"href":"https:\/\/www.nogometnizaotroke.com\/nb\/wp-json\/wp\/v2\/media\/23307"}],"wp:attachment":[{"href":"https:\/\/www.nogometnizaotroke.com\/nb\/wp-json\/wp\/v2\/media?parent=23305"}],"wp:term":[{"taxonomy":"product_brand","embeddable":true,"href":"https:\/\/www.nogometnizaotroke.com\/nb\/wp-json\/wp\/v2\/product_brand?post=23305"},{"taxonomy":"product_cat","embeddable":true,"href":"https:\/\/www.nogometnizaotroke.com\/nb\/wp-json\/wp\/v2\/product_cat?post=23305"},{"taxonomy":"product_tag","embeddable":true,"href":"https:\/\/www.nogometnizaotroke.com\/nb\/wp-json\/wp\/v2\/product_tag?post=23305"}],"curies":[{"name":"wp","href":"https:\/\/api.w.org\/{rel}","templated":true}]}}