{"id":22719,"date":"2024-12-25T13:56:55","date_gmt":"2024-12-25T13:56:55","guid":{"rendered":"https:\/\/www.nogometnionline.com\/?post_type=product&#038;p=22719"},"modified":"2025-05-25T13:17:32","modified_gmt":"2025-05-25T13:17:32","slug":"moski-nogometni-dresi-liverpool-tretji-2024-25-kratki-rokavi-mohamed-salah-11","status":"publish","type":"product","link":"https:\/\/www.nogometnizaotroke.com\/nb\/product\/moski-nogometni-dresi-liverpool-tretji-2024-25-kratki-rokavi-mohamed-salah-11\/","title":{"rendered":"Fotballtr\u00f8yer for menn Liverpool Third 2024-25 Korte ermer Mohamed Salah 11"},"content":{"rendered":"<p>Det mest sl\u00e5ende elementet p\u00e5 Liverpool FC 2024\/25 Third Jersey er den karakteristiske vertikale, doble Swoosh-en som strekker seg over tr\u00f8yen, shortsen og sokkene. Dette unike designelementet er inspirert av vingen til en gresk gudinne, og symboliserer fart, bevegelse, styrke og motivasjon. B\u00e5de herre- og damelaget vil v\u00e6re utstyrt med denne innovative detaljen, som understreker klubbens engasjement for likestilling mellom kj\u00f8nnene i fotballen.<br \/>\nDen nye LFC-tr\u00f8yen er inspirert av Liverpools pulserende punkscene, og designet beskrives som \"rebelsk\". Den har et dristig m\u00f8nster som kombinerer klubbens ikoniske farger med elementer som hyller byens uredde punk-artister, som har introdusert en ny lyd der elven Mersey m\u00f8ter Irskesj\u00f8en. Inkluderingen av Liver-fuglfj\u00e6r i m\u00f8nsteret knytter designet ytterligere til klubbens identitet. Det overveiende hvite Liverpool 24\/25 tredjesettet er aksentuert med rene platinadetaljer, mens glimt av klubbens tradisjonelle r\u00f8de og kromgule farger fullf\u00f8rer looken. Svarte shorts og hvite sokker kompletterer tr\u00f8yen, og skaper et sammenhengende og i\u00f8ynefallende ensemble. Fokuset har ogs\u00e5 v\u00e6rt p\u00e5 \u00e5 forbedre komforten og passformen p\u00e5 drakten, slik at spillerne kan prestere optimalt.<\/p>\n<p>Tips for sokker: T-skjorten inkluderer ikke sokker som standard. Hvis du vil ha sokker, velger du sokkealternativene for \u00e5 betale for dem.<\/p>\n<p>Utskriftstips: Hvis navnet og nummeret i bildet er n\u00f8yaktig det du vil ha, trenger du ikke \u00e5 skrive det inn p\u00e5 nytt. Hvis det ikke er det, skriver du inn det navnet og nummeret du vil ha.<\/p>\n<p>Vasketips: Det anbefales \u00e5 vaske fotballtr\u00f8yene for h\u00e5nd. Hvis du vil bruke vaskemaskin, m\u00e5 du huske \u00e5 snu tr\u00f8yen og deretter vaske den. Fyll maskinen med kaldt vann og bruk en sk\u00e5nsom vaskesyklus for \u00e5 beskytte fargene bedre.<\/p>","protected":false},"excerpt":{"rendered":"<p>Najbolj presenetljiva zna\u010dilnost Liverpool FC 2024\/25 Tretji dresi je izrazit navpi\u010dni dvojni Swoosh, ki se razteza \u010dez dres, kratke hla\u010de in nogavice. Ta edinstven oblikovalski element, ki ga je navdihnilo krilo gr\u0161ke boginje, simbolizira hitrost, gibanje, mo\u010d in motivacijo. Tako mo\u0161ka kot \u017eenska ekipa bosta opremljeni s tem inovativnim detajlom, ki poudarja zavezanost kluba enakosti [&hellip;]<\/p>","protected":false},"featured_media":22721,"comment_status":"open","ping_status":"closed","template":"","meta":[],"product_brand":[],"product_cat":[140,39],"product_tag":[589,943,296,150,148,295,147],"class_list":{"0":"post-22719","1":"product","2":"type-product","3":"status-publish","4":"has-post-thumbnail","6":"product_cat-moski","7":"product_cat-nogometni-dresi-liverpool","8":"product_tag-dresi-liverpool-za-moski","9":"product_tag-mohamed-salah-dresi","10":"product_tag-moski-dresi-liverpool-z-lastnim-imenom","11":"product_tag-moski-nogometni-dresi","12":"product_tag-poceni-nogometni-dresi","13":"product_tag-poceni-nogometni-dresi-liverpool-z-lastnim-imenom-online","14":"product_tag-slovenski-nogometni-dresi","16":"first","17":"instock","18":"shipping-taxable","19":"purchasable","20":"product-type-variable"},"_links":{"self":[{"href":"https:\/\/www.nogometnizaotroke.com\/nb\/wp-json\/wp\/v2\/product\/22719","targetHints":{"allow":["GET"]}}],"collection":[{"href":"https:\/\/www.nogometnizaotroke.com\/nb\/wp-json\/wp\/v2\/product"}],"about":[{"href":"https:\/\/www.nogometnizaotroke.com\/nb\/wp-json\/wp\/v2\/types\/product"}],"replies":[{"embeddable":true,"href":"https:\/\/www.nogometnizaotroke.com\/nb\/wp-json\/wp\/v2\/comments?post=22719"}],"wp:featuredmedia":[{"embeddable":true,"href":"https:\/\/www.nogometnizaotroke.com\/nb\/wp-json\/wp\/v2\/media\/22721"}],"wp:attachment":[{"href":"https:\/\/www.nogometnizaotroke.com\/nb\/wp-json\/wp\/v2\/media?parent=22719"}],"wp:term":[{"taxonomy":"product_brand","embeddable":true,"href":"https:\/\/www.nogometnizaotroke.com\/nb\/wp-json\/wp\/v2\/product_brand?post=22719"},{"taxonomy":"product_cat","embeddable":true,"href":"https:\/\/www.nogometnizaotroke.com\/nb\/wp-json\/wp\/v2\/product_cat?post=22719"},{"taxonomy":"product_tag","embeddable":true,"href":"https:\/\/www.nogometnizaotroke.com\/nb\/wp-json\/wp\/v2\/product_tag?post=22719"}],"curies":[{"name":"wp","href":"https:\/\/api.w.org\/{rel}","templated":true}]}}