{"id":22354,"date":"2024-12-19T03:24:02","date_gmt":"2024-12-19T03:24:02","guid":{"rendered":"https:\/\/www.nogometnionline.com\/?post_type=product&#038;p=22354"},"modified":"2024-12-20T14:18:51","modified_gmt":"2024-12-20T14:18:51","slug":"zenski-nogometni-dresi-inter-miami-cf-tretji-2024-25-zelena-kratek-rokav-lionel-messi-10","status":"publish","type":"product","link":"https:\/\/www.nogometnizaotroke.com\/nb\/product\/zenski-nogometni-dresi-inter-miami-cf-tretji-2024-25-zelena-kratek-rokav-lionel-messi-10\/","title":{"rendered":"Inter Miami CF Third 2024-25 Gr\u00f8nn Kortermet Lionel Messi 10 fotballtr\u00f8yer for kvinner"},"content":{"rendered":"<p>Novi tretji dres Inter Miami 2024 je vodno turkizne barve z oran\u017enimi in belimi poudarki.Man\u0161ete in ovratnik ob strani dresa so bele in oran\u017ene barve.Vrhunec tretjega dresa Inter Miami 2024 je, da se beseda Miami pojavi v pisavi \u201cMiami Vice\u201d na prsih namesto logotipa sponzorja Royal Caribbean.<\/p>\n<p>Tips for sokker: T-skjorten inkluderer ikke sokker som standard. Hvis du vil ha sokker, velger du sokkealternativene for \u00e5 betale for dem.<\/p>\n<p>Utskriftstips: Hvis navnet og nummeret i bildet er n\u00f8yaktig det du vil ha, trenger du ikke \u00e5 skrive det inn p\u00e5 nytt. Hvis det ikke er det, skriver du inn det navnet og nummeret du vil ha.<\/p>\n<p>Vasketips: Det anbefales \u00e5 vaske fotballtr\u00f8yene for h\u00e5nd. Hvis du vil bruke vaskemaskin, m\u00e5 du huske \u00e5 snu tr\u00f8yen og deretter vaske den. Fyll maskinen med kaldt vann og bruk en sk\u00e5nsom vaskesyklus for \u00e5 beskytte fargene bedre.<\/p>","protected":false},"excerpt":{"rendered":"<p>Novi tretji dres Inter Miami 2024 je vodno turkizne barve z oran\u017enimi in belimi poudarki.Man\u0161ete in ovratnik ob strani dresa so bele in oran\u017ene barve.Vrhunec tretjega dresa Inter Miami 2024 je, da se beseda Miami pojavi v pisavi \u201cMiami Vice\u201d na prsih namesto logotipa sponzorja Royal Caribbean. Nasveti za nogavice: Majica ne vsebuje nogavic privzeto. [&hellip;]<\/p>","protected":false},"featured_media":22356,"comment_status":"open","ping_status":"closed","template":"","meta":[],"product_brand":[],"product_cat":[353,74],"product_tag":[1580,346,1087,153,1085,148,1084,348,1086,147,1581,1579],"class_list":{"0":"post-22354","1":"product","2":"type-product","3":"status-publish","4":"has-post-thumbnail","6":"product_cat-nogometni-dresi-inter-miami","7":"product_cat-zenski","8":"product_tag-dresi-inter-miami-za-zenske","9":"product_tag-inter-miami-dres","10":"product_tag-lionel-messi-dresi","11":"product_tag-nogometni-dresi","12":"product_tag-nogometni-dresi-inter-miami-z-lastnim-imenom","13":"product_tag-poceni-nogometni-dresi","14":"product_tag-poceni-nogometni-dresi-inter-miami","15":"product_tag-poceni-nogometni-dresi-inter-miami-z-lastnim-imenom-online","16":"product_tag-poceni-nogometni-dresi-lionel-messi","17":"product_tag-slovenski-nogometni-dresi","18":"product_tag-zenske-dresi-inter-miami-z-lastnim-imenom","19":"product_tag-zenske-nogometni-dresi-inter-miami","21":"first","22":"instock","23":"shipping-taxable","24":"purchasable","25":"product-type-variable"},"_links":{"self":[{"href":"https:\/\/www.nogometnizaotroke.com\/nb\/wp-json\/wp\/v2\/product\/22354","targetHints":{"allow":["GET"]}}],"collection":[{"href":"https:\/\/www.nogometnizaotroke.com\/nb\/wp-json\/wp\/v2\/product"}],"about":[{"href":"https:\/\/www.nogometnizaotroke.com\/nb\/wp-json\/wp\/v2\/types\/product"}],"replies":[{"embeddable":true,"href":"https:\/\/www.nogometnizaotroke.com\/nb\/wp-json\/wp\/v2\/comments?post=22354"}],"wp:featuredmedia":[{"embeddable":true,"href":"https:\/\/www.nogometnizaotroke.com\/nb\/wp-json\/wp\/v2\/media\/22356"}],"wp:attachment":[{"href":"https:\/\/www.nogometnizaotroke.com\/nb\/wp-json\/wp\/v2\/media?parent=22354"}],"wp:term":[{"taxonomy":"product_brand","embeddable":true,"href":"https:\/\/www.nogometnizaotroke.com\/nb\/wp-json\/wp\/v2\/product_brand?post=22354"},{"taxonomy":"product_cat","embeddable":true,"href":"https:\/\/www.nogometnizaotroke.com\/nb\/wp-json\/wp\/v2\/product_cat?post=22354"},{"taxonomy":"product_tag","embeddable":true,"href":"https:\/\/www.nogometnizaotroke.com\/nb\/wp-json\/wp\/v2\/product_tag?post=22354"}],"curies":[{"name":"wp","href":"https:\/\/api.w.org\/{rel}","templated":true}]}}