{"id":22081,"date":"2024-12-16T06:51:22","date_gmt":"2024-12-16T06:51:22","guid":{"rendered":"https:\/\/www.nogometnionline.com\/?post_type=product&#038;p=22081"},"modified":"2024-12-16T09:02:02","modified_gmt":"2024-12-16T09:02:02","slug":"otroski-nogometni-dresi-as-roma-gostujoci-2024-25-bela-z-lastnim-tiskom","status":"publish","type":"product","link":"https:\/\/www.nogometnizaotroke.com\/nb\/product\/otroski-nogometni-dresi-as-roma-gostujoci-2024-25-bela-z-lastnim-tiskom\/","title":{"rendered":"Barnefotballtr\u00f8yer AS Roma Away 2024-25 hvit med eget trykk"},"content":{"rendered":"<p>AS Roma 24-25 bortetr\u00f8ye er hovedsakelig off-white med sterke r\u00f8de og fluorescerende oransje aksenter. De offisielle fargene er \"s\u00f8lvhvit\/fluorescerende oransje\/steinsr\u00f8d\" Det mest sl\u00e5ende trekket ved AS Romas bortetr\u00f8ye 2024-25 er den brennende grafikken som er inspirert av gategraffiti, og bruker Lupetto-merket i stedet for det n\u00e5v\u00e6rende merket. Graffitistilen fortsetter p\u00e5 logoen.<\/p>\n<p>Tips for sokker: T-skjorten inkluderer ikke sokker som standard. Hvis du vil ha sokker, velger du sokkealternativene for \u00e5 betale for dem.<\/p>\n<p>Utskriftstips: Hvis navnet og nummeret i bildet er n\u00f8yaktig det du vil ha, trenger du ikke \u00e5 skrive det inn p\u00e5 nytt. Hvis det ikke er det, skriver du inn det navnet og nummeret du vil ha.<\/p>\n<p>Vasketips: Det anbefales \u00e5 vaske fotballtr\u00f8yene for h\u00e5nd. Hvis du vil bruke vaskemaskin, m\u00e5 du huske \u00e5 snu tr\u00f8yen og deretter vaske den. Fyll maskinen med kaldt vann og bruk en sk\u00e5nsom vaskesyklus for \u00e5 beskytte fargene bedre.<\/p>","protected":false},"excerpt":{"rendered":"<p>Gostujo\u010di dres AS Roma 24-25 je prete\u017eno umazano bel z izrazitimi rde\u010dimi in fluorescentno oran\u017enimi poudarki. Uradne barve so \u201csrebrno bela\/fluorescentno oran\u017ena\/podpe\u010dansko rde\u010da.\u201dNajbolj presenetljiva zna\u010dilnost Gostujo\u010di dresi AS Roma 2024-25 je ognjevita grafika, ki jo navdihujejo uli\u010dni grafiti.Uporabite zna\u010dko Lupetto namesto trenutne zna\u010dke. Slog grafitov se nadaljuje na logotipu. Nasveti za nogavice: Majica ne vsebuje [&hellip;]<\/p>","protected":false},"featured_media":22056,"comment_status":"open","ping_status":"closed","template":"","meta":[],"product_brand":[],"product_cat":[73,48],"product_tag":[754,1564,153,1231,220,1565,159,1563,148,1230,147],"class_list":{"0":"post-22081","1":"product","2":"type-product","3":"status-publish","4":"has-post-thumbnail","6":"product_cat-otroski","7":"product_cat-nogometni-dresi-as-roma","8":"product_tag-as-roma-dresi-2024","9":"product_tag-dresi-as-roma-za-otroke","10":"product_tag-nogometni-dresi","11":"product_tag-nogometni-dresi-as-roma-z-lastnim-imenom","12":"product_tag-nogometni-dresi-za-otroke","13":"product_tag-otroski-dresi-as-roma-z-lastnim-imenom","14":"product_tag-otroski-nogometni-dresi","15":"product_tag-otroski-nogometni-dresi-as-roma","16":"product_tag-poceni-nogometni-dresi","17":"product_tag-poceni-nogometni-dresi-as-roma","18":"product_tag-slovenski-nogometni-dresi","20":"first","21":"instock","22":"shipping-taxable","23":"purchasable","24":"product-type-variable"},"_links":{"self":[{"href":"https:\/\/www.nogometnizaotroke.com\/nb\/wp-json\/wp\/v2\/product\/22081","targetHints":{"allow":["GET"]}}],"collection":[{"href":"https:\/\/www.nogometnizaotroke.com\/nb\/wp-json\/wp\/v2\/product"}],"about":[{"href":"https:\/\/www.nogometnizaotroke.com\/nb\/wp-json\/wp\/v2\/types\/product"}],"replies":[{"embeddable":true,"href":"https:\/\/www.nogometnizaotroke.com\/nb\/wp-json\/wp\/v2\/comments?post=22081"}],"wp:featuredmedia":[{"embeddable":true,"href":"https:\/\/www.nogometnizaotroke.com\/nb\/wp-json\/wp\/v2\/media\/22056"}],"wp:attachment":[{"href":"https:\/\/www.nogometnizaotroke.com\/nb\/wp-json\/wp\/v2\/media?parent=22081"}],"wp:term":[{"taxonomy":"product_brand","embeddable":true,"href":"https:\/\/www.nogometnizaotroke.com\/nb\/wp-json\/wp\/v2\/product_brand?post=22081"},{"taxonomy":"product_cat","embeddable":true,"href":"https:\/\/www.nogometnizaotroke.com\/nb\/wp-json\/wp\/v2\/product_cat?post=22081"},{"taxonomy":"product_tag","embeddable":true,"href":"https:\/\/www.nogometnizaotroke.com\/nb\/wp-json\/wp\/v2\/product_tag?post=22081"}],"curies":[{"name":"wp","href":"https:\/\/api.w.org\/{rel}","templated":true}]}}