{"id":21997,"date":"2024-12-15T03:48:44","date_gmt":"2024-12-15T03:48:44","guid":{"rendered":"https:\/\/www.nogometnionline.com\/?post_type=product&#038;p=21997"},"modified":"2024-12-15T03:48:47","modified_gmt":"2024-12-15T03:48:47","slug":"otroski-nogometni-dresi-kompleti-za-otroke-ac-milan-gostujoci-2024-25-bela-ismael-bennacer-4","status":"publish","type":"product","link":"https:\/\/www.nogometnizaotroke.com\/nb\/product\/otroski-nogometni-dresi-kompleti-za-otroke-ac-milan-gostujoci-2024-25-bela-ismael-bennacer-4\/","title":{"rendered":"Fotballtr\u00f8yer for barn Drakter for barn AC Milan borte 2024-25 hvit Ismael Bennacer 4"},"content":{"rendered":"<p>Bela majica za goste je oblikovana v klasi\u010dni barvi za AC Milan s popolnoma novim videzom za sezono 24\/25. Beli dres ima subtilno grafiko z navpi\u010dnimi \u010drtami. Rde\u010da in \u010drna obroba sedi okoli ovratnika in man\u0161et rokavov, \u010drni logotipi pa dopolnjujejo dizajn. Na voljo sta silikonsko natisnjena zna\u010dka AC Milan in dva toplotno nanesena sponzorska logotipa.<\/p>\n<p>To je gostujo\u010da majica s kratkimi rokavi in \u200b\u200brebrastim polo ovratnikom, popolna za dneve tekem AC Milan in vsak dan. Ta dres, ki je na voljo v velikostih za odrasle S-2XL, je standardno oblikovan za optimalno udobje na igri\u0161\u010du in izven njega. Ta majica je izdelana iz lahkega poliestra in je zra\u010dna ter vklju\u010duje prepoznavno tehnologijo za odvajanje znoja Duracell, ki vas ohranja hladne in suhe.<\/p>\n<p>Tips for sokker: T-skjorten inkluderer ikke sokker som standard. Hvis du vil ha sokker, velger du sokkealternativene for \u00e5 betale for dem.<\/p>\n<p>Utskriftstips: Hvis navnet og nummeret i bildet er n\u00f8yaktig det du vil ha, trenger du ikke \u00e5 skrive det inn p\u00e5 nytt. Hvis det ikke er det, skriver du inn det navnet og nummeret du vil ha.<\/p>\n<p>Vasketips: Det anbefales \u00e5 vaske fotballtr\u00f8yene for h\u00e5nd. Hvis du vil bruke vaskemaskin, m\u00e5 du huske \u00e5 snu tr\u00f8yen og deretter vaske den. Fyll maskinen med kaldt vann og bruk en sk\u00e5nsom vaskesyklus for \u00e5 beskytte fargene bedre.<\/p>","protected":false},"excerpt":{"rendered":"<p>Bela majica za goste je oblikovana v klasi\u010dni barvi za AC Milan s popolnoma novim videzom za sezono 24\/25. Beli dres ima subtilno grafiko z navpi\u010dnimi \u010drtami. Rde\u010da in \u010drna obroba sedi okoli ovratnika in man\u0161et rokavov, \u010drni logotipi pa dopolnjujejo dizajn. Na voljo sta silikonsko natisnjena zna\u010dka AC Milan in dva toplotno nanesena sponzorska [&hellip;]<\/p>","protected":false},"featured_media":21999,"comment_status":"open","ping_status":"closed","template":"","meta":[],"product_brand":[],"product_cat":[73,46],"product_tag":[1002,1560,1205,220,1003,159,1001,148,1204,147],"class_list":{"0":"post-21997","1":"product","2":"type-product","3":"status-publish","4":"has-post-thumbnail","6":"product_cat-otroski","7":"product_cat-nogometni-dresi-ac-milan","8":"product_tag-dresi-ac-milan-za-otroke","9":"product_tag-ismael-bennacer-dresi","10":"product_tag-nogometni-dresi-ac-milan-z-lastnim-imenom","11":"product_tag-nogometni-dresi-za-otroke","12":"product_tag-otroski-dresi-ac-milan-z-lastnim-imenom","13":"product_tag-otroski-nogometni-dresi","14":"product_tag-otroski-nogometni-dresi-ac-milan","15":"product_tag-poceni-nogometni-dresi","16":"product_tag-poceni-nogometni-dresi-ac-milan","17":"product_tag-slovenski-nogometni-dresi","19":"first","20":"instock","21":"shipping-taxable","22":"purchasable","23":"product-type-variable"},"_links":{"self":[{"href":"https:\/\/www.nogometnizaotroke.com\/nb\/wp-json\/wp\/v2\/product\/21997","targetHints":{"allow":["GET"]}}],"collection":[{"href":"https:\/\/www.nogometnizaotroke.com\/nb\/wp-json\/wp\/v2\/product"}],"about":[{"href":"https:\/\/www.nogometnizaotroke.com\/nb\/wp-json\/wp\/v2\/types\/product"}],"replies":[{"embeddable":true,"href":"https:\/\/www.nogometnizaotroke.com\/nb\/wp-json\/wp\/v2\/comments?post=21997"}],"wp:featuredmedia":[{"embeddable":true,"href":"https:\/\/www.nogometnizaotroke.com\/nb\/wp-json\/wp\/v2\/media\/21999"}],"wp:attachment":[{"href":"https:\/\/www.nogometnizaotroke.com\/nb\/wp-json\/wp\/v2\/media?parent=21997"}],"wp:term":[{"taxonomy":"product_brand","embeddable":true,"href":"https:\/\/www.nogometnizaotroke.com\/nb\/wp-json\/wp\/v2\/product_brand?post=21997"},{"taxonomy":"product_cat","embeddable":true,"href":"https:\/\/www.nogometnizaotroke.com\/nb\/wp-json\/wp\/v2\/product_cat?post=21997"},{"taxonomy":"product_tag","embeddable":true,"href":"https:\/\/www.nogometnizaotroke.com\/nb\/wp-json\/wp\/v2\/product_tag?post=21997"}],"curies":[{"name":"wp","href":"https:\/\/api.w.org\/{rel}","templated":true}]}}