{"id":21921,"date":"2024-12-13T03:04:58","date_gmt":"2024-12-13T03:04:58","guid":{"rendered":"https:\/\/www.nogometnionline.com\/?post_type=product&#038;p=21921"},"modified":"2024-12-13T03:05:01","modified_gmt":"2024-12-13T03:05:01","slug":"otroski-nogometni-dresi-kompleti-za-otroke-ac-milan-domaci-2024-25-rdeca-crna-strahinja-pavlovic-31","status":"publish","type":"product","link":"https:\/\/www.nogometnizaotroke.com\/nb\/product\/otroski-nogometni-dresi-kompleti-za-otroke-ac-milan-domaci-2024-25-rdeca-crna-strahinja-pavlovic-31\/","title":{"rendered":"Fotballtr\u00f8yer for barn AC Milan Hjem 2024-25 r\u00f8d svart Strahinja Pavlovic 31"},"content":{"rendered":"<p>Den nye hjemmebanetr\u00f8yen for AC Milan 24-25 g\u00e5r tilbake til et klassisk design etter forrige sesongs eksperimentelle tr\u00f8ye. Den har klubbens r\u00f8de og svarte striper kombinert med hvite logoer, og p\u00e5 innsiden av de r\u00f8de stripene er det et veldig subtilt design, sannsynligvis knyttet til klubbens 125-\u00e5rsjubileum. Milan ble grunnlagt i 1899, for 125 \u00e5r siden fra i dag.<\/p>\n<p>Tips for sokker: T-skjorten inkluderer ikke sokker som standard. Hvis du vil ha sokker, velger du sokkealternativene for \u00e5 betale for dem.<\/p>\n<p>Utskriftstips: Hvis navnet og nummeret i bildet er n\u00f8yaktig det du vil ha, trenger du ikke \u00e5 skrive det inn p\u00e5 nytt. Hvis det ikke er det, skriver du inn det navnet og nummeret du vil ha.<\/p>\n<p>Vasketips: Det anbefales \u00e5 vaske fotballtr\u00f8yene for h\u00e5nd. Hvis du vil bruke vaskemaskin, m\u00e5 du huske \u00e5 snu tr\u00f8yen og deretter vaske den. Fyll maskinen med kaldt vann og bruk en sk\u00e5nsom vaskesyklus for \u00e5 beskytte fargene bedre.<\/p>","protected":false},"excerpt":{"rendered":"<p>Novi doma\u010di dres AC Milan 24-25 se vra\u010da h klasi\u010dnemu dizajnu, potem ko je bil dres prej\u0161nje sezone eksperimentalen. Vsebuje rde\u010de in \u010drne \u010drte kluba v kombinaciji z belimi logotipi.Znotraj rde\u010dih \u010drt je zelo subtilen dizajn, ki je verjetno povezan s 125-letnico kluba. Milano je bilo ustanovljeno leta 1899, pred 125 leti od danes. Nasveti [&hellip;]<\/p>","protected":false},"featured_media":21923,"comment_status":"open","ping_status":"closed","template":"","meta":[],"product_brand":[],"product_cat":[73,46],"product_tag":[1002,153,220,1003,159,1001,148,147,1438],"class_list":{"0":"post-21921","1":"product","2":"type-product","3":"status-publish","4":"has-post-thumbnail","6":"product_cat-otroski","7":"product_cat-nogometni-dresi-ac-milan","8":"product_tag-dresi-ac-milan-za-otroke","9":"product_tag-nogometni-dresi","10":"product_tag-nogometni-dresi-za-otroke","11":"product_tag-otroski-dresi-ac-milan-z-lastnim-imenom","12":"product_tag-otroski-nogometni-dresi","13":"product_tag-otroski-nogometni-dresi-ac-milan","14":"product_tag-poceni-nogometni-dresi","15":"product_tag-slovenski-nogometni-dresi","16":"product_tag-strahinja-pavlovic-dresi","18":"first","19":"instock","20":"shipping-taxable","21":"purchasable","22":"product-type-variable"},"_links":{"self":[{"href":"https:\/\/www.nogometnizaotroke.com\/nb\/wp-json\/wp\/v2\/product\/21921","targetHints":{"allow":["GET"]}}],"collection":[{"href":"https:\/\/www.nogometnizaotroke.com\/nb\/wp-json\/wp\/v2\/product"}],"about":[{"href":"https:\/\/www.nogometnizaotroke.com\/nb\/wp-json\/wp\/v2\/types\/product"}],"replies":[{"embeddable":true,"href":"https:\/\/www.nogometnizaotroke.com\/nb\/wp-json\/wp\/v2\/comments?post=21921"}],"wp:featuredmedia":[{"embeddable":true,"href":"https:\/\/www.nogometnizaotroke.com\/nb\/wp-json\/wp\/v2\/media\/21923"}],"wp:attachment":[{"href":"https:\/\/www.nogometnizaotroke.com\/nb\/wp-json\/wp\/v2\/media?parent=21921"}],"wp:term":[{"taxonomy":"product_brand","embeddable":true,"href":"https:\/\/www.nogometnizaotroke.com\/nb\/wp-json\/wp\/v2\/product_brand?post=21921"},{"taxonomy":"product_cat","embeddable":true,"href":"https:\/\/www.nogometnizaotroke.com\/nb\/wp-json\/wp\/v2\/product_cat?post=21921"},{"taxonomy":"product_tag","embeddable":true,"href":"https:\/\/www.nogometnizaotroke.com\/nb\/wp-json\/wp\/v2\/product_tag?post=21921"}],"curies":[{"name":"wp","href":"https:\/\/api.w.org\/{rel}","templated":true}]}}