{"id":21834,"date":"2024-12-12T07:53:32","date_gmt":"2024-12-12T07:53:32","guid":{"rendered":"https:\/\/www.nogometnionline.com\/?post_type=product&#038;p=21834"},"modified":"2024-12-12T07:53:35","modified_gmt":"2024-12-12T07:53:35","slug":"otroski-nogometni-dresi-kompleti-za-otroke-ac-milan-tretji-2024-25-alvaro-morata-7","status":"publish","type":"product","link":"https:\/\/www.nogometnizaotroke.com\/nb\/product\/otroski-nogometni-dresi-kompleti-za-otroke-ac-milan-tretji-2024-25-alvaro-morata-7\/","title":{"rendered":"Fotballtr\u00f8yer for barn AC Milan Third 2024-25 Alvaro Morata 7"},"content":{"rendered":"<p>Novi tretji dres A.C. 2024-25 Milan zdru\u017euje glavno sivo barvo z mint zelenimi poudarki. Uradne barve so \u201cShadow Gray\/Fresh Mint\u201d.Sivi dres Milan zaznamuje to\u010dno 20 let, odkar je Milan zadnji\u010d nosil sivi tretji dres v sezoni 2003-04.Milan grb, ovratnik in man\u0161ete so v sve\u017ei meti. Vendar pa so podrobnosti na sponzorjih in sprednjem ovratniku svetlo ro\u017enato sive barve.<\/p>\n<p>Tips for sokker: T-skjorten inkluderer ikke sokker som standard. Hvis du vil ha sokker, velger du sokkealternativene for \u00e5 betale for dem.<\/p>\n<p>Utskriftstips: Hvis navnet og nummeret i bildet er n\u00f8yaktig det du vil ha, trenger du ikke \u00e5 skrive det inn p\u00e5 nytt. Hvis det ikke er det, skriver du inn det navnet og nummeret du vil ha.<\/p>\n<p>Vasketips: Det anbefales \u00e5 vaske fotballtr\u00f8yene for h\u00e5nd. Hvis du vil bruke vaskemaskin, m\u00e5 du huske \u00e5 snu tr\u00f8yen og deretter vaske den. Fyll maskinen med kaldt vann og bruk en sk\u00e5nsom vaskesyklus for \u00e5 beskytte fargene bedre.<\/p>","protected":false},"excerpt":{"rendered":"<p>Novi tretji dres A.C. 2024-25 Milan zdru\u017euje glavno sivo barvo z mint zelenimi poudarki. Uradne barve so \u201cShadow Gray\/Fresh Mint\u201d.Sivi dres Milan zaznamuje to\u010dno 20 let, odkar je Milan zadnji\u010d nosil sivi tretji dres v sezoni 2003-04.Milan grb, ovratnik in man\u0161ete so v sve\u017ei meti. Vendar pa so podrobnosti na sponzorjih in sprednjem ovratniku svetlo [&hellip;]<\/p>","protected":false},"featured_media":21837,"comment_status":"open","ping_status":"closed","template":"","meta":[],"product_brand":[],"product_cat":[73,46],"product_tag":[935,1002,1205,220,1003,159,1001,148,1204,147],"class_list":{"0":"post-21834","1":"product","2":"type-product","3":"status-publish","4":"has-post-thumbnail","6":"product_cat-otroski","7":"product_cat-nogometni-dresi-ac-milan","8":"product_tag-alvaro-morata-dresi","9":"product_tag-dresi-ac-milan-za-otroke","10":"product_tag-nogometni-dresi-ac-milan-z-lastnim-imenom","11":"product_tag-nogometni-dresi-za-otroke","12":"product_tag-otroski-dresi-ac-milan-z-lastnim-imenom","13":"product_tag-otroski-nogometni-dresi","14":"product_tag-otroski-nogometni-dresi-ac-milan","15":"product_tag-poceni-nogometni-dresi","16":"product_tag-poceni-nogometni-dresi-ac-milan","17":"product_tag-slovenski-nogometni-dresi","19":"first","20":"instock","21":"shipping-taxable","22":"purchasable","23":"product-type-variable"},"_links":{"self":[{"href":"https:\/\/www.nogometnizaotroke.com\/nb\/wp-json\/wp\/v2\/product\/21834","targetHints":{"allow":["GET"]}}],"collection":[{"href":"https:\/\/www.nogometnizaotroke.com\/nb\/wp-json\/wp\/v2\/product"}],"about":[{"href":"https:\/\/www.nogometnizaotroke.com\/nb\/wp-json\/wp\/v2\/types\/product"}],"replies":[{"embeddable":true,"href":"https:\/\/www.nogometnizaotroke.com\/nb\/wp-json\/wp\/v2\/comments?post=21834"}],"wp:featuredmedia":[{"embeddable":true,"href":"https:\/\/www.nogometnizaotroke.com\/nb\/wp-json\/wp\/v2\/media\/21837"}],"wp:attachment":[{"href":"https:\/\/www.nogometnizaotroke.com\/nb\/wp-json\/wp\/v2\/media?parent=21834"}],"wp:term":[{"taxonomy":"product_brand","embeddable":true,"href":"https:\/\/www.nogometnizaotroke.com\/nb\/wp-json\/wp\/v2\/product_brand?post=21834"},{"taxonomy":"product_cat","embeddable":true,"href":"https:\/\/www.nogometnizaotroke.com\/nb\/wp-json\/wp\/v2\/product_cat?post=21834"},{"taxonomy":"product_tag","embeddable":true,"href":"https:\/\/www.nogometnizaotroke.com\/nb\/wp-json\/wp\/v2\/product_tag?post=21834"}],"curies":[{"name":"wp","href":"https:\/\/api.w.org\/{rel}","templated":true}]}}