{"id":21750,"date":"2024-12-11T12:12:59","date_gmt":"2024-12-11T12:12:59","guid":{"rendered":"https:\/\/www.nogometnionline.com\/?post_type=product&#038;p=21750"},"modified":"2024-12-11T12:13:02","modified_gmt":"2024-12-11T12:13:02","slug":"otroski-nogometni-dresi-kompleti-za-otroke-bvb-borussia-dortmund-tretji-2024-25-marcel-sabitzer-20","status":"publish","type":"product","link":"https:\/\/www.nogometnizaotroke.com\/nb\/product\/otroski-nogometni-dresi-kompleti-za-otroke-bvb-borussia-dortmund-tretji-2024-25-marcel-sabitzer-20\/","title":{"rendered":"Fotballtr\u00f8yer for barn Drakter for barn BVB Borussia Dortmund Third 2024-25 Marcel Sabitzer 20"},"content":{"rendered":"<p>Novi tretji dres Dortmund 24-25 zdru\u017euje glavno belo barvo z znamenito \u010drno in rumeno barvo BVB.Grb BVB je v beli barvi, medtem ko sponzor 1&amp;1 izstopata v beli in \u010drni barvi \u2013 neposre\u010dena izbira, saj klub nikoli ne bi smel biti tako neviden kot sponzor.Kar nam je v\u0161e\u010d pri tretji dresi BVB 2024-25, so \u010drne in rumene man\u0161ete na rokavih. Velika ovratnica pa je popolnoma \u010drna. Verjetno bi bilo videti \u0161e bolje, \u010de bi se ujemala z man\u0161etami, na primer z rumeno \u010drto po sredini.<\/p>\n<p>Tips for sokker: T-skjorten inkluderer ikke sokker som standard. Hvis du vil ha sokker, velger du sokkealternativene for \u00e5 betale for dem.<\/p>\n<p>Utskriftstips: Hvis navnet og nummeret i bildet er n\u00f8yaktig det du vil ha, trenger du ikke \u00e5 skrive det inn p\u00e5 nytt. Hvis det ikke er det, skriver du inn det navnet og nummeret du vil ha.<\/p>\n<p>Vasketips: Det anbefales \u00e5 vaske fotballtr\u00f8yene for h\u00e5nd. Hvis du vil bruke vaskemaskin, m\u00e5 du huske \u00e5 snu tr\u00f8yen og deretter vaske den. Fyll maskinen med kaldt vann og bruk en sk\u00e5nsom vaskesyklus for \u00e5 beskytte fargene bedre.<\/p>","protected":false},"excerpt":{"rendered":"<p>Novi tretji dres Dortmund 24-25 zdru\u017euje glavno belo barvo z znamenito \u010drno in rumeno barvo BVB.Grb BVB je v beli barvi, medtem ko sponzor 1&amp;1 izstopata v beli in \u010drni barvi \u2013 neposre\u010dena izbira, saj klub nikoli ne bi smel biti tako neviden kot sponzor.Kar nam je v\u0161e\u010d pri tretji dresi BVB 2024-25, so \u010drne [&hellip;]<\/p>","protected":false},"featured_media":21752,"comment_status":"open","ping_status":"closed","template":"","meta":[],"product_brand":[],"product_cat":[73,45],"product_tag":[1541,866,153,1542,159,1540,148,195,147],"class_list":{"0":"post-21750","1":"product","2":"type-product","3":"status-publish","4":"has-post-thumbnail","6":"product_cat-otroski","7":"product_cat-nogometni-dresi-dortmund","8":"product_tag-dresi-borussia-dortmund-za-otroke","9":"product_tag-marcel-sabitzer-dresi","10":"product_tag-nogometni-dresi","11":"product_tag-otroski-dresi-borussia-dortmund-z-lastnim-imenom","12":"product_tag-otroski-nogometni-dresi","13":"product_tag-otroski-nogometni-dresi-borussia-dortmund","14":"product_tag-poceni-nogometni-dresi","15":"product_tag-poceni-otroski-nogometni-dresi-dortmund-z-lastnim-imenom","16":"product_tag-slovenski-nogometni-dresi","18":"first","19":"instock","20":"shipping-taxable","21":"purchasable","22":"product-type-variable"},"_links":{"self":[{"href":"https:\/\/www.nogometnizaotroke.com\/nb\/wp-json\/wp\/v2\/product\/21750","targetHints":{"allow":["GET"]}}],"collection":[{"href":"https:\/\/www.nogometnizaotroke.com\/nb\/wp-json\/wp\/v2\/product"}],"about":[{"href":"https:\/\/www.nogometnizaotroke.com\/nb\/wp-json\/wp\/v2\/types\/product"}],"replies":[{"embeddable":true,"href":"https:\/\/www.nogometnizaotroke.com\/nb\/wp-json\/wp\/v2\/comments?post=21750"}],"wp:featuredmedia":[{"embeddable":true,"href":"https:\/\/www.nogometnizaotroke.com\/nb\/wp-json\/wp\/v2\/media\/21752"}],"wp:attachment":[{"href":"https:\/\/www.nogometnizaotroke.com\/nb\/wp-json\/wp\/v2\/media?parent=21750"}],"wp:term":[{"taxonomy":"product_brand","embeddable":true,"href":"https:\/\/www.nogometnizaotroke.com\/nb\/wp-json\/wp\/v2\/product_brand?post=21750"},{"taxonomy":"product_cat","embeddable":true,"href":"https:\/\/www.nogometnizaotroke.com\/nb\/wp-json\/wp\/v2\/product_cat?post=21750"},{"taxonomy":"product_tag","embeddable":true,"href":"https:\/\/www.nogometnizaotroke.com\/nb\/wp-json\/wp\/v2\/product_tag?post=21750"}],"curies":[{"name":"wp","href":"https:\/\/api.w.org\/{rel}","templated":true}]}}