{"id":21586,"date":"2024-12-09T07:05:44","date_gmt":"2024-12-09T07:05:44","guid":{"rendered":"https:\/\/www.nogometnionline.com\/?post_type=product&#038;p=21586"},"modified":"2024-12-27T13:00:29","modified_gmt":"2024-12-27T13:00:29","slug":"otroski-nogometni-dresi-kompleti-za-otroke-bvb-borussia-dortmund-domaci-2024-25-felix-nmecha-8","status":"publish","type":"product","link":"https:\/\/www.nogometnizaotroke.com\/nb\/product\/otroski-nogometni-dresi-kompleti-za-otroke-bvb-borussia-dortmund-domaci-2024-25-felix-nmecha-8\/","title":{"rendered":"Fotballtr\u00f8yer for barn Drakter for barn BVB Borussia Dortmund Home 2024-25 Felix Nmecha 8"},"content":{"rendered":"<p>Borussia Dortmund Doma\u010di dresi 2024-25 nadaljuje ironi\u010den \u010crna in rumena dizajn, ki je sinonim za BVB. V skladu s klubsko dedi\u0161\u010dino je glavni del rumene barve s \u010drtastimi detajli, ki utele\u0161ajo bistvo Borussia Dortmund. \u010crni rokavi dopolnjujejo ovratnik z okroglim izrezom enake barve, kar daje majici \u010disti kroj.<\/p>\n<p>Tips for sokker: T-skjorten inkluderer ikke sokker som standard. Hvis du vil ha sokker, velger du sokkealternativene for \u00e5 betale for dem.<\/p>\n<p>Utskriftstips: Hvis navnet og nummeret i bildet er n\u00f8yaktig det du vil ha, trenger du ikke \u00e5 skrive det inn p\u00e5 nytt. Hvis det ikke er det, skriver du inn det navnet og nummeret du vil ha.<\/p>\n<p>Vasketips: Det anbefales \u00e5 vaske fotballtr\u00f8yene for h\u00e5nd. Hvis du vil bruke vaskemaskin, m\u00e5 du huske \u00e5 snu tr\u00f8yen og deretter vaske den. Fyll maskinen med kaldt vann og bruk en sk\u00e5nsom vaskesyklus for \u00e5 beskytte fargene bedre.<\/p>","protected":false},"excerpt":{"rendered":"<p>Borussia Dortmund Doma\u010di dresi 2024-25 nadaljuje ironi\u010den \u010crna in rumena dizajn, ki je sinonim za BVB. V skladu s klubsko dedi\u0161\u010dino je glavni del rumene barve s \u010drtastimi detajli, ki utele\u0161ajo bistvo Borussia Dortmund. \u010crni rokavi dopolnjujejo ovratnik z okroglim izrezom enake barve, kar daje majici \u010disti kroj. Nasveti za nogavice: Majica ne vsebuje nogavic [&hellip;]<\/p>","protected":false},"featured_media":21588,"comment_status":"open","ping_status":"closed","template":"","meta":[],"product_brand":[],"product_cat":[73,45],"product_tag":[1541,1550,153,1542,159,1540,148,195,147],"class_list":{"0":"post-21586","1":"product","2":"type-product","3":"status-publish","4":"has-post-thumbnail","6":"product_cat-otroski","7":"product_cat-nogometni-dresi-dortmund","8":"product_tag-dresi-borussia-dortmund-za-otroke","9":"product_tag-felix-nmecha-dresi","10":"product_tag-nogometni-dresi","11":"product_tag-otroski-dresi-borussia-dortmund-z-lastnim-imenom","12":"product_tag-otroski-nogometni-dresi","13":"product_tag-otroski-nogometni-dresi-borussia-dortmund","14":"product_tag-poceni-nogometni-dresi","15":"product_tag-poceni-otroski-nogometni-dresi-dortmund-z-lastnim-imenom","16":"product_tag-slovenski-nogometni-dresi","18":"first","19":"instock","20":"shipping-taxable","21":"purchasable","22":"product-type-variable"},"_links":{"self":[{"href":"https:\/\/www.nogometnizaotroke.com\/nb\/wp-json\/wp\/v2\/product\/21586","targetHints":{"allow":["GET"]}}],"collection":[{"href":"https:\/\/www.nogometnizaotroke.com\/nb\/wp-json\/wp\/v2\/product"}],"about":[{"href":"https:\/\/www.nogometnizaotroke.com\/nb\/wp-json\/wp\/v2\/types\/product"}],"replies":[{"embeddable":true,"href":"https:\/\/www.nogometnizaotroke.com\/nb\/wp-json\/wp\/v2\/comments?post=21586"}],"wp:featuredmedia":[{"embeddable":true,"href":"https:\/\/www.nogometnizaotroke.com\/nb\/wp-json\/wp\/v2\/media\/21588"}],"wp:attachment":[{"href":"https:\/\/www.nogometnizaotroke.com\/nb\/wp-json\/wp\/v2\/media?parent=21586"}],"wp:term":[{"taxonomy":"product_brand","embeddable":true,"href":"https:\/\/www.nogometnizaotroke.com\/nb\/wp-json\/wp\/v2\/product_brand?post=21586"},{"taxonomy":"product_cat","embeddable":true,"href":"https:\/\/www.nogometnizaotroke.com\/nb\/wp-json\/wp\/v2\/product_cat?post=21586"},{"taxonomy":"product_tag","embeddable":true,"href":"https:\/\/www.nogometnizaotroke.com\/nb\/wp-json\/wp\/v2\/product_tag?post=21586"}],"curies":[{"name":"wp","href":"https:\/\/api.w.org\/{rel}","templated":true}]}}