{"id":21491,"date":"2024-12-07T05:50:05","date_gmt":"2024-12-07T05:50:05","guid":{"rendered":"https:\/\/www.nogometnionline.com\/?post_type=product&#038;p=21491"},"modified":"2024-12-07T05:50:07","modified_gmt":"2024-12-07T05:50:07","slug":"otroski-nogometni-dresi-kompleti-za-otroke-tottenham-hotspur-tretji-2024-2025-radu-dragusin-6","status":"publish","type":"product","link":"https:\/\/www.nogometnizaotroke.com\/nb\/product\/otroski-nogometni-dresi-kompleti-za-otroke-tottenham-hotspur-tretji-2024-2025-radu-dragusin-6\/","title":{"rendered":"Fotballtr\u00f8yer for barn Fotballtr\u00f8yer for barn Tottenham Hotspur Third 2024-2025 Radu Dragusin 6"},"content":{"rendered":"<p>Tottenham Hotspur Tretji 2024-2025 ima zna\u010dilen dizajn, ki se poklanja koreninam kluba iz severnega Londona.Popolnoma zelen ansambel predstavlja edinstven vzorec, ki ga je navdihnila bogata zgodovina obmo\u010dja Tottenhama, zlasti legendarna drevesa \u2018Seven Sisters\u2019, ki so \u017ee dolgo lokalna znamenitost.<\/p>\n<p>Tips for sokker: T-skjorten inkluderer ikke sokker som standard. Hvis du vil ha sokker, velger du sokkealternativene for \u00e5 betale for dem.<\/p>\n<p>Utskriftstips: Hvis navnet og nummeret i bildet er n\u00f8yaktig det du vil ha, trenger du ikke \u00e5 skrive det inn p\u00e5 nytt. Hvis det ikke er det, skriver du inn det navnet og nummeret du vil ha.<\/p>\n<p>Vasketips: Det anbefales \u00e5 vaske fotballtr\u00f8yene for h\u00e5nd. Hvis du vil bruke vaskemaskin, m\u00e5 du huske \u00e5 snu tr\u00f8yen og deretter vaske den. Fyll maskinen med kaldt vann og bruk en sk\u00e5nsom vaskesyklus for \u00e5 beskytte fargene bedre.<\/p>","protected":false},"excerpt":{"rendered":"<p>Tottenham Hotspur Tretji 2024-2025 ima zna\u010dilen dizajn, ki se poklanja koreninam kluba iz severnega Londona.Popolnoma zelen ansambel predstavlja edinstven vzorec, ki ga je navdihnila bogata zgodovina obmo\u010dja Tottenhama, zlasti legendarna drevesa \u2018Seven Sisters\u2019, ki so \u017ee dolgo lokalna znamenitost. Nasveti za nogavice: Majica ne vsebuje nogavic privzeto. \u010ce \u017eelite nogavice, izberite mo\u017enosti nogavic, da jih [&hellip;]<\/p>","protected":false},"featured_media":21493,"comment_status":"open","ping_status":"closed","template":"","meta":[],"product_brand":[],"product_cat":[73,42],"product_tag":[220,591,159,148,590,1537,147],"class_list":{"0":"post-21491","1":"product","2":"type-product","3":"status-publish","4":"has-post-thumbnail","6":"product_cat-otroski","7":"product_cat-nogometni-dresi-tottenham-hotspur","8":"product_tag-nogometni-dresi-za-otroke","9":"product_tag-otroski-dresi-tottenham-hotspur-z-lastnim-imenom","10":"product_tag-otroski-nogometni-dresi","11":"product_tag-poceni-nogometni-dresi","12":"product_tag-poceni-nogometni-dresi-tottenham-hotspurz-lastnim-imenom-online","13":"product_tag-radu-dragusin-dresi","14":"product_tag-slovenski-nogometni-dresi","16":"first","17":"instock","18":"shipping-taxable","19":"purchasable","20":"product-type-variable"},"_links":{"self":[{"href":"https:\/\/www.nogometnizaotroke.com\/nb\/wp-json\/wp\/v2\/product\/21491","targetHints":{"allow":["GET"]}}],"collection":[{"href":"https:\/\/www.nogometnizaotroke.com\/nb\/wp-json\/wp\/v2\/product"}],"about":[{"href":"https:\/\/www.nogometnizaotroke.com\/nb\/wp-json\/wp\/v2\/types\/product"}],"replies":[{"embeddable":true,"href":"https:\/\/www.nogometnizaotroke.com\/nb\/wp-json\/wp\/v2\/comments?post=21491"}],"wp:featuredmedia":[{"embeddable":true,"href":"https:\/\/www.nogometnizaotroke.com\/nb\/wp-json\/wp\/v2\/media\/21493"}],"wp:attachment":[{"href":"https:\/\/www.nogometnizaotroke.com\/nb\/wp-json\/wp\/v2\/media?parent=21491"}],"wp:term":[{"taxonomy":"product_brand","embeddable":true,"href":"https:\/\/www.nogometnizaotroke.com\/nb\/wp-json\/wp\/v2\/product_brand?post=21491"},{"taxonomy":"product_cat","embeddable":true,"href":"https:\/\/www.nogometnizaotroke.com\/nb\/wp-json\/wp\/v2\/product_cat?post=21491"},{"taxonomy":"product_tag","embeddable":true,"href":"https:\/\/www.nogometnizaotroke.com\/nb\/wp-json\/wp\/v2\/product_tag?post=21491"}],"curies":[{"name":"wp","href":"https:\/\/api.w.org\/{rel}","templated":true}]}}