{"id":21290,"date":"2024-12-04T03:59:24","date_gmt":"2024-12-04T03:59:24","guid":{"rendered":"https:\/\/www.nogometnionline.com\/?post_type=product&#038;p=21290"},"modified":"2024-12-12T09:03:16","modified_gmt":"2024-12-12T09:03:16","slug":"otroski-nogometni-dresi-kompleti-inter-miami-cf-tretji-2024-2025-lionel-messi-10","status":"publish","type":"product","link":"https:\/\/www.nogometnizaotroke.com\/nb\/product\/otroski-nogometni-dresi-kompleti-inter-miami-cf-tretji-2024-2025-lionel-messi-10\/","title":{"rendered":"Fotballtr\u00f8yer for barn Inter Miami CF Third 2024-2025 Lionel Messi 10"},"content":{"rendered":"<p>Dres Inter Miami FC 2024-2025 Lionel Messi 10 ima novo barvo, ki iz\u017eareva vzdu\u0161je ekipe NFL Miami Dolphins, pri \u010demer je ta tretji dres svetlo modre barve s \u010drtami. Bela in oran\u017ena obroba ter logotipi odli\u010dno dopolnjujejo modro in ustvarjajo sodoben in eleganten videz, ki je priljubljen med najstni\u0161kimi navija\u010di. Na sprednji strani dresa sta v celoti izvezen grb in logotip Inter Miami FC s toplotno vtisnjenim besedilom &#8220;MIAMI&#8221; na sredini. Messi 10 je natisnjen na zadnji strani dresa.<\/p>\n<p>Ta majica zdru\u017euje udobje in zmogljivost. Tretji dres za fante Inter Miami s potiskom Messi 10 ima kratke rokave in okrogel ovratnik ter je primeren za otroke od 7 do 14 let. \u010ce je va\u0161 otrok navdu\u0161en igralec nogometa, je ta majica izdelana iz lahkega, zra\u010dnega poliestra in ima funkcijo Aeroready za odvajanje vlage za u\u010dinkovito odvajanje znoja.<\/p>\n<p>Pohitite in kliknite \u00bbdodaj v ko\u0161arico\u00ab ter opravite spletno nakupovanje, da si zagotovite Otro\u0161ki Inter Miami\u00a0 Tretji\u00a0 dres 2024 Messi 10, preden bo razprodan. Imamo tudi majice Messi doma in v gosteh v mladinskih velikostih, zato poskrbite, da se bo va\u0161 otrok po\u010dutil kot del ekipe na vsaki tekmi in naro\u010dite zdaj.<\/p>\n<p>Tips for sokker: T-skjorten inkluderer ikke sokker som standard. Hvis du vil ha sokker, velger du sokkealternativene for \u00e5 betale for dem.<\/p>\n<p>Utskriftstips: Hvis navnet og nummeret i bildet er n\u00f8yaktig det du vil ha, trenger du ikke \u00e5 skrive det inn p\u00e5 nytt. Hvis det ikke er det, skriver du inn det navnet og nummeret du vil ha.<\/p>\n<p>Vasketips: Det anbefales \u00e5 vaske fotballtr\u00f8yene for h\u00e5nd. Hvis du vil bruke vaskemaskin, m\u00e5 du huske \u00e5 snu tr\u00f8yen og deretter vaske den. Fyll maskinen med kaldt vann og bruk en sk\u00e5nsom vaskesyklus for \u00e5 beskytte fargene bedre.<\/p>","protected":false},"excerpt":{"rendered":"<p>Dres Inter Miami FC 2024-2025 Lionel Messi 10 ima novo barvo, ki iz\u017eareva vzdu\u0161je ekipe NFL Miami Dolphins, pri \u010demer je ta tretji dres svetlo modre barve s \u010drtami. Bela in oran\u017ena obroba ter logotipi odli\u010dno dopolnjujejo modro in ustvarjajo sodoben in eleganten videz, ki je priljubljen med najstni\u0161kimi navija\u010di. Na sprednji strani dresa sta [&hellip;]<\/p>","protected":false},"featured_media":21292,"comment_status":"open","ping_status":"closed","template":"","meta":[],"product_brand":[],"product_cat":[353,73],"product_tag":[1383,346,1087,153,1085,1384,1382,148,1084,348,147],"class_list":{"0":"post-21290","1":"product","2":"type-product","3":"status-publish","4":"has-post-thumbnail","6":"product_cat-nogometni-dresi-inter-miami","7":"product_cat-otroski","8":"product_tag-dresi-inter-miami-za-otroke","9":"product_tag-inter-miami-dres","10":"product_tag-lionel-messi-dresi","11":"product_tag-nogometni-dresi","12":"product_tag-nogometni-dresi-inter-miami-z-lastnim-imenom","13":"product_tag-otroski-dresi-inter-miami-z-lastnim-imenom","14":"product_tag-otroski-nogometni-dresi-inter-miami","15":"product_tag-poceni-nogometni-dresi","16":"product_tag-poceni-nogometni-dresi-inter-miami","17":"product_tag-poceni-nogometni-dresi-inter-miami-z-lastnim-imenom-online","18":"product_tag-slovenski-nogometni-dresi","20":"first","21":"instock","22":"shipping-taxable","23":"purchasable","24":"product-type-variable"},"_links":{"self":[{"href":"https:\/\/www.nogometnizaotroke.com\/nb\/wp-json\/wp\/v2\/product\/21290","targetHints":{"allow":["GET"]}}],"collection":[{"href":"https:\/\/www.nogometnizaotroke.com\/nb\/wp-json\/wp\/v2\/product"}],"about":[{"href":"https:\/\/www.nogometnizaotroke.com\/nb\/wp-json\/wp\/v2\/types\/product"}],"replies":[{"embeddable":true,"href":"https:\/\/www.nogometnizaotroke.com\/nb\/wp-json\/wp\/v2\/comments?post=21290"}],"wp:featuredmedia":[{"embeddable":true,"href":"https:\/\/www.nogometnizaotroke.com\/nb\/wp-json\/wp\/v2\/media\/21292"}],"wp:attachment":[{"href":"https:\/\/www.nogometnizaotroke.com\/nb\/wp-json\/wp\/v2\/media?parent=21290"}],"wp:term":[{"taxonomy":"product_brand","embeddable":true,"href":"https:\/\/www.nogometnizaotroke.com\/nb\/wp-json\/wp\/v2\/product_brand?post=21290"},{"taxonomy":"product_cat","embeddable":true,"href":"https:\/\/www.nogometnizaotroke.com\/nb\/wp-json\/wp\/v2\/product_cat?post=21290"},{"taxonomy":"product_tag","embeddable":true,"href":"https:\/\/www.nogometnizaotroke.com\/nb\/wp-json\/wp\/v2\/product_tag?post=21290"}],"curies":[{"name":"wp","href":"https:\/\/api.w.org\/{rel}","templated":true}]}}