{"id":21287,"date":"2024-12-04T03:51:26","date_gmt":"2024-12-04T03:51:26","guid":{"rendered":"https:\/\/www.nogometnionline.com\/?post_type=product&#038;p=21287"},"modified":"2024-12-04T04:10:25","modified_gmt":"2024-12-04T04:10:25","slug":"otroski-nogometni-dresi-kompleti-za-otroke-inter-miami-cf-gostujoci-2024-2025-lionel-messi-10","status":"publish","type":"product","link":"https:\/\/www.nogometnizaotroke.com\/nb\/product\/otroski-nogometni-dresi-kompleti-za-otroke-inter-miami-cf-gostujoci-2024-2025-lionel-messi-10\/","title":{"rendered":"Fotballtr\u00f8yer for barn Inter Miami CF Borte 2024 2025 Lionel Messi 10"},"content":{"rendered":"<p>Inter Miami CF Gostujo\u010di dresi 2024 2025 Lionel Messi 10 Posodobi ta gostujo\u010da majica z znanim \u010drnim dizajnom in subtilnim valovitim vzorcem, s krepkim ro\u017enatim logotipom sponzorstva Royal Caribbean na sredini. Roza obroba, obroba rokavov in ovratnika odli\u010dno poudarijo \u010drno nogometno majico. Silikonska zna\u010dka Inter Miami CF krasi sprednjo stran, da ohrani videz lahkotnosti. Na zadnji strani dresa je uradni napis Messi 10.<\/p>\n<p>Ta majica je ozkega kroja in nudi odli\u010dno odpornost proti znojenju in zra\u010dnost, zato vas ohranja hladne in suhe kot sam Messi. Tako kot igra na igri\u0161\u010du je ta nogometni dres popoln za izkazovanje va\u0161e zvestobe va\u0161i ekipi in njenemu dresu \u0161t. 10 na dan tekme in vsak dan.<\/p>\n<p>Ne \u010dakajte, ta dres je zelo priljubljen. Kliknite \u00bbDodaj v ko\u0161arico\u00ab, \u010de \u017eelite svoj avtenti\u010dni Inter Miami Messi 2023\/24 10 gostujo\u010di dres naro\u010diti prek spleta. V ponudbi imamo tudi stadionske drese in novi doma\u010di dres 2024. Pripravite se na sezono MLS 2024 in kupite zdaj.<\/p>\n<p>Tips for sokker: T-skjorten inkluderer ikke sokker som standard. Hvis du vil ha sokker, velger du sokkealternativene for \u00e5 betale for dem.<\/p>\n<p>Utskriftstips: Hvis navnet og nummeret i bildet er n\u00f8yaktig det du vil ha, trenger du ikke \u00e5 skrive det inn p\u00e5 nytt. Hvis det ikke er det, skriver du inn det navnet og nummeret du vil ha.<\/p>\n<p>Vasketips: Det anbefales \u00e5 vaske fotballtr\u00f8yene for h\u00e5nd. Hvis du vil bruke vaskemaskin, m\u00e5 du huske \u00e5 snu tr\u00f8yen og deretter vaske den. Fyll maskinen med kaldt vann og bruk en sk\u00e5nsom vaskesyklus for \u00e5 beskytte fargene bedre.<\/p>","protected":false},"excerpt":{"rendered":"<p>Inter Miami CF Gostujo\u010di dresi 2024 2025 Lionel Messi 10 Posodobi ta gostujo\u010da majica z znanim \u010drnim dizajnom in subtilnim valovitim vzorcem, s krepkim ro\u017enatim logotipom sponzorstva Royal Caribbean na sredini. Roza obroba, obroba rokavov in ovratnika odli\u010dno poudarijo \u010drno nogometno majico. Silikonska zna\u010dka Inter Miami CF krasi sprednjo stran, da ohrani videz lahkotnosti. Na [&hellip;]<\/p>","protected":false},"featured_media":21289,"comment_status":"open","ping_status":"closed","template":"","meta":[],"product_brand":[],"product_cat":[353,73],"product_tag":[1383,346,1087,153,1085,1384,1382,148,1084,348,147],"class_list":{"0":"post-21287","1":"product","2":"type-product","3":"status-publish","4":"has-post-thumbnail","6":"product_cat-nogometni-dresi-inter-miami","7":"product_cat-otroski","8":"product_tag-dresi-inter-miami-za-otroke","9":"product_tag-inter-miami-dres","10":"product_tag-lionel-messi-dresi","11":"product_tag-nogometni-dresi","12":"product_tag-nogometni-dresi-inter-miami-z-lastnim-imenom","13":"product_tag-otroski-dresi-inter-miami-z-lastnim-imenom","14":"product_tag-otroski-nogometni-dresi-inter-miami","15":"product_tag-poceni-nogometni-dresi","16":"product_tag-poceni-nogometni-dresi-inter-miami","17":"product_tag-poceni-nogometni-dresi-inter-miami-z-lastnim-imenom-online","18":"product_tag-slovenski-nogometni-dresi","20":"first","21":"instock","22":"shipping-taxable","23":"purchasable","24":"product-type-variable"},"_links":{"self":[{"href":"https:\/\/www.nogometnizaotroke.com\/nb\/wp-json\/wp\/v2\/product\/21287","targetHints":{"allow":["GET"]}}],"collection":[{"href":"https:\/\/www.nogometnizaotroke.com\/nb\/wp-json\/wp\/v2\/product"}],"about":[{"href":"https:\/\/www.nogometnizaotroke.com\/nb\/wp-json\/wp\/v2\/types\/product"}],"replies":[{"embeddable":true,"href":"https:\/\/www.nogometnizaotroke.com\/nb\/wp-json\/wp\/v2\/comments?post=21287"}],"wp:featuredmedia":[{"embeddable":true,"href":"https:\/\/www.nogometnizaotroke.com\/nb\/wp-json\/wp\/v2\/media\/21289"}],"wp:attachment":[{"href":"https:\/\/www.nogometnizaotroke.com\/nb\/wp-json\/wp\/v2\/media?parent=21287"}],"wp:term":[{"taxonomy":"product_brand","embeddable":true,"href":"https:\/\/www.nogometnizaotroke.com\/nb\/wp-json\/wp\/v2\/product_brand?post=21287"},{"taxonomy":"product_cat","embeddable":true,"href":"https:\/\/www.nogometnizaotroke.com\/nb\/wp-json\/wp\/v2\/product_cat?post=21287"},{"taxonomy":"product_tag","embeddable":true,"href":"https:\/\/www.nogometnizaotroke.com\/nb\/wp-json\/wp\/v2\/product_tag?post=21287"}],"curies":[{"name":"wp","href":"https:\/\/api.w.org\/{rel}","templated":true}]}}