{"id":20952,"date":"2024-11-28T02:54:39","date_gmt":"2024-11-28T02:54:39","guid":{"rendered":"https:\/\/www.nogometnionline.com\/?post_type=product&#038;p=20952"},"modified":"2024-11-28T02:54:41","modified_gmt":"2024-11-28T02:54:41","slug":"poceni-nogometni-dresi-kompleti-francija-domaci-ep-2024-theo-hernandez-22","status":"publish","type":"product","link":"https:\/\/www.nogometnizaotroke.com\/nb\/product\/poceni-nogometni-dresi-kompleti-francija-domaci-ep-2024-theo-hernandez-22\/","title":{"rendered":"Billige fotballtr\u00f8yer drakter Frankrike Hjem EP 2024 Theo Hernandez 22"},"content":{"rendered":"<p>Frankrikes landslag Hjemmetr\u00f8yen til EM 2024 har et klassisk, men elegant design. Den er hovedsakelig \"lysebl\u00e5\", noe som er et avvik fra det marinebl\u00e5 fargeskjemaet fra 2022. Kombinert med denne bl\u00e5 nyansen er \"universitetsr\u00f8dt\" og hvitt.<br \/>\nDet mest i\u00f8ynefallende med France 2024-tr\u00f8yen er v\u00e5penskjoldet. Swoosh har lansert et nytt klassisk fargevalg av den ber\u00f8mte FFF-logoen, og v\u00e5penskjoldet er ogs\u00e5 av gigantisk st\u00f8rrelse. Kragen har en trompet og en unik forskj\u00f8vet v-konstruksjon.<\/p>\n<p>Tips for sokker: T-skjorten inkluderer ikke sokker som standard. Hvis du vil ha sokker, velger du sokkealternativene for \u00e5 betale for dem.<\/p>\n<p>Utskriftstips: Hvis navnet og nummeret i bildet er n\u00f8yaktig det du vil ha, trenger du ikke \u00e5 skrive det inn p\u00e5 nytt. Hvis det ikke er det, skriver du inn det navnet og nummeret du vil ha.<\/p>\n<p>Vasketips: Det anbefales \u00e5 vaske fotballtr\u00f8yene for h\u00e5nd. Hvis du vil bruke vaskemaskin, m\u00e5 du huske \u00e5 snu tr\u00f8yen og deretter vaske den. Fyll maskinen med kaldt vann og bruk en sk\u00e5nsom vaskesyklus for \u00e5 beskytte fargene bedre.<\/p>","protected":false},"excerpt":{"rendered":"<p>Francija Reprezentance Doma\u010di EM 2024 dresi ima klasi\u010den, a eleganten dizajn. V glavnem je \u201csvetlo modra\u201d, ki se odmika od mornarske barvne sheme leta 2022. V kombinaciji s tem modrim odtenkom sta \u201cuniverzitetna rde\u010da\u201d in bela. Kar je najbolj presenetljivo pri dresu Francije 2024, je grb. Swoosh se je za\u010del novo klasi\u010dno barvno shemo slavnega [&hellip;]<\/p>","protected":false},"featured_media":20954,"comment_status":"open","ping_status":"closed","template":"","meta":[],"product_brand":[],"product_cat":[778,140,76],"product_tag":[786,150,153,148,147,1209],"class_list":{"0":"post-20952","1":"product","2":"type-product","3":"status-publish","4":"has-post-thumbnail","6":"product_cat-euro-2024","7":"product_cat-moski","8":"product_cat-dresi-francija-reprezentance","9":"product_tag-francija-euro-2024-dresi","10":"product_tag-moski-nogometni-dresi","11":"product_tag-nogometni-dresi","12":"product_tag-poceni-nogometni-dresi","13":"product_tag-slovenski-nogometni-dresi","14":"product_tag-theo-hernandez-dresi","16":"first","17":"instock","18":"shipping-taxable","19":"purchasable","20":"product-type-variable"},"_links":{"self":[{"href":"https:\/\/www.nogometnizaotroke.com\/nb\/wp-json\/wp\/v2\/product\/20952","targetHints":{"allow":["GET"]}}],"collection":[{"href":"https:\/\/www.nogometnizaotroke.com\/nb\/wp-json\/wp\/v2\/product"}],"about":[{"href":"https:\/\/www.nogometnizaotroke.com\/nb\/wp-json\/wp\/v2\/types\/product"}],"replies":[{"embeddable":true,"href":"https:\/\/www.nogometnizaotroke.com\/nb\/wp-json\/wp\/v2\/comments?post=20952"}],"wp:featuredmedia":[{"embeddable":true,"href":"https:\/\/www.nogometnizaotroke.com\/nb\/wp-json\/wp\/v2\/media\/20954"}],"wp:attachment":[{"href":"https:\/\/www.nogometnizaotroke.com\/nb\/wp-json\/wp\/v2\/media?parent=20952"}],"wp:term":[{"taxonomy":"product_brand","embeddable":true,"href":"https:\/\/www.nogometnizaotroke.com\/nb\/wp-json\/wp\/v2\/product_brand?post=20952"},{"taxonomy":"product_cat","embeddable":true,"href":"https:\/\/www.nogometnizaotroke.com\/nb\/wp-json\/wp\/v2\/product_cat?post=20952"},{"taxonomy":"product_tag","embeddable":true,"href":"https:\/\/www.nogometnizaotroke.com\/nb\/wp-json\/wp\/v2\/product_tag?post=20952"}],"curies":[{"name":"wp","href":"https:\/\/api.w.org\/{rel}","templated":true}]}}